{"id":7191,"date":"2024-01-31T17:40:22","date_gmt":"2024-01-31T14:40:22","guid":{"rendered":"https:\/\/srdmakine.com\/?post_type=product&#038;p=7191"},"modified":"2026-04-20T13:31:42","modified_gmt":"2026-04-20T10:31:42","slug":"meyve-sebze-isleme-hatlari","status":"publish","type":"product","link":"https:\/\/srdmakine.com\/en\/urun\/meyve-sebze-isleme-hatlari\/","title":{"rendered":"Meyve Sebze \u0130\u015fleme Hatlar\u0131"},"content":{"rendered":"<p>Y\u00fcksek bas\u0131n\u00e7l\u0131 hava kabarc\u0131\u011f\u0131 temizleme makinesi, sprey f\u0131r\u00e7a y\u0131kama makinesi, yaprak sebze girdap ak\u0131m\u0131 temizleme makinesi, k\u00f6k f\u0131r\u00e7a y\u0131kama soyma makinesi.<\/p>\n<h1>Meyve-Sebze Temizleme Makinesi<\/h1>\n<p>Meyve ve sebze i\u015fleme tesislerinde yayg\u0131n olarak kullan\u0131lan meyve temizleme makinesi, elma, armut, portakal, limon, ceviz, patates vb. \u0130\u00e7in uygun y\u00fcksek bas\u0131n\u00e7l\u0131 su p\u00fcsk\u00fcrtme ve bursh y\u0131kama prensibini benimser.<\/p>\n<div class=\"pro-name\">\n<h3>A\u00e7\u0131klama<\/h3>\n<\/div>\n<p>P\u00fcsk\u00fcrtme f\u0131r\u00e7as\u0131 meyve temizleme makinesi epilasyon makinesi olarak da adland\u0131r\u0131l\u0131r, bu makine malzemeyi kay\u0131ps\u0131z temizleyebilir, a\u015fa\u011f\u0131daki \u00e7al\u0131\u015fma alan\u0131 f\u0131r\u00e7a, yukar\u0131daki y\u00fcksek bas\u0131n\u00e7l\u0131 sprey su, y\u00fcr\u00fcy\u00fc\u015f i\u015flemindeki konuyu temizleme \u00fczerindeki tozu temizleyebilir a\u015fa\u011f\u0131daki y\u00fczey, kir ve \u00fcst makine sprey su ovma temizleme etkisi, f\u0131r\u00e7alar ve y\u00fcksek bas\u0131n\u00e7l\u0131 su.<\/p>\n<p>Sprey f\u0131r\u00e7a temizleme makinesi g\u0131da dereceli f\u0131r\u00e7a ta\u015f\u0131ma ve temizleme benimser, d\u00f6nen f\u0131r\u00e7a ve y\u00fcksek bas\u0131n\u00e7l\u0131 sprey kullan\u0131n, temizleme etkisi iyidir, meyve ve sebze y\u00fczeyindeki lekeleri iyice temizleyebilir.<\/p>\n<p>Meyve f\u0131r\u00e7as\u0131 temizleme makinesi, malzeme hasar\u0131n\u0131 en aza indirebilir, su tasarrufu etkisi \u00f6nemlidir.\u00a0Y\u00fcksek bas\u0131n\u00e7l\u0131 su darbesine ve yatak mili d\u00f6nen f\u0131r\u00e7a temizli\u011fine ek olarak, kirlilik y\u00fczeyinin ta\u015fma memesi ta\u015fmas\u0131 yoluyla, filtrasyondan sonraki su d\u00f6ng\u00fcs\u00fc boyunca, kirlilik tank\u0131 \u00e7\u00f6kelmesinde, \u00fcr\u00fcn, net kemer.<\/p>\n<p>Uygulama: yayg\u0131n meyve ve sebze i\u015fleme tesisleri, \u00e7e\u015fitli yaprak sebze temizlemek i\u00e7in uygundur, k\u00f6kleri sebze, meyve her t\u00fcrl\u00fc, ceviz, badem, f\u0131nd\u0131k, vb gibi elma, armut, portakal, limon, ceviz, patates, vb.<\/p>\n<p>&nbsp;<\/p>\n","protected":false},"excerpt":{"rendered":"<p>Y\u00fcksek bas\u0131n\u00e7l\u0131 hava kabarc\u0131\u011f\u0131 temizleme makinesi, sprey f\u0131r\u00e7a y\u0131kama makinesi, yaprak sebze girdap ak\u0131m\u0131 temizleme makinesi, k\u00f6k f\u0131r\u00e7a y\u0131kama soyma makinesi.<\/p>\n<h1>Meyve-Sebze Temizleme Makinesi<\/h1>\n<p>Meyve ve sebze i\u015fleme tesislerinde yayg\u0131n olarak kullan\u0131lan meyve temizleme makinesi, elma, armut, portakal, limon, ceviz, patates vb. \u0130\u00e7in uygun y\u00fcksek bas\u0131n\u00e7l\u0131 su p\u00fcsk\u00fcrtme ve bursh y\u0131kama prensibini benimser.<\/p>\n<div class=\"pro-name\">\n<h3>A\u00e7\u0131klama<\/h3>\n<\/div>\n<p>P\u00fcsk\u00fcrtme f\u0131r\u00e7as\u0131 meyve temizleme makinesi epilasyon makinesi olarak da adland\u0131r\u0131l\u0131r, bu makine malzemeyi kay\u0131ps\u0131z temizleyebilir, a\u015fa\u011f\u0131daki \u00e7al\u0131\u015fma alan\u0131 f\u0131r\u00e7a, yukar\u0131daki y\u00fcksek bas\u0131n\u00e7l\u0131 sprey su, y\u00fcr\u00fcy\u00fc\u015f i\u015flemindeki konuyu temizleme \u00fczerindeki tozu temizleyebilir a\u015fa\u011f\u0131daki y\u00fczey, kir ve \u00fcst makine sprey su ovma temizleme etkisi, f\u0131r\u00e7alar ve y\u00fcksek bas\u0131n\u00e7l\u0131 su.<\/p>\n<p>Sprey f\u0131r\u00e7a temizleme makinesi g\u0131da dereceli f\u0131r\u00e7a ta\u015f\u0131ma ve temizleme benimser, d\u00f6nen f\u0131r\u00e7a ve y\u00fcksek bas\u0131n\u00e7l\u0131 sprey kullan\u0131n, temizleme etkisi iyidir, meyve ve sebze y\u00fczeyindeki lekeleri iyice temizleyebilir.<\/p>\n<p>&nbsp;<\/p>\n","protected":false},"featured_media":12514,"template":"","meta":{"_joinchat":[]},"product_brand":[],"product_cat":[1068,15],"product_tag":[921,923,922,924],"class_list":{"0":"post-7191","1":"product","2":"type-product","3":"status-publish","4":"has-post-thumbnail","6":"product_cat-anahtar-teslim-tesis-ve-ozel-makinalar","7":"product_cat-urunler","8":"product_tag-meyve-isleme-hatti","9":"product_tag-meyve-temizleme-hatti","10":"product_tag-sebze-isleme-hatti","11":"product_tag-sebze-yikama-hatti","13":"first","14":"outofstock","15":"shipping-taxable","16":"product-type-simple"},"aioseo_notices":[],"_links":{"self":[{"href":"https:\/\/srdmakine.com\/en\/wp-json\/wp\/v2\/product\/7191","targetHints":{"allow":["GET"]}}],"collection":[{"href":"https:\/\/srdmakine.com\/en\/wp-json\/wp\/v2\/product"}],"about":[{"href":"https:\/\/srdmakine.com\/en\/wp-json\/wp\/v2\/types\/product"}],"version-history":[{"count":3,"href":"https:\/\/srdmakine.com\/en\/wp-json\/wp\/v2\/product\/7191\/revisions"}],"predecessor-version":[{"id":12518,"href":"https:\/\/srdmakine.com\/en\/wp-json\/wp\/v2\/product\/7191\/revisions\/12518"}],"wp:featuredmedia":[{"embeddable":true,"href":"https:\/\/srdmakine.com\/en\/wp-json\/wp\/v2\/media\/12514"}],"wp:attachment":[{"href":"https:\/\/srdmakine.com\/en\/wp-json\/wp\/v2\/media?parent=7191"}],"wp:term":[{"taxonomy":"product_brand","embeddable":true,"href":"https:\/\/srdmakine.com\/en\/wp-json\/wp\/v2\/product_brand?post=7191"},{"taxonomy":"product_cat","embeddable":true,"href":"https:\/\/srdmakine.com\/en\/wp-json\/wp\/v2\/product_cat?post=7191"},{"taxonomy":"product_tag","embeddable":true,"href":"https:\/\/srdmakine.com\/en\/wp-json\/wp\/v2\/product_tag?post=7191"}],"curies":[{"name":"wp","href":"https:\/\/api.w.org\/{rel}","templated":true}]}}