{"id":7187,"date":"2024-01-31T17:38:13","date_gmt":"2024-01-31T14:38:13","guid":{"rendered":"https:\/\/srdmakine.com\/?post_type=product&#038;p=7187"},"modified":"2026-04-20T13:33:03","modified_gmt":"2026-04-20T10:33:03","slug":"renk-ayirici-platformlari","status":"publish","type":"product","link":"https:\/\/srdmakine.com\/en\/urun\/renk-ayirici-platformlari\/","title":{"rendered":"Renk Ay\u0131r\u0131c\u0131 Platformlar\u0131"},"content":{"rendered":"","protected":false},"excerpt":{"rendered":"","protected":false},"featured_media":12529,"template":"","meta":{"_joinchat":[]},"product_brand":[],"product_cat":[1068,15],"product_tag":[930,931,928,926,927,929],"class_list":{"0":"post-7187","1":"product","2":"type-product","3":"status-publish","4":"has-post-thumbnail","6":"product_cat-anahtar-teslim-tesis-ve-ozel-makinalar","7":"product_cat-urunler","8":"product_tag-bakliyat-tesisi-platformu","9":"product_tag-hububat-tesisi-platformu","10":"product_tag-merdivenli-platform","11":"product_tag-renk-ayirma-platformu","12":"product_tag-sortex-platformu","13":"product_tag-tesis-platformu","15":"first","16":"instock","17":"shipping-taxable","18":"product-type-simple"},"aioseo_notices":[],"_links":{"self":[{"href":"https:\/\/srdmakine.com\/en\/wp-json\/wp\/v2\/product\/7187","targetHints":{"allow":["GET"]}}],"collection":[{"href":"https:\/\/srdmakine.com\/en\/wp-json\/wp\/v2\/product"}],"about":[{"href":"https:\/\/srdmakine.com\/en\/wp-json\/wp\/v2\/types\/product"}],"version-history":[{"count":2,"href":"https:\/\/srdmakine.com\/en\/wp-json\/wp\/v2\/product\/7187\/revisions"}],"predecessor-version":[{"id":12537,"href":"https:\/\/srdmakine.com\/en\/wp-json\/wp\/v2\/product\/7187\/revisions\/12537"}],"wp:featuredmedia":[{"embeddable":true,"href":"https:\/\/srdmakine.com\/en\/wp-json\/wp\/v2\/media\/12529"}],"wp:attachment":[{"href":"https:\/\/srdmakine.com\/en\/wp-json\/wp\/v2\/media?parent=7187"}],"wp:term":[{"taxonomy":"product_brand","embeddable":true,"href":"https:\/\/srdmakine.com\/en\/wp-json\/wp\/v2\/product_brand?post=7187"},{"taxonomy":"product_cat","embeddable":true,"href":"https:\/\/srdmakine.com\/en\/wp-json\/wp\/v2\/product_cat?post=7187"},{"taxonomy":"product_tag","embeddable":true,"href":"https:\/\/srdmakine.com\/en\/wp-json\/wp\/v2\/product_tag?post=7187"}],"curies":[{"name":"wp","href":"https:\/\/api.w.org\/{rel}","templated":true}]}}