{"id":7167,"date":"2024-01-31T17:23:16","date_gmt":"2024-01-31T14:23:16","guid":{"rendered":"https:\/\/srdmakine.com\/?post_type=product&#038;p=7167"},"modified":"2026-04-20T13:36:27","modified_gmt":"2026-04-20T10:36:27","slug":"jet-siklon","status":"publish","type":"product","link":"https:\/\/srdmakine.com\/en\/urun\/jet-siklon\/","title":{"rendered":"Jet Filitre Siklon"},"content":{"rendered":"<p>\u015eok bas\u0131n\u00e7 rezistans filtreleri neredeyse her sekt\u00f6rde ve end\u00fcstrinin her dal\u0131nda kullan\u0131lmaktad\u0131r.<\/p>\n<p>S\u00fcrekli olarak artan \u00e7evresel fark\u0131ndal\u0131\u011f\u0131n ve daha fazla zorlay\u0131c\u0131 yasal d\u00fczenlemeler \u0131\u015f\u0131\u011f\u0131nda, tozdan ar\u0131nd\u0131rma neredeyse t\u00fcm \u015firketlerde zorunlu olmu\u015ftur.<\/p>\n<p>Jet filtreli AKJF \u00f6zellikle tah\u0131l ve di\u011fer d\u00f6kme y\u00fck materyalleri i\u00e7in depo ve al\u0131\u015f bitkileri i\u00e7in, biok\u00fctle end\u00fcstrisi, besleme ve yiyecek end\u00fcstrisi kullan\u0131lmaya uygundur.<\/p>\n<p><strong>Etkileyici toz ar\u0131nd\u0131rma ve derli toplu tasar\u0131m:<\/strong><\/p>\n<p>&#8211; Siklon giri\u015f arac\u0131l\u0131\u011f\u0131yla a\u011f\u0131r par\u00e7ac\u0131\u011f\u0131n ayr\u0131m\u0131 sayesinde daha etkili toz temizleme.<\/p>\n<p>&#8211;\u00a0 Jet Filtre y\u00fcksek filtreler y\u00fczey y\u00fck\u00fc ve derli toplu tasar\u0131m sayesinde d\u00fc\u015f\u00fck mesafe gereksinimi ve d\u00fc\u015f\u00fck harcama fiyatlar\u0131 ile \u00f6v\u00fcnmektedir.<\/p>\n<p>&#8211; Zaman kontroll\u00fc ve\/ya da diferansiyel di\u015fli bas\u0131n\u00e7 kontroll\u00fc filtre torbalar\u0131n\u0131n temizlenmesi sonucu temizleme operasyonunu ayarlamak i\u00e7in daha b\u00fcy\u00fck bir esneklikle sonu\u00e7lanm\u0131\u015ft\u0131r.<\/p>\n<p>&#8211; Filtre torbalar\u0131n\u0131n f\u0131\u015fk\u0131rmas\u0131 sonradan ortaya \u00e7\u0131kan operasyonel g\u00fcvenirli\u011fini garantiler.<\/p>\n<p><strong>Bas\u0131n\u00e7 \u015fok rezistans\u0131:<\/strong><\/p>\n<p>&#8211; Bas\u0131n\u00e7 yayan bas\u0131n\u00e7 \u015fok rezistans\u0131, Jet filtrelerin patlay\u0131c\u0131 veya yan\u0131c\u0131 toz i\u00e7in de uygun oldu\u011fu anlam\u0131na gelir.<\/p>\n<p>&#8211; Bu y\u00fczdendir ki, Jet filtreleri en s\u0131k\u0131 g\u00fcvenlik gereksinimlerini bile tatmin eder.<\/p>\n","protected":false},"excerpt":{"rendered":"<h3>Jet Filtreler<\/h3>\n<p><span class=\"price\">\u00dcr\u00fcn Kodu: JF0061<\/span><\/p>\n<div class=\"text\">\n<p>\u015eok bas\u0131n\u00e7 rezistans filtreleri neredeyse her sekt\u00f6rde ve end\u00fcstrinin her dal\u0131nda kullan\u0131lmaktad\u0131r.<\/p>\n<p>S\u00fcrekli olarak artan \u00e7evresel fark\u0131ndal\u0131\u011f\u0131n ve daha fazla zorlay\u0131c\u0131 yasal d\u00fczenlemeler \u0131\u015f\u0131\u011f\u0131nda, tozdan ar\u0131nd\u0131rma neredeyse t\u00fcm \u015firketlerde zorunlu olmu\u015ftur.<\/p>\n<\/div>\n<p>Filitre makinalar\u0131n\u0131n s\u00fcp\u00fcrme ve pn\u00f6matik kumanda havas\u0131 temini, kuru hava \u00fcreten wood pompa<br \/>\n(blower) ile elde edilmektedir. S\u00fcp\u00fcrme ve pn\u00f6matik kumanda havas\u0131, kurutma, su tutma ve hava<br \/>\ntank\u0131 kullanmadan direkt Filitre kompres\u00f6r ba\u011flant\u0131s\u0131 ile yap\u0131lmaktad\u0131r. Filitre makinalar\u0131 elektronik<br \/>\nkontrol \u00fcnitesi ile kontrol edilebilen, pn\u00f6matik kumanda ve h\u0131zl\u0131 havaland\u0131rma valfleri ile venturi<br \/>\nborular\u0131ndan olu\u015fan komple bir sistemle donat\u0131lm\u0131\u015ft\u0131r.<\/p>\n","protected":false},"featured_media":12033,"template":"","meta":{"_joinchat":[]},"product_brand":[],"product_cat":[1067,15],"product_tag":[],"class_list":{"0":"post-7167","1":"product","2":"type-product","3":"status-publish","4":"has-post-thumbnail","6":"product_cat-hava-ve-toz-kontrol-sistemleri","7":"product_cat-urunler","9":"first","10":"instock","11":"shipping-taxable","12":"product-type-simple"},"aioseo_notices":[],"_links":{"self":[{"href":"https:\/\/srdmakine.com\/en\/wp-json\/wp\/v2\/product\/7167","targetHints":{"allow":["GET"]}}],"collection":[{"href":"https:\/\/srdmakine.com\/en\/wp-json\/wp\/v2\/product"}],"about":[{"href":"https:\/\/srdmakine.com\/en\/wp-json\/wp\/v2\/types\/product"}],"version-history":[{"count":3,"href":"https:\/\/srdmakine.com\/en\/wp-json\/wp\/v2\/product\/7167\/revisions"}],"predecessor-version":[{"id":12036,"href":"https:\/\/srdmakine.com\/en\/wp-json\/wp\/v2\/product\/7167\/revisions\/12036"}],"wp:featuredmedia":[{"embeddable":true,"href":"https:\/\/srdmakine.com\/en\/wp-json\/wp\/v2\/media\/12033"}],"wp:attachment":[{"href":"https:\/\/srdmakine.com\/en\/wp-json\/wp\/v2\/media?parent=7167"}],"wp:term":[{"taxonomy":"product_brand","embeddable":true,"href":"https:\/\/srdmakine.com\/en\/wp-json\/wp\/v2\/product_brand?post=7167"},{"taxonomy":"product_cat","embeddable":true,"href":"https:\/\/srdmakine.com\/en\/wp-json\/wp\/v2\/product_cat?post=7167"},{"taxonomy":"product_tag","embeddable":true,"href":"https:\/\/srdmakine.com\/en\/wp-json\/wp\/v2\/product_tag?post=7167"}],"curies":[{"name":"wp","href":"https:\/\/api.w.org\/{rel}","templated":true}]}}