{"id":7161,"date":"2024-01-31T17:20:19","date_gmt":"2024-01-31T14:20:19","guid":{"rendered":"https:\/\/srdmakine.com\/?post_type=product&#038;p=7161"},"modified":"2026-04-20T13:36:31","modified_gmt":"2026-04-20T10:36:31","slug":"toz-siklonu","status":"publish","type":"product","link":"https:\/\/srdmakine.com\/en\/urun\/toz-siklonu\/","title":{"rendered":"Toz Siklonu"},"content":{"rendered":"<p><span style=\"font-size: 2em; font-weight: var(--ast-blog-title-font-weight,normal);\">TOZ SIKLONU<\/span><\/p>\n<p>Siklonlar hava ile ta\u015f\u0131nan toz, at\u0131k ve yabanc\u0131 maddeleri ayr\u0131\u015ft\u0131rmak i\u00e7in tasarlanm\u0131\u015ft\u0131r.<\/p>\n<p>Genellikle temizleme b\u00f6l\u00fcm\u00fcnde bulunan makinelerin i\u00e7erisindeki tah\u0131llar\u0131n islenmesi esnas\u0131nda olu\u015fan tozun tahliyesi i\u00e7in kullan\u0131l\u0131r.<\/p>\n<p>Harici bir aspirat\u00f6r taraf\u0131ndan ta\u015f\u0131nan toz, at\u0131k ve yabanc\u0131 maddeler toz siklonu i\u00e7erisine bas\u0131l\u0131r, siklonun yap\u0131s\u0131 itibar\u0131 ile i\u00e7erisine giren yabanc\u0131 maddeleri siklon i\u00e7erisinde d\u00f6nd\u00fcr\u00fclerek a\u015fa\u011f\u0131 inmesi sa\u011flan\u0131r ve siklon alt\u0131na ba\u011flanan hava kilidi ile tahliye edilir.<\/p>\n<p>Siklonun merkezinde bulunan geni\u015f \u00e7apl\u0131 boru seklindeki kanaldan yabanc\u0131 madde ve tozdan ar\u0131nd\u0131r\u0131lm\u0131\u015f havan\u0131n yukar\u0131 do\u011fru \u00e7\u0131k\u0131s\u0131 sa\u011flan\u0131r ve tahliye edilir<\/p>\n","protected":false},"excerpt":{"rendered":"<p>Toz siklonlar\u0131, temizleme \u00fcnitesinde aspirat\u00f6r \u00e7\u0131k\u0131\u015f\u0131na monte edilir. Hava kilidi ili birlikte ve havadaki tozlar\u0131n ayr\u0131lmas\u0131nda kullan\u0131l\u0131r. Toz siklonlar\u0131, temizleme \u00fcnitesinde aspirat\u00f6r \u00e7\u0131k\u0131\u015f\u0131na monte edilir. Hava kilidi ile birlikte havadaki tozlar\u0131n ayr\u0131lmas\u0131nda kullan\u0131l\u0131r.<\/p>\n","protected":false},"featured_media":7162,"template":"","meta":{"_joinchat":[]},"product_brand":[],"product_cat":[1067,15],"product_tag":[818,816,817,813],"class_list":{"0":"post-7161","1":"product","2":"type-product","3":"status-publish","4":"has-post-thumbnail","6":"product_cat-hava-ve-toz-kontrol-sistemleri","7":"product_cat-urunler","8":"product_tag-hava-emme-siklon","9":"product_tag-hava-temizleme-siklonu","10":"product_tag-tesis-toz-temizleme-siglon","11":"product_tag-toz-temizleme","13":"first","14":"instock","15":"shipping-taxable","16":"product-type-simple"},"aioseo_notices":[],"_links":{"self":[{"href":"https:\/\/srdmakine.com\/en\/wp-json\/wp\/v2\/product\/7161","targetHints":{"allow":["GET"]}}],"collection":[{"href":"https:\/\/srdmakine.com\/en\/wp-json\/wp\/v2\/product"}],"about":[{"href":"https:\/\/srdmakine.com\/en\/wp-json\/wp\/v2\/types\/product"}],"version-history":[{"count":5,"href":"https:\/\/srdmakine.com\/en\/wp-json\/wp\/v2\/product\/7161\/revisions"}],"predecessor-version":[{"id":13148,"href":"https:\/\/srdmakine.com\/en\/wp-json\/wp\/v2\/product\/7161\/revisions\/13148"}],"wp:featuredmedia":[{"embeddable":true,"href":"https:\/\/srdmakine.com\/en\/wp-json\/wp\/v2\/media\/7162"}],"wp:attachment":[{"href":"https:\/\/srdmakine.com\/en\/wp-json\/wp\/v2\/media?parent=7161"}],"wp:term":[{"taxonomy":"product_brand","embeddable":true,"href":"https:\/\/srdmakine.com\/en\/wp-json\/wp\/v2\/product_brand?post=7161"},{"taxonomy":"product_cat","embeddable":true,"href":"https:\/\/srdmakine.com\/en\/wp-json\/wp\/v2\/product_cat?post=7161"},{"taxonomy":"product_tag","embeddable":true,"href":"https:\/\/srdmakine.com\/en\/wp-json\/wp\/v2\/product_tag?post=7161"}],"curies":[{"name":"wp","href":"https:\/\/api.w.org\/{rel}","templated":true}]}}