{"id":7156,"date":"2024-01-31T17:12:42","date_gmt":"2024-01-31T14:12:42","guid":{"rendered":"https:\/\/srdmakine.com\/?post_type=product&#038;p=7156"},"modified":"2026-04-20T13:36:35","modified_gmt":"2026-04-20T10:36:35","slug":"toz-aspiratoru","status":"publish","type":"product","link":"https:\/\/srdmakine.com\/en\/urun\/toz-aspiratoru\/","title":{"rendered":"Toz Aspirat\u00f6r\u00fc"},"content":{"rendered":"<div class=\"divh1\">TOZ ASP\u0130RAT\u00d6R\u00dc<\/div>\n<p>&nbsp;<\/p>\n<p>G\u00f6vdesi \u00e7elik konstr\u00fcksiyondur. Genelde orta bas\u0131n\u00e7 de\u011ferlerinde imal edilmektedir.<\/p>\n<p>-Talep ve ihtiyaca g\u00f6re 200-500 mmSS bas\u0131n\u00e7 de\u011ferlerinde imal edilmektedir.<\/p>\n<p>&#8211; Un fabrikalar\u0131ndaki temizleme grubunun ve irmik sas\u00f6rlerinin hava aspirasyonunda bu tip aspirat\u00f6rler kullan\u0131lmaktad\u0131r.<\/p>\n<p>&#8211; Hava debisi ve bas\u0131n\u00e7 de\u011ferlerine g\u00f6re motor se\u00e7imleri yap\u0131l\u0131r.<\/p>\n<p>-Toz aspirat\u00f6rleri motorlar\u0131 ak\u00fcpledir.<\/p>\n","protected":false},"excerpt":{"rendered":"<p>Tamamen \u00e7elik konstr\u00fcksiyon&#8217;dan imal edilmi\u015ftir. Toz aspirat\u00f6rleri de\u011fi\u015fik b\u00fcy\u00fckl\u00fcklerde ve motor g\u00fc\u00e7lerinde imal edilmektedir. Farkl\u0131 kapasiteli aspirat\u00f6rler, un fabrikalar\u0131nda de\u011fi\u015fik makine gruplar\u0131n\u0131n aspirasyonun da ve ayr\u0131ca irmik sas\u00f6rlerinin aspirasyonunda da bu tip aspirat\u00f6rler kullan\u0131l\u0131r. Firmam\u0131z\u0131n imal etti\u011fi toz aspirat\u00f6rlerinin motorlar\u0131 direkt akuple tipler olup, bu tipler a\u015fa\u011f\u0131daki kolayl\u0131klar\u0131 sa\u011flamaktad\u0131r.<\/p>\n","protected":false},"featured_media":7157,"template":"","meta":{"_joinchat":[]},"product_brand":[],"product_cat":[1067,15],"product_tag":[814,811,815,812,813],"class_list":{"0":"post-7156","1":"product","2":"type-product","3":"status-publish","4":"has-post-thumbnail","6":"product_cat-hava-ve-toz-kontrol-sistemleri","7":"product_cat-urunler","8":"product_tag-siglon-fani","9":"product_tag-toz-aspiratoru","10":"product_tag-toz-emme-fani","11":"product_tag-toz-fani","12":"product_tag-toz-temizleme","14":"first","15":"instock","16":"shipping-taxable","17":"product-type-simple"},"aioseo_notices":[],"_links":{"self":[{"href":"https:\/\/srdmakine.com\/en\/wp-json\/wp\/v2\/product\/7156","targetHints":{"allow":["GET"]}}],"collection":[{"href":"https:\/\/srdmakine.com\/en\/wp-json\/wp\/v2\/product"}],"about":[{"href":"https:\/\/srdmakine.com\/en\/wp-json\/wp\/v2\/types\/product"}],"version-history":[{"count":3,"href":"https:\/\/srdmakine.com\/en\/wp-json\/wp\/v2\/product\/7156\/revisions"}],"predecessor-version":[{"id":12026,"href":"https:\/\/srdmakine.com\/en\/wp-json\/wp\/v2\/product\/7156\/revisions\/12026"}],"wp:featuredmedia":[{"embeddable":true,"href":"https:\/\/srdmakine.com\/en\/wp-json\/wp\/v2\/media\/7157"}],"wp:attachment":[{"href":"https:\/\/srdmakine.com\/en\/wp-json\/wp\/v2\/media?parent=7156"}],"wp:term":[{"taxonomy":"product_brand","embeddable":true,"href":"https:\/\/srdmakine.com\/en\/wp-json\/wp\/v2\/product_brand?post=7156"},{"taxonomy":"product_cat","embeddable":true,"href":"https:\/\/srdmakine.com\/en\/wp-json\/wp\/v2\/product_cat?post=7156"},{"taxonomy":"product_tag","embeddable":true,"href":"https:\/\/srdmakine.com\/en\/wp-json\/wp\/v2\/product_tag?post=7156"}],"curies":[{"name":"wp","href":"https:\/\/api.w.org\/{rel}","templated":true}]}}