{"id":7070,"date":"2024-01-31T15:46:45","date_gmt":"2024-01-31T12:46:45","guid":{"rendered":"https:\/\/srdmakine.com\/?post_type=product&#038;p=7070"},"modified":"2026-04-20T13:40:44","modified_gmt":"2026-04-20T10:40:44","slug":"konveyor-rulosu","status":"publish","type":"product","link":"https:\/\/srdmakine.com\/en\/urun\/konveyor-rulosu\/","title":{"rendered":"Konvey\u00f6r Rulosu"},"content":{"rendered":"<h3><a href=\"https:\/\/www.doguskalip.com.tr\/Urun\/avare-rulolu-konveyorler\/1319\">Avare Rulolu Konvey\u00f6rler<\/a><\/h3>\n<p>Bir avare rulolu konvey\u00f6r 3 bile\u015fenden olu\u015fmaktad\u0131r. Bunlar rulolar, konvey\u00f6r g\u00f6vdesi ve konvey\u00f6r ayaklar\u0131d\u0131r. Basit tasar\u0131m ve kolay imalat\u0131 sayesinde malzeme iletimi grubunda yayg\u0131n bir kullan\u0131ma sahiptir.<\/p>\n<p>Silindirik rulolar; t\u0131rt\u0131ll\u0131, al\u00fcminyum kapl\u0131 ve \u00e7elik borulardan yap\u0131lmaktad\u0131r. Ayn\u0131 zamanda poli\u00fcretan rulo kaplama yap\u0131larak istenilen sertlikte imal edilebilirler. Bu \u015fekilde rulonun a\u015f\u0131nmaya ve kimyasal maddelere olan direnci artt\u0131r\u0131larak uzun \u00f6m\u00fcrl\u00fc olmas\u0131 sa\u011flan\u0131r. Rulolarda genel olarak bir mil ve bu milin iki ba\u015f\u0131na ge\u00e7irilmi\u015f Rulmanl\u0131 makaralar bulunmaktad\u0131r.<\/p>\n<p>Konvey\u00f6r g\u00f6vdeleri ve ayaklar\u0131 ta\u015f\u0131nacak y\u00fcke ba\u011fl\u0131 olarak de\u011fi\u015fkenlik g\u00f6stermek ile beraber al\u00fcminyum sigma profil, \u00e7elik k\u00f6\u015febent ve u profilden yap\u0131labilmektedir.<\/p>\n<h3><a href=\"https:\/\/www.doguskalip.com.tr\/Urun\/tahrik-rulolu-konveyorler\/1320\">Tahrik (G\u00fc\u00e7 Alan) Rulolu Konvey\u00f6rler<\/a><\/h3>\n<p>Tahrik rulolu konvey\u00f6rlerin avare rulolu konvey\u00f6rlerden en temel fark\u0131, rulolar\u0131n motor ve aktarma elemanlar\u0131yla d\u00f6nd\u00fcr\u00fclmesidir. Motor tahrikli bu konvey\u00f6rlerin aktar\u0131m elemanlar\u0131 kay\u0131\u015f ya da zincir mekanizmalar\u0131d\u0131r. Bu sistemlerde rulo \u00e7aplar\u0131 ve et kal\u0131nl\u0131klar\u0131 ta\u015f\u0131nacak y\u00fck\u00fcn a\u011f\u0131rl\u0131\u011f\u0131na ve ebatlar\u0131na g\u00f6re de\u011fi\u015fkenlik g\u00f6sterebilmektedir. Genellikle rulolar aras\u0131 motor aktar\u0131m\u0131 \u00e7ift s\u0131ra di\u015fli sistemi ile sa\u011flanmaktad\u0131r.<\/p>\n<h3>Avare rulolu konvey\u00f6r i\u00e7in gerekli bilgiler;<\/h3>\n<ul>\n<li>Konvey\u00f6r geni\u015fli\u011fi<\/li>\n<li>Konvey\u00f6r uzunlu\u011fu<\/li>\n<li>Konvey\u00f6r y\u00fcksekli\u011fi<\/li>\n<li>Rulo \u00e7ap\u0131 ve cinsi<\/li>\n<li>Rulo eksenleri aras\u0131 mesafe<\/li>\n<li>Yan bariyer var m\u0131 yok mu? Var ise \u00f6l\u00e7\u00fc bilgisi<\/li>\n<li>Ta\u015f\u0131yaca\u011f\u0131 \u00fcr\u00fcn, cinsi ve ebatlar\u0131<\/li>\n<li>Konvey\u00f6r \u00fczerindeki max. y\u00fck<\/li>\n<li>\u00c7al\u0131\u015faca\u011f\u0131 ortam<\/li>\n<li>\u00c7al\u0131\u015faca\u011f\u0131 ortam s\u0131cakl\u0131\u011f\u0131<\/li>\n<\/ul>\n<p><strong>Sistem g\u00fc\u00e7 alan (motor tahrikli ) rulolu konvey\u00f6r ise bunlara ek olarak;<\/strong><\/p>\n<ul>\n<li>Motor g\u00fcc\u00fc ve devri<\/li>\n<li>Red\u00fckt\u00f6r g\u00f6vdesi, devri ve tahvil oran\u0131<\/li>\n<li>Aktar\u0131m eleman\u0131 (zincir, kay\u0131\u015f, o-ring)<\/li>\n<li>Di\u015fli sistemi<\/li>\n<li>Konvey\u00f6r h\u0131z\u0131<\/li>\n<li>Start- stop butonu<\/li>\n<li>H\u0131z ayar panosu<\/li>\n<li>Durdurma sens\u00f6r\u00fc<\/li>\n<li>\u00c7al\u0131\u015fma y\u00f6n\u00fc<\/li>\n<li>Motor ba\u011flant\u0131 y\u00f6n\u00fc, \u015fekli<\/li>\n<\/ul>\n","protected":false},"excerpt":{"rendered":"<h3>Rulolu Konvey\u00f6rler<\/h3>\n<p>G\u00fcn\u00fcm\u00fcz end\u00fcstrisine en fazla etki eden fakt\u00f6rlerden biri malzeme iletimidir. Bantl\u0131 konvey\u00f6rler ve avare rulolu konvey\u00f6rler s\u00fcrekli malzeme iletimine en elveri\u015fli sistemlerin ba\u015f\u0131nda gelmektedir.<\/p>\n<p>Rulolu konvey\u00f6rler, end\u00fcstriyel ta\u015f\u0131ma sistemlerinde ta\u015f\u0131nacak y\u00fcklerin rulolar \u00fczerinde istenilen y\u00f6ne hareket ettirilmesini sa\u011flayan makina gruplar\u0131d\u0131r. Tasar\u0131m \u015fekline g\u00f6re do\u011frusal ve dairesel y\u00fck ta\u015f\u0131yabilme kabiliyetine sahip sistemlerdir. Ta\u015f\u0131nacak y\u00fckler, konvey\u00f6r \u015fasisi \u00fczerine belli aral\u0131klarla yerle\u015ftirilmi\u015f rulolar \u00fczerinde iletilirler. Bu iletimde ta\u015f\u0131nacak y\u00fck\u00fcn ya da ana y\u00fck\u00fc ta\u015f\u0131yacak olan sand\u0131k, palet ve tablalar\u0131n d\u00fcz bir y\u00fczey alan\u0131na sahip olmas\u0131 gerekmektedir.<\/p>\n<p>\u00c7al\u0131\u015fma \u015fekillerine g\u00f6re g\u00fc\u00e7 alan (tahrik) ve avare rulolu olmak \u00fczere iki gruba ayr\u0131lmaktad\u0131rlar.<\/p>\n<p>G\u00fc\u00e7 alan konvey\u00f6rlerin rulolar\u0131 bir motor vas\u0131tas\u0131yla kendi ekseni etraf\u0131nda d\u00f6nd\u00fcr\u00fclebilmektedir. Bu sistemlerde rulolar, zincir ya da kay\u0131\u015f gibi elemanlarla birbirlerine ba\u011flanarak motordan ald\u0131\u011f\u0131 g\u00fcc\u00fc bir di\u011fer ruloya aktararak rulo ve y\u00fck aras\u0131nda olu\u015fan s\u00fcrt\u00fcnme kuvveti vas\u0131tas\u0131yla y\u00fck\u00fcn ta\u015f\u0131nmas\u0131n\u0131 sa\u011flayabilmektedir.<\/p>\n<p>Avare rulolu konvey\u00f6rlerde ise kuvvet do\u011frudan y\u00fcke uygulan\u0131r. Rulolar, konvey\u00f6r boyunca \u00f6teleme hareketi yapan y\u00fck\u00fcn s\u00fcrt\u00fcnmesiyle d\u00f6nerler. Avare rulolu konvey\u00f6rlerin \u015fasileri yatay ya da e\u011fimli olarak tasarlanabilmektedir. Yatay tasar\u0131mlar da hareket ettirici kuvvet itme par\u00e7alar\u0131 ile sa\u011flanabilmektedir. Yine de bu tip sistemlerde y\u00fck\u00fcn hareketini kolayla\u015ft\u0131rmak i\u00e7in %1-1.5 e\u011fim \u00f6nerilmektedir.<\/p>\n","protected":false},"featured_media":12212,"template":"","meta":{"_joinchat":[]},"product_brand":[],"product_cat":[15,1069],"product_tag":[855,853,851,852,854],"class_list":{"0":"post-7070","1":"product","2":"type-product","3":"status-publish","4":"has-post-thumbnail","6":"product_cat-urunler","7":"product_cat-yedek-parca","8":"product_tag-aluminyum-rulo","9":"product_tag-avare-rulolu-konveyor","10":"product_tag-konveyor-rulo","11":"product_tag-rulolu-konveyor","12":"product_tag-tahrikli-rulolu-konveyor","14":"first","15":"instock","16":"shipping-taxable","17":"product-type-simple"},"aioseo_notices":[],"_links":{"self":[{"href":"https:\/\/srdmakine.com\/en\/wp-json\/wp\/v2\/product\/7070","targetHints":{"allow":["GET"]}}],"collection":[{"href":"https:\/\/srdmakine.com\/en\/wp-json\/wp\/v2\/product"}],"about":[{"href":"https:\/\/srdmakine.com\/en\/wp-json\/wp\/v2\/types\/product"}],"version-history":[{"count":3,"href":"https:\/\/srdmakine.com\/en\/wp-json\/wp\/v2\/product\/7070\/revisions"}],"predecessor-version":[{"id":12216,"href":"https:\/\/srdmakine.com\/en\/wp-json\/wp\/v2\/product\/7070\/revisions\/12216"}],"wp:featuredmedia":[{"embeddable":true,"href":"https:\/\/srdmakine.com\/en\/wp-json\/wp\/v2\/media\/12212"}],"wp:attachment":[{"href":"https:\/\/srdmakine.com\/en\/wp-json\/wp\/v2\/media?parent=7070"}],"wp:term":[{"taxonomy":"product_brand","embeddable":true,"href":"https:\/\/srdmakine.com\/en\/wp-json\/wp\/v2\/product_brand?post=7070"},{"taxonomy":"product_cat","embeddable":true,"href":"https:\/\/srdmakine.com\/en\/wp-json\/wp\/v2\/product_cat?post=7070"},{"taxonomy":"product_tag","embeddable":true,"href":"https:\/\/srdmakine.com\/en\/wp-json\/wp\/v2\/product_tag?post=7070"}],"curies":[{"name":"wp","href":"https:\/\/api.w.org\/{rel}","templated":true}]}}