{"id":7062,"date":"2024-01-31T15:39:09","date_gmt":"2024-01-31T12:39:09","guid":{"rendered":"https:\/\/srdmakine.com\/?post_type=product&#038;p=7062"},"modified":"2026-04-20T13:41:54","modified_gmt":"2026-04-20T10:41:54","slug":"kasnaklar","status":"publish","type":"product","link":"https:\/\/srdmakine.com\/en\/urun\/kasnaklar\/","title":{"rendered":"Kasnaklar"},"content":{"rendered":"","protected":false},"excerpt":{"rendered":"<p>Kasnaklar \u00e7e\u015fitli boylarda olup makinan\u0131n kapasitesine g\u00f6re hesaplanmaktad\u0131r<\/p>\n<p>Kasnaklardaki bir di\u011fer ama\u00e7 motordan gelen devir say\u0131s\u0131n\u0131 azaltmak yada \u00e7o\u011faltmakt\u0131r.<\/p>\n","protected":false},"featured_media":12104,"template":"","meta":{"_joinchat":[]},"product_brand":[],"product_cat":[15,1069],"product_tag":[843,844,845],"class_list":{"0":"post-7062","1":"product","2":"type-product","3":"status-publish","4":"has-post-thumbnail","6":"product_cat-urunler","7":"product_cat-yedek-parca","8":"product_tag-elek-kasnagi","9":"product_tag-eleme-makine-kasnak","10":"product_tag-makine-kasnak","12":"first","13":"instock","14":"shipping-taxable","15":"product-type-simple"},"aioseo_notices":[],"_links":{"self":[{"href":"https:\/\/srdmakine.com\/en\/wp-json\/wp\/v2\/product\/7062","targetHints":{"allow":["GET"]}}],"collection":[{"href":"https:\/\/srdmakine.com\/en\/wp-json\/wp\/v2\/product"}],"about":[{"href":"https:\/\/srdmakine.com\/en\/wp-json\/wp\/v2\/types\/product"}],"version-history":[{"count":2,"href":"https:\/\/srdmakine.com\/en\/wp-json\/wp\/v2\/product\/7062\/revisions"}],"predecessor-version":[{"id":12106,"href":"https:\/\/srdmakine.com\/en\/wp-json\/wp\/v2\/product\/7062\/revisions\/12106"}],"wp:featuredmedia":[{"embeddable":true,"href":"https:\/\/srdmakine.com\/en\/wp-json\/wp\/v2\/media\/12104"}],"wp:attachment":[{"href":"https:\/\/srdmakine.com\/en\/wp-json\/wp\/v2\/media?parent=7062"}],"wp:term":[{"taxonomy":"product_brand","embeddable":true,"href":"https:\/\/srdmakine.com\/en\/wp-json\/wp\/v2\/product_brand?post=7062"},{"taxonomy":"product_cat","embeddable":true,"href":"https:\/\/srdmakine.com\/en\/wp-json\/wp\/v2\/product_cat?post=7062"},{"taxonomy":"product_tag","embeddable":true,"href":"https:\/\/srdmakine.com\/en\/wp-json\/wp\/v2\/product_tag?post=7062"}],"curies":[{"name":"wp","href":"https:\/\/api.w.org\/{rel}","templated":true}]}}