{"id":6959,"date":"2024-01-30T18:37:25","date_gmt":"2024-01-30T15:37:25","guid":{"rendered":"https:\/\/srdmakine.com\/?post_type=product&#038;p=6959"},"modified":"2026-04-20T13:43:46","modified_gmt":"2026-04-20T10:43:46","slug":"konik-taban-kare-bunker","status":"publish","type":"product","link":"https:\/\/srdmakine.com\/en\/urun\/konik-taban-kare-bunker\/","title":{"rendered":"Konik Taban Kare Bunker"},"content":{"rendered":"<div class=\"product-title\">\n<h3>BUNKER KON\u0130K S\u0130LO<\/h3>\n<\/div>\n<div class=\"product-desc\">\n<p>\u00dcr\u00fcn depolamak amac\u0131yla kullan\u0131l\u0131rlar. Kullan\u0131ld\u0131\u011f\u0131 yere g\u00f6re ikili-\u00fc\u00e7l\u00fc-d\u00f6rtl\u00fc yap\u0131l\u0131r. Depolanan \u00fcr\u00fcne g\u00f6re silo ve bunker i\u00e7inde farkl\u0131 sistemler uygulan\u0131r. \u00dcr\u00fcn \u00e7\u0131k\u0131\u015f\u0131n\u0131n kontroll\u00fc yap\u0131labilmesi i\u00e7in bunker-silo \u00e7\u0131k\u0131\u015f olu\u011funa klape veya y\u0131ld\u0131z besleyici monte edilir. G\u0131da , k\u00f6m\u00fcr , \u00e7imento gibi malzemelerin depolanmas\u0131nda kullan\u0131l\u0131r. \u0130stenilen kapasite ve \u00fcr\u00fcne g\u00f6re tasarlan\u0131p imal edilir.<\/p>\n<\/div>\n","protected":false},"excerpt":{"rendered":"<p>SRD MAK\u0130NA \u0130\u015flenmi\u015f yada Bekletme amac\u0131 ile bunkerleri tesiste\u00a0 \u00fcr\u00fcn haline gelen malzemenin yere d\u00fc\u015fmeden stoklayan pinomatik kontroll\u00fc kapaklarla kamyona direk y\u00fckleme yapan biriktirme elemanlar\u0131d\u0131r. Standart stok bunker&#8217;lerin d\u0131\u015f\u0131nda istenilen hacim ve ebatlarda\u00a0 bunkeri imalat\u0131m\u0131z mevcuttur.<\/p>\n","protected":false},"featured_media":6964,"template":"","meta":{"_joinchat":[]},"product_brand":[],"product_cat":[1066,15],"product_tag":[383,504,503,505,501,502,506],"class_list":{"0":"post-6959","1":"product","2":"type-product","3":"status-publish","4":"has-post-thumbnail","6":"product_cat-depolama-sistemleri","7":"product_cat-urunler","8":"product_tag-bekletme-bunkeri","9":"product_tag-gida-bekletme-bunkeri","10":"product_tag-hububat-bakliyat-bunkeri","11":"product_tag-konik-cikisli-silo","12":"product_tag-konik-tabanli-kare-bunker","13":"product_tag-konikli-tahil-silo","14":"product_tag-saklama-bunkeri","16":"first","17":"instock","18":"shipping-taxable","19":"product-type-simple"},"aioseo_notices":[],"_links":{"self":[{"href":"https:\/\/srdmakine.com\/en\/wp-json\/wp\/v2\/product\/6959","targetHints":{"allow":["GET"]}}],"collection":[{"href":"https:\/\/srdmakine.com\/en\/wp-json\/wp\/v2\/product"}],"about":[{"href":"https:\/\/srdmakine.com\/en\/wp-json\/wp\/v2\/types\/product"}],"version-history":[{"count":3,"href":"https:\/\/srdmakine.com\/en\/wp-json\/wp\/v2\/product\/6959\/revisions"}],"predecessor-version":[{"id":9034,"href":"https:\/\/srdmakine.com\/en\/wp-json\/wp\/v2\/product\/6959\/revisions\/9034"}],"wp:featuredmedia":[{"embeddable":true,"href":"https:\/\/srdmakine.com\/en\/wp-json\/wp\/v2\/media\/6964"}],"wp:attachment":[{"href":"https:\/\/srdmakine.com\/en\/wp-json\/wp\/v2\/media?parent=6959"}],"wp:term":[{"taxonomy":"product_brand","embeddable":true,"href":"https:\/\/srdmakine.com\/en\/wp-json\/wp\/v2\/product_brand?post=6959"},{"taxonomy":"product_cat","embeddable":true,"href":"https:\/\/srdmakine.com\/en\/wp-json\/wp\/v2\/product_cat?post=6959"},{"taxonomy":"product_tag","embeddable":true,"href":"https:\/\/srdmakine.com\/en\/wp-json\/wp\/v2\/product_tag?post=6959"}],"curies":[{"name":"wp","href":"https:\/\/api.w.org\/{rel}","templated":true}]}}