{"id":6808,"date":"2024-01-30T17:08:59","date_gmt":"2024-01-30T14:08:59","guid":{"rendered":"https:\/\/srdmakine.com\/?post_type=product&#038;p=6808"},"modified":"2026-04-20T13:50:07","modified_gmt":"2026-04-20T10:50:07","slug":"yem-dozajlama-sistemi","status":"publish","type":"product","link":"https:\/\/srdmakine.com\/en\/urun\/yem-dozajlama-sistemi\/","title":{"rendered":"Yem Dozajlama Sistemi"},"content":{"rendered":"<h2>Makro Dozajlama \u00dcnitesi<\/h2>\n<p>\u2714\u00a0Minimum 60\u00b0 \u00fcr\u00fcn ak\u0131\u015f a\u00e7\u0131s\u0131<\/p>\n<p>\u2714\u00a0Loadcell ve indikat\u00f6r ile veri kontrol\u00fc<\/p>\n<p>\u2714\u00a0H\u0131z s\u00fcr\u00fcc\u00fc ile hassas dozajlama imkan\u0131<\/p>\n<p>\u2714\u00a0Doldurma bo\u015faltma an\u0131nda bas\u0131n\u00e7 dengesini sa\u011flayan havaland\u0131rma borusu<\/p>\n<p>\u2714\u00a0Tart\u0131m prosesinde alt bunkere ge\u00e7isi sa\u011flayan pn\u00f6matik kapak<\/p>\n<p>\u2714\u00a0M\u00fcdehale kapaklar\u0131 ve g\u00f6zlem penceresi<\/p>\n<p>\u2714\u00a0Farkl\u0131 malzemelerden ve farkl\u0131 hacimlerde imal edilebilirlik<\/p>\n<p>\u2714\u00a0Tart\u0131m sonras\u0131nda pn\u00f6matik vagon s\u00fcrg\u00fc kapak ile h\u0131zl\u0131 bo\u015falt\u0131m<\/p>\n<p><img fetchpriority=\"high\" decoding=\"async\" class=\"alignnone size-medium wp-image-8827\" src=\"http:\/\/srdmakine.com\/wp-content\/uploads\/2024\/01\/yem-makro-dozaj-300x186.jpg\" alt=\"\" width=\"300\" height=\"186\" srcset=\"https:\/\/srdmakine.com\/wp-content\/uploads\/2024\/01\/yem-makro-dozaj-300x186.jpg 300w, https:\/\/srdmakine.com\/wp-content\/uploads\/2024\/01\/yem-makro-dozaj-600x372.jpg 600w, https:\/\/srdmakine.com\/wp-content\/uploads\/2024\/01\/yem-makro-dozaj.jpg 764w\" sizes=\"(max-width: 300px) 100vw, 300px\" \/> <img decoding=\"async\" class=\"alignnone size-medium wp-image-8828\" src=\"http:\/\/srdmakine.com\/wp-content\/uploads\/2024\/01\/yem-makro-dozajlama.jpg\" alt=\"\" width=\"168\" height=\"245\" \/><\/p>\n<h2 class=\"h2Baslik\">Mikro Dozajlama (Premix) \u00dcnitesi<\/h2>\n<div class=\"divDetay\">\n<ul>\n<li>AISI 304 paslanmaz \u00e7elikten \u00fcretim silolar<\/li>\n<li>AISI 304 paslanmaz \u00e7elikten imal edilen \u00f6zel hatve ile sar\u0131lm\u0131\u015f helezonlar<\/li>\n<li>\u00dcretim re\u00e7etesine g\u00f6re premix dozajlama<\/li>\n<li>Pn\u00f6matik olarak kontrol edilen dozajlama bunkeri<\/li>\n<li>Hassas tart\u0131m<\/li>\n<li>Akt\u00fcat\u00f6rl\u00fc vana sistemi ile s\u0131zd\u0131rmazl\u0131k<\/li>\n<li><img decoding=\"async\" class=\"alignnone size-full wp-image-8829\" src=\"http:\/\/srdmakine.com\/wp-content\/uploads\/2024\/01\/mikro-dozajlama.jpg\" alt=\"\" width=\"144\" height=\"246\" \/><\/li>\n<\/ul>\n<\/div>\n","protected":false},"excerpt":{"rendered":"<p>\u2022 Yemin i\u00e7erisindeki vitaminleri hassas tartarak miksere sevk eder.<br \/>\n\u2022 Silo adedi iste\u011fe g\u00f6re de\u011fi\u015fkendir.<\/p>\n<p><img loading=\"lazy\" decoding=\"async\" class=\"alignnone size-medium wp-image-8825\" src=\"http:\/\/srdmakine.com\/wp-content\/uploads\/2024\/01\/yem-dozajlama-300x300.jpg\" alt=\"\" width=\"300\" height=\"300\" srcset=\"https:\/\/srdmakine.com\/wp-content\/uploads\/2024\/01\/yem-dozajlama-300x300.jpg 300w, https:\/\/srdmakine.com\/wp-content\/uploads\/2024\/01\/yem-dozajlama-100x100.jpg 100w, https:\/\/srdmakine.com\/wp-content\/uploads\/2024\/01\/yem-dozajlama-150x150.jpg 150w, https:\/\/srdmakine.com\/wp-content\/uploads\/2024\/01\/yem-dozajlama.jpg 370w\" sizes=\"(max-width: 300px) 100vw, 300px\" \/><\/p>\n","protected":false},"featured_media":6809,"template":"","meta":{"_joinchat":[]},"product_brand":[],"product_cat":[1066,15,1064],"product_tag":[376,380,379,378,377],"class_list":{"0":"post-6808","1":"product","2":"type-product","3":"status-publish","4":"has-post-thumbnail","6":"product_cat-depolama-sistemleri","7":"product_cat-urunler","8":"product_cat-yem-makinalari","9":"product_tag-dozajlama","10":"product_tag-dozajlama-helezon","11":"product_tag-silolu-dozajlama","12":"product_tag-toz-dozajlama","13":"product_tag-yem-dozajlama","15":"first","16":"instock","17":"shipping-taxable","18":"product-type-simple"},"aioseo_notices":[],"_links":{"self":[{"href":"https:\/\/srdmakine.com\/en\/wp-json\/wp\/v2\/product\/6808","targetHints":{"allow":["GET"]}}],"collection":[{"href":"https:\/\/srdmakine.com\/en\/wp-json\/wp\/v2\/product"}],"about":[{"href":"https:\/\/srdmakine.com\/en\/wp-json\/wp\/v2\/types\/product"}],"version-history":[{"count":4,"href":"https:\/\/srdmakine.com\/en\/wp-json\/wp\/v2\/product\/6808\/revisions"}],"predecessor-version":[{"id":8832,"href":"https:\/\/srdmakine.com\/en\/wp-json\/wp\/v2\/product\/6808\/revisions\/8832"}],"wp:featuredmedia":[{"embeddable":true,"href":"https:\/\/srdmakine.com\/en\/wp-json\/wp\/v2\/media\/6809"}],"wp:attachment":[{"href":"https:\/\/srdmakine.com\/en\/wp-json\/wp\/v2\/media?parent=6808"}],"wp:term":[{"taxonomy":"product_brand","embeddable":true,"href":"https:\/\/srdmakine.com\/en\/wp-json\/wp\/v2\/product_brand?post=6808"},{"taxonomy":"product_cat","embeddable":true,"href":"https:\/\/srdmakine.com\/en\/wp-json\/wp\/v2\/product_cat?post=6808"},{"taxonomy":"product_tag","embeddable":true,"href":"https:\/\/srdmakine.com\/en\/wp-json\/wp\/v2\/product_tag?post=6808"}],"curies":[{"name":"wp","href":"https:\/\/api.w.org\/{rel}","templated":true}]}}