{"id":6767,"date":"2024-01-30T16:38:53","date_gmt":"2024-01-30T13:38:53","guid":{"rendered":"https:\/\/srdmakine.com\/?post_type=product&#038;p=6767"},"modified":"2026-04-20T13:51:56","modified_gmt":"2026-04-20T10:51:56","slug":"tohum-ilaclama-makinesi","status":"publish","type":"product","link":"https:\/\/srdmakine.com\/en\/urun\/tohum-ilaclama-makinesi\/","title":{"rendered":"Tohum \u0130la\u00e7lama Makinesi"},"content":{"rendered":"<p class=\"name\">Tohum Ila\u00e7lama Makinesi (S\u0131v\u0131)<\/p>\n<p>\u00dcr\u00fcn Kodu:<em> T-\u0130250<\/em><\/p>\n<p>Tohumlar\u0131 ha\u015ferelere, mantarlanmaya veya yap\u0131 maddelerini korumak i\u00e7in hassas bir \u015fekilde kimyasal ila\u00e7lar ile kaplanmas\u0131nda kullan\u0131lan bir makinedir.<\/p>\n<div align=\"justify\"><strong>Tohum \u0130la\u00e7lama Makinesinin G\u00f6revi:<\/strong><\/div>\n<div align=\"justify\">Tohumlar\u0131 ha\u015ferelere, mantarlanmaya veya yap\u0131 maddelerini korumak i\u00e7in hassas bir \u015fekilde kimyasal ila\u00e7lar ile kaplanmas\u0131nda kullan\u0131lan bir makinedir.<\/div>\n<div align=\"justify\"><\/div>\n<div align=\"justify\"><\/div>\n<div align=\"justify\"><strong>Tohum \u0130la\u00e7lama Makinesinin \u00c7al\u0131\u015fma Prensibi:<\/strong><\/div>\n<div align=\"justify\">Silodan makineye al\u0131nan \u00fcr\u00fcn, makine i\u00e7ersinde \u00fcr\u00fcn da\u011f\u0131t\u0131m diski ile e\u015fit bir \u015fekilde makine kazan duvar\u0131na da\u011f\u0131t\u0131l\u0131r. \u00dcr\u00fcnler a\u015fa\u011f\u0131ya inerken ila\u00e7 da\u011f\u0131tma diskinden da\u011f\u0131lan ila\u00e7 \u00fcr\u00fcn\u00fc kaplar. Buradan \u00fc\u00e7\u00fcnc\u00fc a\u015famaya gecen \u00fcr\u00fcn kar\u0131\u015ft\u0131rma helezonunda ila\u00e7 ile tam anlam\u0131 ile kaplan\u0131r.<\/div>\n<div align=\"justify\"><\/div>\n<div align=\"justify\">Tohum \u0130la\u00e7lama makinemizin kontrol\u00fc mekanik ve otomatik olarak yap\u0131labilmektedir.<\/div>\n<div align=\"justify\"><img fetchpriority=\"high\" decoding=\"async\" class=\"alignnone size-medium wp-image-8707\" src=\"http:\/\/srdmakine.com\/wp-content\/uploads\/2024\/01\/250X250-ILACLAMA-MAKINESI-2-1-300x240.png\" alt=\"\" width=\"300\" height=\"240\" srcset=\"https:\/\/srdmakine.com\/wp-content\/uploads\/2024\/01\/250X250-ILACLAMA-MAKINESI-2-1-300x240.png 300w, https:\/\/srdmakine.com\/wp-content\/uploads\/2024\/01\/250X250-ILACLAMA-MAKINESI-2-1-600x480.png 600w, https:\/\/srdmakine.com\/wp-content\/uploads\/2024\/01\/250X250-ILACLAMA-MAKINESI-2-1-1024x819.png 1024w, https:\/\/srdmakine.com\/wp-content\/uploads\/2024\/01\/250X250-ILACLAMA-MAKINESI-2-1-768x614.png 768w, https:\/\/srdmakine.com\/wp-content\/uploads\/2024\/01\/250X250-ILACLAMA-MAKINESI-2-1-1536x1229.png 1536w, https:\/\/srdmakine.com\/wp-content\/uploads\/2024\/01\/250X250-ILACLAMA-MAKINESI-2-1-2048x1638.png 2048w\" sizes=\"(max-width: 300px) 100vw, 300px\" \/><\/div>\n","protected":false},"excerpt":{"rendered":"<p class=\"name\">Tohum Ila\u00e7lama Makinesi (S\u0131v\u0131)<\/p>\n<p>\u00dcr\u00fcn Kodu:<em> T-\u0130250<\/em><\/p>\n<p>Tohumlar\u0131 ha\u015ferelere, mantarlanmaya veya yap\u0131 maddelerini korumak i\u00e7in hassas bir \u015fekilde kimyasal ila\u00e7lar ile kaplanmas\u0131nda kullan\u0131lan bir makinedir. Ayr\u0131ca \u00dcr\u00fcn ya\u011flama i\u015flemini de yapabilir.<\/p>\n","protected":false},"featured_media":6769,"template":"","meta":{"_joinchat":[]},"product_brand":[],"product_cat":[1062,15],"product_tag":[225,322,320,321,318,324,325,319,323,317],"class_list":{"0":"post-6767","1":"product","2":"type-product","3":"status-publish","4":"has-post-thumbnail","6":"product_cat-eleme-makinalari","7":"product_cat-urunler","8":"product_tag-bugday","9":"product_tag-ilaclama","10":"product_tag-ilaclama-makinesi","11":"product_tag-ilaclama-yaglama","12":"product_tag-liquide-treatment","13":"product_tag-mercimek-yaglama","14":"product_tag-pirinc-yaglama","15":"product_tag-sivi-ilaclama-makinesi","16":"product_tag-tohum-ilaclama","17":"product_tag-treatment-machine","19":"first","20":"instock","21":"shipping-taxable","22":"product-type-simple"},"aioseo_notices":[],"_links":{"self":[{"href":"https:\/\/srdmakine.com\/en\/wp-json\/wp\/v2\/product\/6767","targetHints":{"allow":["GET"]}}],"collection":[{"href":"https:\/\/srdmakine.com\/en\/wp-json\/wp\/v2\/product"}],"about":[{"href":"https:\/\/srdmakine.com\/en\/wp-json\/wp\/v2\/types\/product"}],"version-history":[{"count":3,"href":"https:\/\/srdmakine.com\/en\/wp-json\/wp\/v2\/product\/6767\/revisions"}],"predecessor-version":[{"id":8709,"href":"https:\/\/srdmakine.com\/en\/wp-json\/wp\/v2\/product\/6767\/revisions\/8709"}],"wp:featuredmedia":[{"embeddable":true,"href":"https:\/\/srdmakine.com\/en\/wp-json\/wp\/v2\/media\/6769"}],"wp:attachment":[{"href":"https:\/\/srdmakine.com\/en\/wp-json\/wp\/v2\/media?parent=6767"}],"wp:term":[{"taxonomy":"product_brand","embeddable":true,"href":"https:\/\/srdmakine.com\/en\/wp-json\/wp\/v2\/product_brand?post=6767"},{"taxonomy":"product_cat","embeddable":true,"href":"https:\/\/srdmakine.com\/en\/wp-json\/wp\/v2\/product_cat?post=6767"},{"taxonomy":"product_tag","embeddable":true,"href":"https:\/\/srdmakine.com\/en\/wp-json\/wp\/v2\/product_tag?post=6767"}],"curies":[{"name":"wp","href":"https:\/\/api.w.org\/{rel}","templated":true}]}}