{"id":6695,"date":"2024-01-30T15:28:44","date_gmt":"2024-01-30T12:28:44","guid":{"rendered":"https:\/\/srdmakine.com\/?post_type=product&#038;p=6695"},"modified":"2026-04-20T13:53:45","modified_gmt":"2026-04-20T10:53:45","slug":"4-tekneli-eleme-makinesi","status":"publish","type":"product","link":"https:\/\/srdmakine.com\/en\/urun\/4-tekneli-eleme-makinesi\/","title":{"rendered":"4 Tekneli Eleme Makinesi"},"content":{"rendered":"<p><img fetchpriority=\"high\" decoding=\"async\" class=\"alignnone size-medium wp-image-12076\" src=\"http:\/\/srdmakine.com\/wp-content\/uploads\/2024\/01\/4-KATLI-ELEK-RESIM-225x300.jpg\" alt=\"\" width=\"225\" height=\"300\" srcset=\"https:\/\/srdmakine.com\/wp-content\/uploads\/2024\/01\/4-KATLI-ELEK-RESIM-225x300.jpg 225w, https:\/\/srdmakine.com\/wp-content\/uploads\/2024\/01\/4-KATLI-ELEK-RESIM-600x800.jpg 600w, https:\/\/srdmakine.com\/wp-content\/uploads\/2024\/01\/4-KATLI-ELEK-RESIM.jpg 768w\" sizes=\"(max-width: 225px) 100vw, 225px\" \/> <img decoding=\"async\" class=\"alignnone size-medium wp-image-12077\" src=\"http:\/\/srdmakine.com\/wp-content\/uploads\/2024\/01\/4-KATLI-ELEME-MAKINESI-4-DECK-GRADING-MACHINE-3-1-200x300.jpg\" alt=\"\" width=\"200\" height=\"300\" srcset=\"https:\/\/srdmakine.com\/wp-content\/uploads\/2024\/01\/4-KATLI-ELEME-MAKINESI-4-DECK-GRADING-MACHINE-3-1-200x300.jpg 200w, https:\/\/srdmakine.com\/wp-content\/uploads\/2024\/01\/4-KATLI-ELEME-MAKINESI-4-DECK-GRADING-MACHINE-3-1-scaled-600x900.jpg 600w, https:\/\/srdmakine.com\/wp-content\/uploads\/2024\/01\/4-KATLI-ELEME-MAKINESI-4-DECK-GRADING-MACHINE-3-1-683x1024.jpg 683w, https:\/\/srdmakine.com\/wp-content\/uploads\/2024\/01\/4-KATLI-ELEME-MAKINESI-4-DECK-GRADING-MACHINE-3-1-768x1152.jpg 768w, https:\/\/srdmakine.com\/wp-content\/uploads\/2024\/01\/4-KATLI-ELEME-MAKINESI-4-DECK-GRADING-MACHINE-3-1-1024x1536.jpg 1024w, https:\/\/srdmakine.com\/wp-content\/uploads\/2024\/01\/4-KATLI-ELEME-MAKINESI-4-DECK-GRADING-MACHINE-3-1-1365x2048.jpg 1365w, https:\/\/srdmakine.com\/wp-content\/uploads\/2024\/01\/4-KATLI-ELEME-MAKINESI-4-DECK-GRADING-MACHINE-3-1-scaled.jpg 1707w\" sizes=\"(max-width: 200px) 100vw, 200px\" \/><\/p>\n<div style=\"width: 368px;\" class=\"wp-video\"><video class=\"wp-video-shortcode\" id=\"video-6695-1\" width=\"368\" height=\"672\" preload=\"metadata\" controls=\"controls\"><source type=\"video\/mp4\" src=\"http:\/\/srdmakine.com\/wp-content\/uploads\/2024\/01\/NOHUT-ELEME-ISLEM-1.mp4?_=1\" \/><a href=\"http:\/\/srdmakine.com\/wp-content\/uploads\/2024\/01\/NOHUT-ELEME-ISLEM-1.mp4\">http:\/\/srdmakine.com\/wp-content\/uploads\/2024\/01\/NOHUT-ELEME-ISLEM-1.mp4<\/a><\/video><\/div>\n<p class=\"name\"><img decoding=\"async\" class=\"alignnone size-medium wp-image-8437\" src=\"http:\/\/srdmakine.com\/wp-content\/uploads\/2024\/01\/NOHUT-ELEME1-1-200x300.jpg\" alt=\"\" width=\"200\" height=\"300\" srcset=\"https:\/\/srdmakine.com\/wp-content\/uploads\/2024\/01\/NOHUT-ELEME1-1-200x300.jpg 200w, https:\/\/srdmakine.com\/wp-content\/uploads\/2024\/01\/NOHUT-ELEME1-1-600x900.jpg 600w, https:\/\/srdmakine.com\/wp-content\/uploads\/2024\/01\/NOHUT-ELEME1-1-682x1024.jpg 682w, https:\/\/srdmakine.com\/wp-content\/uploads\/2024\/01\/NOHUT-ELEME1-1-768x1152.jpg 768w, https:\/\/srdmakine.com\/wp-content\/uploads\/2024\/01\/NOHUT-ELEME1-1.jpg 853w\" sizes=\"(max-width: 200px) 100vw, 200px\" \/>D\u00f6rt Tekneli \u00d6n ve Hassas Temizleme Ele\u011fi<\/p>\n<p>\u00dcr\u00fcn Kodu:<em> TEM 44<\/em><\/p>\n<div>Bakliyat, hububat ve bunun gibi kuru taneli \u00fcr\u00fcnlerin elenmesi ve temizlenmesinde kullan\u0131l\u0131r. Makina \u00fczerinde g\u00fc\u00e7l\u00fc \u00e7ekme kuvvetine sahip vakum sistemi bulunmaktad\u0131r. \u00dcr\u00fcn i\u00e7erisindeki zay\u0131f ve c\u0131l\u0131z taneleri vakumlama emme g\u00fcc\u00fcyle ay\u0131r\u0131r. Vakumlama i\u015flemi 5 kez tekrar edilerek minimum derece temizleme ger\u00e7ekle\u015ftirilmi\u015f olunur. Makina\u00a0d\u00f6rt\u00a0adet eleme teknesine sahiptir. Bu elek sayesinde elek alt\u0131 k\u00fc\u00e7\u00fck par\u00e7ac\u0131klardan ayr\u0131l\u0131r. D\u00f6rt Tekneli Hassas Temizleme ve Eleme makinesinde d\u00f6rt boy \u00fcr\u00fcn elde edilir.Teknede kullan\u0131lan elek hem temizleme hem de \u00fcr\u00fcn\u00fc boyutlara ay\u0131rmak i\u00e7in kullan\u0131l\u0131r. Bu makine ile sadece temizleme i\u015flemi yap\u0131labilmektedir.Makina tekerlekli yap\u0131labildi\u011fi gibi sabit olarak da yap\u0131l\u0131r.<\/div>\n<div><\/div>\n<div>D\u00f6rt Tekneli Hassas Temizleme ve Eleme makinas\u0131n\u0131n \u00dc\u00e7 Tekneli Hassas Temizleme Elek makinas\u0131ndan farkl\u0131 olarak d\u00f6rt adet eleme teknesinin bulunmas\u0131d\u0131r. Bu makinede temizleme yap\u0131labildi\u011fi gibi \u00fcr\u00fcnleri d\u00f6rt boya ay\u0131rabilir.<\/div>\n<p>&nbsp;<\/p>\n","protected":false},"excerpt":{"rendered":"<div class=\"gdlr-core-pbf-element\">\n<div class=\"gdlr-core-port-info-item gdlr-core-item-pdb gdlr-core-item-pdlr\">\n<div class=\"gdlr-core-port-info-wrap gdlr-core-skin-divider gdlr-core-with-border\">\n<div class=\"gdlr-core-port-info\"><span class=\"gdlr-core-port-info-key gdlr-core-skin-title\"><img loading=\"lazy\" decoding=\"async\" class=\"alignnone size-medium wp-image-8429\" src=\"http:\/\/srdmakine.com\/wp-content\/uploads\/2024\/01\/4-KATLI-ELEME-MAKINESI-4-DECK-GRADING-MACHINE-200x300.jpg\" alt=\"\" width=\"200\" height=\"300\" srcset=\"https:\/\/srdmakine.com\/wp-content\/uploads\/2024\/01\/4-KATLI-ELEME-MAKINESI-4-DECK-GRADING-MACHINE-200x300.jpg 200w, https:\/\/srdmakine.com\/wp-content\/uploads\/2024\/01\/4-KATLI-ELEME-MAKINESI-4-DECK-GRADING-MACHINE-scaled-600x900.jpg 600w, https:\/\/srdmakine.com\/wp-content\/uploads\/2024\/01\/4-KATLI-ELEME-MAKINESI-4-DECK-GRADING-MACHINE-683x1024.jpg 683w, https:\/\/srdmakine.com\/wp-content\/uploads\/2024\/01\/4-KATLI-ELEME-MAKINESI-4-DECK-GRADING-MACHINE-768x1152.jpg 768w, https:\/\/srdmakine.com\/wp-content\/uploads\/2024\/01\/4-KATLI-ELEME-MAKINESI-4-DECK-GRADING-MACHINE-1024x1536.jpg 1024w, https:\/\/srdmakine.com\/wp-content\/uploads\/2024\/01\/4-KATLI-ELEME-MAKINESI-4-DECK-GRADING-MACHINE-1365x2048.jpg 1365w, https:\/\/srdmakine.com\/wp-content\/uploads\/2024\/01\/4-KATLI-ELEME-MAKINESI-4-DECK-GRADING-MACHINE-scaled.jpg 1707w\" sizes=\"(max-width: 200px) 100vw, 200px\" \/> \u00dcr\u00fcn Kodu: <\/span><span class=\"gdlr-core-port-info-value\">TEM 44<\/span><\/div>\n<\/div>\n<\/div>\n<\/div>\n<div class=\"gdlr-core-pbf-element\">\n<div class=\"gdlr-core-title-item gdlr-core-item-pdb clearfix gdlr-core-left-align gdlr-core-title-item-caption-top gdlr-core-item-pdlr\">\n<div class=\"gdlr-core-title-item-title-wrap \">\n<h3 class=\"gdlr-core-title-item-title gdlr-core-skin-title \">\u00dcR\u00dcN TANIMI<\/h3>\n<\/div>\n<\/div>\n<\/div>\n<div class=\"gdlr-core-pbf-element\">\n<div class=\"gdlr-core-text-box-item gdlr-core-item-pdlr gdlr-core-item-pdb gdlr-core-left-align\">\n<div class=\"gdlr-core-text-box-item-content\">\n<p>D\u00f6rt Tekneli Hassas Temizleme ve Eleme Makinesi tek b\u00f6l\u00fcmden olu\u015fur. \u00d6n Temizleme veya Boylama imkan\u0131 sa\u011flayan bir makinedir.<\/p>\n<\/div>\n<\/div>\n<\/div>\n<div class=\"gdlr-core-pbf-element\">\n<div class=\"gdlr-core-title-item gdlr-core-item-pdb clearfix gdlr-core-left-align gdlr-core-title-item-caption-top gdlr-core-item-pdlr\">\n<div class=\"gdlr-core-title-item-title-wrap \">\n<h3 class=\"gdlr-core-title-item-title gdlr-core-skin-title \">\u00c7ALI\u015eMA PRENS\u0130B\u0130<\/h3>\n<\/div>\n<\/div>\n<\/div>\n<div class=\"gdlr-core-pbf-element\">\n<div class=\"gdlr-core-text-box-item gdlr-core-item-pdlr gdlr-core-item-pdb gdlr-core-left-align\">\n<div class=\"gdlr-core-text-box-item-content\">\n<p>\u00a0D\u00f6rt Tekneli Hassas Temizleme ve Eleme Makinesi, \u00d6n temizleme veya Boylamay\u0131 ayn\u0131 b\u00f6l\u00fcmde yapar. Burada, \u00fcr\u00fcndeki toz, kabuk, \u00e7\u00f6p gibi yabanc\u0131 maddeler temizlenir. Bu makine ile \u00f6n temizleme yap\u0131lmak istenmez ise 5 farkl\u0131 boyda \u00fcr\u00fcn ayr\u0131\u015ft\u0131rabilir.<\/p>\n<\/div>\n<\/div>\n<\/div>\n","protected":false},"featured_media":12076,"template":"","meta":{"_joinchat":[]},"product_brand":[],"product_cat":[1062,15],"product_tag":[257,249,224,253,246,225,248,247,250,256,258,252,229,227,243,228,259,244],"class_list":{"0":"post-6695","1":"product","2":"type-product","3":"status-publish","4":"has-post-thumbnail","6":"product_cat-eleme-makinalari","7":"product_cat-urunler","8":"product_tag-4-katli-eleme-makinesi","9":"product_tag-acik-elek","10":"product_tag-arpa","11":"product_tag-baharat-eleme-makinesi","12":"product_tag-bakliyat-temizleme","13":"product_tag-bugday","14":"product_tag-bugday-elegi","15":"product_tag-bugday-temizleme","16":"product_tag-cekirdek-temizleme","17":"product_tag-dort-katli-elek","18":"product_tag-dort-tekneli-eleme-makinesi","19":"product_tag-elek-selektor","20":"product_tag-keten-tohumu","21":"product_tag-kinoa","22":"product_tag-misir","23":"product_tag-pirinc","24":"product_tag-plastik-bakliyat-hububat-susam","25":"product_tag-tohum","27":"first","28":"instock","29":"shipping-taxable","30":"product-type-simple"},"aioseo_notices":[],"_links":{"self":[{"href":"https:\/\/srdmakine.com\/en\/wp-json\/wp\/v2\/product\/6695","targetHints":{"allow":["GET"]}}],"collection":[{"href":"https:\/\/srdmakine.com\/en\/wp-json\/wp\/v2\/product"}],"about":[{"href":"https:\/\/srdmakine.com\/en\/wp-json\/wp\/v2\/types\/product"}],"version-history":[{"count":7,"href":"https:\/\/srdmakine.com\/en\/wp-json\/wp\/v2\/product\/6695\/revisions"}],"predecessor-version":[{"id":12078,"href":"https:\/\/srdmakine.com\/en\/wp-json\/wp\/v2\/product\/6695\/revisions\/12078"}],"wp:featuredmedia":[{"embeddable":true,"href":"https:\/\/srdmakine.com\/en\/wp-json\/wp\/v2\/media\/12076"}],"wp:attachment":[{"href":"https:\/\/srdmakine.com\/en\/wp-json\/wp\/v2\/media?parent=6695"}],"wp:term":[{"taxonomy":"product_brand","embeddable":true,"href":"https:\/\/srdmakine.com\/en\/wp-json\/wp\/v2\/product_brand?post=6695"},{"taxonomy":"product_cat","embeddable":true,"href":"https:\/\/srdmakine.com\/en\/wp-json\/wp\/v2\/product_cat?post=6695"},{"taxonomy":"product_tag","embeddable":true,"href":"https:\/\/srdmakine.com\/en\/wp-json\/wp\/v2\/product_tag?post=6695"}],"curies":[{"name":"wp","href":"https:\/\/api.w.org\/{rel}","templated":true}]}}