{"id":6657,"date":"2024-01-30T14:25:39","date_gmt":"2024-01-30T11:25:39","guid":{"rendered":"https:\/\/srdmakine.com\/?post_type=product&#038;p=6657"},"modified":"2026-04-20T13:54:00","modified_gmt":"2026-04-20T10:54:00","slug":"5-tekneli-eleme-makinesi","status":"publish","type":"product","link":"https:\/\/srdmakine.com\/en\/urun\/5-tekneli-eleme-makinesi\/","title":{"rendered":"Be\u015f Tekneli Boylama Makinesi"},"content":{"rendered":"<div class=\"gdlr-core-pbf-element\">\n<div class=\"gdlr-core-title-item gdlr-core-item-pdb clearfix gdlr-core-left-align gdlr-core-title-item-caption-top gdlr-core-item-pdlr\">\n<div class=\"gdlr-core-title-item-title-wrap \">\n<h3>srd-56<\/h3>\n<\/div>\n<\/div>\n<\/div>\n<div class=\"gdlr-core-pbf-element\">\n<div class=\"gdlr-core-text-box-item gdlr-core-item-pdlr gdlr-core-item-pdb gdlr-core-left-align\">\n<div class=\"gdlr-core-text-box-item-content\">\n<p>\u00d6n temizlenmi\u015f ya da temizlenmesine gerek duyulmayan \u00fcr\u00fcnlerin<br \/>\n2-3-4-5-6- farkl\u0131 boya ayr\u0131lmas\u0131n\u0131 veya i\u00e7inde bulunan k\u0131r\u0131klar\u0131n<br \/>\nal\u0131nmas\u0131n\u0131 sa\u011flayan makinelerdir. Renk ay\u0131rma makinesinden<br \/>\n\u00f6ncede makinenin kapasitesini art\u0131rmak i\u00e7inde kullan\u0131labilir. \u0130ste\u011fe<br \/>\ng\u00f6re \u00fcr\u00fcne uygun kapasitelerde tek tekneli \u00e7ift tekneli 3-4-5-6<br \/>\ntekneli modelleri mevcutur. Standard\u0131nda seyyar ve sabit olmak<br \/>\n\u00fczere iki modeli vard\u0131r.<\/p>\n<div align=\"justify\">\u00d6nceden temizlenmi\u015f ya da temizlenmesine gerek duyulmayan \u00fcr\u00fcnlerin alt\u0131 farkl\u0131 boya ayr\u0131lmas\u0131n\u0131 veya i\u00e7inde bulunan k\u0131r\u0131klar\u0131n al\u0131nmas\u0131n\u0131 sa\u011flayan bir makinedir.Be\u015f Tekneli Boylama Makinesi, genel olarak Fotosorter&#8217;\u0131n (Renk Ay\u0131rma) makinesinin alt k\u0131sm\u0131na yerle\u015ftirilmesi ile son kez kontrol ama\u00e7l\u0131 kullan\u0131l\u0131r. Opsiyonel olarak sabit veya mobil (tekerlekli) olarak \u00fcretilebilir.<\/div>\n<div align=\"justify\"><\/div>\n<div align=\"justify\">Be\u015f Tekneli Boylama Makinesi, \u00fcr\u00fcn\u00fc sadece boyutlar\u0131na ay\u0131r\u0131r,temizleme ama\u00e7l\u0131 kullan\u0131lmaz.<\/div>\n<div align=\"justify\"><\/div>\n<div align=\"justify\">Be\u015f Tekneli Boylama Makinesi, D\u00f6rt Tekneli Boylama Makinesinden farkl\u0131 olarak bir adet eleme teknesinin fazla olmas\u0131d\u0131r.<\/div>\n<div align=\"justify\"><\/div>\n<div align=\"justify\">Be\u015f Tekneli Boylama Makinesi, \u00fcr\u00fcn\u00fc alt\u0131 farkl\u0131 boya ay\u0131rarak i\u00e7inde bulunan k\u0131r\u0131klar\u0131n al\u0131nmas\u0131n\u0131 sa\u011flayan bir makinedir.<\/div>\n<div align=\"justify\">\n<div align=\"justify\">\u0130yile\u015ftirdi\u011fi \u00dcr\u00fcnler :<\/div>\n<div align=\"justify\">Soya Fas\u00fclyesi<\/div>\n<div align=\"justify\">Nohut<\/div>\n<div align=\"justify\">Fas\u00fclye<\/div>\n<div align=\"justify\">Barbunya<\/div>\n<div align=\"justify\">Bakla<\/div>\n<div align=\"justify\">Susam<\/div>\n<div align=\"justify\">Mercimek<\/div>\n<div align=\"justify\">Bu\u011fday<\/div>\n<div align=\"justify\">Prin\u00e7<\/div>\n<div align=\"justify\">Ay\u00e7ekirde\u011fi<\/div>\n<div align=\"justify\">Kimyon vb.<\/div>\n<div><\/div>\n<\/div>\n<div><em style=\"font-size: 16px;\">Detayl\u0131 Bilgi i\u00e7in E-Katalog 06-07 sayfam\u0131zdan inceyelebilirsiniz.<\/em><\/div>\n<\/div>\n<\/div>\n<\/div>\n","protected":false},"excerpt":{"rendered":"<h3><img fetchpriority=\"high\" decoding=\"async\" class=\"alignnone size-medium wp-image-8469\" src=\"http:\/\/srdmakine.com\/wp-content\/uploads\/2024\/01\/5-kasali-boylama-mak-247x300.jpg\" alt=\"\" width=\"247\" height=\"300\" srcset=\"https:\/\/srdmakine.com\/wp-content\/uploads\/2024\/01\/5-kasali-boylama-mak-247x300.jpg 247w, https:\/\/srdmakine.com\/wp-content\/uploads\/2024\/01\/5-kasali-boylama-mak.jpg 315w\" sizes=\"(max-width: 247px) 100vw, 247px\" \/>srd-56<\/h3>\n<div class=\"gdlr-core-pbf-element\">\n<div class=\"gdlr-core-title-item gdlr-core-item-pdb clearfix gdlr-core-left-align gdlr-core-title-item-caption-top gdlr-core-item-pdlr\">\n<div class=\"gdlr-core-title-item-title-wrap \">\n<h3 class=\"gdlr-core-title-item-title gdlr-core-skin-title \">\u00dcR\u00dcN TANIMI<\/h3>\n<\/div>\n<\/div>\n<\/div>\n<div class=\"gdlr-core-pbf-element\">\n<div class=\"gdlr-core-text-box-item gdlr-core-item-pdlr gdlr-core-item-pdb gdlr-core-left-align\">\n<div class=\"gdlr-core-text-box-item-content\">\n<p>Be\u015f Tekneli Boylama Makinesi, tek b\u00f6l\u00fcmden olu\u015fur. \u00d6n temizlemesi yap\u0131lm\u0131\u015f \u00fcr\u00fcnlerin boylamas\u0131n\u0131n yap\u0131lmas\u0131n\u0131 sa\u011flar.<\/p>\n<\/div>\n<\/div>\n<\/div>\n<div class=\"gdlr-core-pbf-element\">\n<div class=\"gdlr-core-title-item gdlr-core-item-pdb clearfix gdlr-core-left-align gdlr-core-title-item-caption-top gdlr-core-item-pdlr\">\n<div class=\"gdlr-core-title-item-title-wrap \">\n<h3 class=\"gdlr-core-title-item-title gdlr-core-skin-title \">\u00c7ALI\u015eMA PRENS\u0130B\u0130<\/h3>\n<\/div>\n<\/div>\n<\/div>\n<div class=\"gdlr-core-pbf-element\">\n<div class=\"gdlr-core-text-box-item gdlr-core-item-pdlr gdlr-core-item-pdb gdlr-core-left-align\">\n<div class=\"gdlr-core-text-box-item-content\">\n<p>\u00a0Be\u015f Tekneli Boylama Makinesinda, \u00fcr\u00fcn da\u011f\u0131t\u0131c\u0131 hazne yard\u0131m\u0131 ile teknenin \u00fczerine aktar\u0131l\u0131r. Vibrasyon yard\u0131m\u0131 ile elek \u00fczerine yay\u0131lan \u00fcr\u00fcn, istenilen boyutlarda ayr\u0131\u015ft\u0131r\u0131lm\u0131\u015f olur. Bu makine 6 farkl\u0131 boyda \u00fcr\u00fcn ayr\u0131\u015ft\u0131rabilir<\/p>\n<\/div>\n<\/div>\n<\/div>\n<p><em>Detayl\u0131 Bilgi i\u00e7in E-Katalog 06-07 sayfam\u0131zdan inceyelebilirsiniz.<\/em><\/p>\n","protected":false},"featured_media":8473,"template":"","meta":{"_joinchat":[]},"product_brand":[],"product_cat":[1062,15],"product_tag":[224,238,239,263,237,234,225,241,240,242,229,227,243,228,259,264,244],"class_list":{"0":"post-6657","1":"product","2":"type-product","3":"status-publish","4":"has-post-thumbnail","6":"product_cat-eleme-makinalari","7":"product_cat-urunler","8":"product_tag-arpa","9":"product_tag-ayirma-makinesi","10":"product_tag-bakliyat-boylama","11":"product_tag-bes-katli-boylama-makinesi","12":"product_tag-boy-alma-makinesi","13":"product_tag-boylama-makinesi","14":"product_tag-bugday","15":"product_tag-bugday-boylama","16":"product_tag-cekirdek-boylama","17":"product_tag-hububat-boylama","18":"product_tag-keten-tohumu","19":"product_tag-kinoa","20":"product_tag-misir","21":"product_tag-pirinc","22":"product_tag-plastik-bakliyat-hububat-susam","23":"product_tag-selektor-boy-alma","24":"product_tag-tohum","26":"first","27":"instock","28":"shipping-taxable","29":"product-type-simple"},"aioseo_notices":[],"_links":{"self":[{"href":"https:\/\/srdmakine.com\/en\/wp-json\/wp\/v2\/product\/6657","targetHints":{"allow":["GET"]}}],"collection":[{"href":"https:\/\/srdmakine.com\/en\/wp-json\/wp\/v2\/product"}],"about":[{"href":"https:\/\/srdmakine.com\/en\/wp-json\/wp\/v2\/types\/product"}],"version-history":[{"count":14,"href":"https:\/\/srdmakine.com\/en\/wp-json\/wp\/v2\/product\/6657\/revisions"}],"predecessor-version":[{"id":13152,"href":"https:\/\/srdmakine.com\/en\/wp-json\/wp\/v2\/product\/6657\/revisions\/13152"}],"wp:featuredmedia":[{"embeddable":true,"href":"https:\/\/srdmakine.com\/en\/wp-json\/wp\/v2\/media\/8473"}],"wp:attachment":[{"href":"https:\/\/srdmakine.com\/en\/wp-json\/wp\/v2\/media?parent=6657"}],"wp:term":[{"taxonomy":"product_brand","embeddable":true,"href":"https:\/\/srdmakine.com\/en\/wp-json\/wp\/v2\/product_brand?post=6657"},{"taxonomy":"product_cat","embeddable":true,"href":"https:\/\/srdmakine.com\/en\/wp-json\/wp\/v2\/product_cat?post=6657"},{"taxonomy":"product_tag","embeddable":true,"href":"https:\/\/srdmakine.com\/en\/wp-json\/wp\/v2\/product_tag?post=6657"}],"curies":[{"name":"wp","href":"https:\/\/api.w.org\/{rel}","templated":true}]}}