{"id":6625,"date":"2024-01-30T13:53:08","date_gmt":"2024-01-30T10:53:08","guid":{"rendered":"https:\/\/srdmakine.com\/?post_type=product&#038;p=6625"},"modified":"2026-04-20T13:54:11","modified_gmt":"2026-04-20T10:54:11","slug":"3-tekneli-eleme-makinesi","status":"publish","type":"product","link":"https:\/\/srdmakine.com\/en\/urun\/3-tekneli-eleme-makinesi\/","title":{"rendered":"3 Tekneli Eleme Makinesi"},"content":{"rendered":"<div align=\"justify\">Bakliyat, hububat ve bunun gibi kuru taneli \u00fcr\u00fcnlerin elenmesi ve temizlenmesinde kullan\u0131l\u0131r. Makina \u00fczerinde g\u00fc\u00e7l\u00fc \u00e7ekme kuvvetine sahip vakum sistemi bulunmaktad\u0131r. \u00dcr\u00fcn i\u00e7erisindeki zay\u0131f ve c\u0131l\u0131z taneleri vakumlama emme g\u00fcc\u00fcyle ay\u0131r\u0131r. \u00a0Vakumlama i\u015flemi 5 kez tekrar edilerek minimum derece temizleme ger\u00e7ekle\u015ftirilmi\u015f olunur. Makina\u00a0\u00fc\u00e7\u00a0adet eleme teknesine sahiptir. Bu elek sayesinde elek alt\u0131 k\u00fc\u00e7\u00fck par\u00e7ac\u0131klardan ayr\u0131l\u0131r.\u00dc\u00e7 Tekneli Hassas Temizleme ve Eleme makinesinde \u00fc\u00e7 boy \u00fcr\u00fcn elde edilir.Teknede kullan\u0131lan elek hem hem temizleme hem de \u00fcr\u00fcn\u00fc boyutlara ay\u0131rmak i\u00e7in kullan\u0131l\u0131r.Bu makine ile sadece temizleme i\u015flemi yap\u0131labilmektedir.Makina tekerlekli yap\u0131labildi\u011fi gibi sabit olarak da yap\u0131l\u0131r.<\/div>\n<div align=\"justify\"><\/div>\n<div align=\"justify\">\u00dc\u00e7 Tekneli Hassas Temizleme ve Eleme makinas\u0131n\u0131n, \u0130ki Tekneli Hassas Temizleme ve Eleme makinas\u0131ndan farkl\u0131 olarak \u00fc\u00e7 adet eleme teknesinin bulunmas\u0131d\u0131r.Bu makinede temizleme yap\u0131labildi\u011fi gibi \u00fcr\u00fcnleri \u00fc\u00e7 boya ay\u0131r\u0131r.<\/div>\n<p>&nbsp;<\/p>\n<p><img decoding=\"async\" class=\"alignnone wp-image-8408\" style=\"font-weight: inherit;\" src=\"http:\/\/srdmakine.com\/wp-content\/uploads\/2024\/01\/3-katli-elek-300x212.jpg\" alt=\"\" width=\"224\" height=\"158\" srcset=\"https:\/\/srdmakine.com\/wp-content\/uploads\/2024\/01\/3-katli-elek-300x212.jpg 300w, https:\/\/srdmakine.com\/wp-content\/uploads\/2024\/01\/3-katli-elek-600x424.jpg 600w, https:\/\/srdmakine.com\/wp-content\/uploads\/2024\/01\/3-katli-elek-1024x724.jpg 1024w, https:\/\/srdmakine.com\/wp-content\/uploads\/2024\/01\/3-katli-elek-768x543.jpg 768w, https:\/\/srdmakine.com\/wp-content\/uploads\/2024\/01\/3-katli-elek-1536x1086.jpg 1536w, https:\/\/srdmakine.com\/wp-content\/uploads\/2024\/01\/3-katli-elek.jpg 1754w\" sizes=\"(max-width: 224px) 100vw, 224px\" \/><\/p>\n","protected":false},"excerpt":{"rendered":"<p>&nbsp;<\/p>\n<div class=\"gdlr-core-pbf-element\">\n<div class=\"gdlr-core-title-item gdlr-core-item-pdb clearfix gdlr-core-left-align gdlr-core-title-item-caption-top gdlr-core-item-pdlr\">\n<div class=\"gdlr-core-title-item-title-wrap \">\n<h3 class=\"gdlr-core-title-item-title gdlr-core-skin-title \">\u00dcR\u00dcN TANIMI<\/h3>\n<\/div>\n<\/div>\n<\/div>\n<div class=\"gdlr-core-pbf-element\">\n<div class=\"gdlr-core-text-box-item gdlr-core-item-pdlr gdlr-core-item-pdb gdlr-core-left-align\">\n<div class=\"gdlr-core-text-box-item-content\">\n<p>\u00a0\u00dc\u00e7 Tekneli Hassas Temizleme ve Eleme Makinesi tek b\u00f6l\u00fcmden olu\u015fur. \u00d6n Temizleme veya Boylama imkan\u0131 sa\u011flayan bir makinedir.<\/p>\n<\/div>\n<\/div>\n<\/div>\n<div class=\"gdlr-core-pbf-element\">\n<div class=\"gdlr-core-title-item gdlr-core-item-pdb clearfix gdlr-core-left-align gdlr-core-title-item-caption-top gdlr-core-item-pdlr\">\n<div class=\"gdlr-core-title-item-title-wrap \">\n<h3 class=\"gdlr-core-title-item-title gdlr-core-skin-title \">\u00c7ALI\u015eMA PRENS\u0130B\u0130<\/h3>\n<\/div>\n<\/div>\n<\/div>\n<div class=\"gdlr-core-pbf-element\">\n<div class=\"gdlr-core-text-box-item gdlr-core-item-pdlr gdlr-core-item-pdb gdlr-core-left-align\">\n<div class=\"gdlr-core-text-box-item-content\">\n<p>\u00a0\u00dc\u00e7 Tekneli Hassas Temizleme ve Eleme Makinesi, \u00d6n temizleme veya Boylamay\u0131 ayn\u0131 b\u00f6l\u00fcmde yapar. Burada, \u00fcr\u00fcndeki toz, kabuk, \u00e7\u00f6p gibi yabanc\u0131 maddeler temizlenir. Bu makine ile \u00f6n temizleme yap\u0131lmak istenmez ise 3 farkl\u0131 boyda \u00fcr\u00fcn ayr\u0131\u015ft\u0131rabilir.<\/p>\n<\/div>\n<\/div>\n<\/div>\n<p>&nbsp;<\/p>\n<p><img decoding=\"async\" class=\"alignnone size-medium wp-image-8411\" src=\"http:\/\/srdmakine.com\/wp-content\/uploads\/2024\/01\/3-tekneli-resim1.jpg\" alt=\"\" width=\"215\" height=\"224\" \/><\/p>\n","protected":false},"featured_media":8408,"template":"","meta":{"_joinchat":[]},"product_brand":[],"product_cat":[1062,15],"product_tag":[249,224,253,231,246,225,248,247,250,252,232,229,227,243,228,230,245,244,255,254],"class_list":{"0":"post-6625","1":"product","2":"type-product","3":"status-publish","4":"has-post-thumbnail","6":"product_cat-eleme-makinalari","7":"product_cat-urunler","8":"product_tag-acik-elek","9":"product_tag-arpa","10":"product_tag-baharat-eleme-makinesi","11":"product_tag-bakliyat","12":"product_tag-bakliyat-temizleme","13":"product_tag-bugday","14":"product_tag-bugday-elegi","15":"product_tag-bugday-temizleme","16":"product_tag-cekirdek-temizleme","17":"product_tag-elek-selektor","18":"product_tag-hububat","19":"product_tag-keten-tohumu","20":"product_tag-kinoa","21":"product_tag-misir","22":"product_tag-pirinc","23":"product_tag-plastik","24":"product_tag-susam","25":"product_tag-tohum","26":"product_tag-uc-tekneli-eleme-makinesi","27":"product_tag-uc-tekneli-makine","29":"first","30":"instock","31":"shipping-taxable","32":"product-type-simple"},"aioseo_notices":[],"_links":{"self":[{"href":"https:\/\/srdmakine.com\/en\/wp-json\/wp\/v2\/product\/6625","targetHints":{"allow":["GET"]}}],"collection":[{"href":"https:\/\/srdmakine.com\/en\/wp-json\/wp\/v2\/product"}],"about":[{"href":"https:\/\/srdmakine.com\/en\/wp-json\/wp\/v2\/types\/product"}],"version-history":[{"count":5,"href":"https:\/\/srdmakine.com\/en\/wp-json\/wp\/v2\/product\/6625\/revisions"}],"predecessor-version":[{"id":12795,"href":"https:\/\/srdmakine.com\/en\/wp-json\/wp\/v2\/product\/6625\/revisions\/12795"}],"wp:featuredmedia":[{"embeddable":true,"href":"https:\/\/srdmakine.com\/en\/wp-json\/wp\/v2\/media\/8408"}],"wp:attachment":[{"href":"https:\/\/srdmakine.com\/en\/wp-json\/wp\/v2\/media?parent=6625"}],"wp:term":[{"taxonomy":"product_brand","embeddable":true,"href":"https:\/\/srdmakine.com\/en\/wp-json\/wp\/v2\/product_brand?post=6625"},{"taxonomy":"product_cat","embeddable":true,"href":"https:\/\/srdmakine.com\/en\/wp-json\/wp\/v2\/product_cat?post=6625"},{"taxonomy":"product_tag","embeddable":true,"href":"https:\/\/srdmakine.com\/en\/wp-json\/wp\/v2\/product_tag?post=6625"}],"curies":[{"name":"wp","href":"https:\/\/api.w.org\/{rel}","templated":true}]}}