{"id":6622,"date":"2024-01-30T12:46:01","date_gmt":"2024-01-30T09:46:01","guid":{"rendered":"https:\/\/srdmakine.com\/?post_type=product&#038;p=6622"},"modified":"2026-04-20T13:54:16","modified_gmt":"2026-04-20T10:54:16","slug":"2-tekneli-eleme-makinesi","status":"publish","type":"product","link":"https:\/\/srdmakine.com\/en\/urun\/2-tekneli-eleme-makinesi\/","title":{"rendered":"2 Tekneli Eleme Makinesi"},"content":{"rendered":"<p>Bakliyat, hububat ve bunun gibi kuru taneli \u00fcr\u00fcnlerin elenmesi ve temizlenmesinde kullan\u0131l\u0131r. Makina \u00fczerinde g\u00fc\u00e7l\u00fc \u00e7ekme kuvvetine sahip \u00a0vakum sistemi bulunmaktad\u0131r. \u00dcr\u00fcn i\u00e7erisindeki zay\u0131f ve c\u0131l\u0131z taneleri vakumlama emme g\u00fcc\u00fcyle ay\u0131r\u0131r. \u00a0Vakumlama i\u015flemi 5 kez tekrar edilerek minimum derece temizleme ger\u00e7ekle\u015ftirilmi\u015f olunur. Makina\u00a0iki\u00a0adet eleme teknesine sahiptir. Bu elek sayesinde elek alt\u0131 k\u00fc\u00e7\u00fck par\u00e7ac\u0131klardan ayr\u0131l\u0131r.\u0130ki Tekneli Hassas Temizleme ve Eleme makinesinde iki boy \u00fcr\u00fcn elde edilir.Teknede kullan\u0131lan elek hem temizleme hemde \u00fcr\u00fcn\u00fc boyutlara ay\u0131rmak i\u00e7in kullan\u0131l\u0131r.Bu makina ile sadece temizleme i\u015flemi yap\u0131labilmektedir.Makina tekerlekli yap\u0131labildi\u011fi gibi sabit olarak da yap\u0131l\u0131r.<\/p>\n<div>\u0130ki tekneli hassas temizleme eleme makinas\u0131, tek tekneli hassas temizleme eleme makinas\u0131ndan farkl\u0131 olarak bir adet eleme teknesinin fazla olmas\u0131d\u0131r.Bu makine temizleme yapabildi\u011fi gibi \u00fcr\u00fcn\u00fc iki boya ay\u0131r\u0131r.<\/div>\n<p><img fetchpriority=\"high\" decoding=\"async\" class=\"alignnone wp-image-8402\" src=\"http:\/\/srdmakine.com\/wp-content\/uploads\/2024\/01\/2-tekneli-eleme-makine-resim-300x270.jpg\" alt=\"\" width=\"236\" height=\"212\" srcset=\"https:\/\/srdmakine.com\/wp-content\/uploads\/2024\/01\/2-tekneli-eleme-makine-resim-300x270.jpg 300w, https:\/\/srdmakine.com\/wp-content\/uploads\/2024\/01\/2-tekneli-eleme-makine-resim.jpg 417w\" sizes=\"(max-width: 236px) 100vw, 236px\" \/><\/p>\n","protected":false},"excerpt":{"rendered":"<div class=\"gdlr-core-pbf-element\">\n<div class=\"gdlr-core-title-item gdlr-core-item-pdb clearfix gdlr-core-left-align gdlr-core-title-item-caption-top gdlr-core-item-pdlr\">\n<div class=\"gdlr-core-title-item-title-wrap \">\n<h3 class=\"gdlr-core-title-item-title gdlr-core-skin-title \">\u00dcR\u00dcN TANIMI<\/h3>\n<\/div>\n<\/div>\n<\/div>\n<div class=\"gdlr-core-pbf-element\">\n<div class=\"gdlr-core-text-box-item gdlr-core-item-pdlr gdlr-core-item-pdb gdlr-core-left-align\">\n<div class=\"gdlr-core-text-box-item-content\">\n<p>\u00a0\u0130ki Tekneli Hassas Temizleme ve Eleme Makinesi tek b\u00f6l\u00fcmden olu\u015fur. \u00d6n Temizleme veya Boylama imkan\u0131 sa\u011flayan bir makinedir.<\/p>\n<\/div>\n<\/div>\n<\/div>\n<div class=\"gdlr-core-pbf-element\">\n<div class=\"gdlr-core-title-item gdlr-core-item-pdb clearfix gdlr-core-left-align gdlr-core-title-item-caption-top gdlr-core-item-pdlr\">\n<div class=\"gdlr-core-title-item-title-wrap \">\n<h3 class=\"gdlr-core-title-item-title gdlr-core-skin-title \">\u00c7ALI\u015eMA PRENS\u0130B\u0130<\/h3>\n<\/div>\n<\/div>\n<\/div>\n<div class=\"gdlr-core-pbf-element\">\n<div class=\"gdlr-core-text-box-item gdlr-core-item-pdlr gdlr-core-item-pdb gdlr-core-left-align\">\n<div class=\"gdlr-core-text-box-item-content\">\n<p>\u00a0\u0130ki Tekneli Hassas Temizleme ve Eleme Makinesi, \u00d6n temizleme veya Boylamay\u0131 ayn\u0131 b\u00f6l\u00fcmde yapar. Burada, \u00fcr\u00fcndeki toz, kabuk, \u00e7\u00f6p gibi yabanc\u0131 maddeler temizlenir. Bu makine ile \u00f6n temizleme yap\u0131lmak istenmez ise 3 farkl\u0131 boyda \u00fcr\u00fcn ayr\u0131\u015ft\u0131rabilir.<img decoding=\"async\" class=\"alignnone size-medium wp-image-8406\" src=\"http:\/\/srdmakine.com\/wp-content\/uploads\/2024\/01\/eleme-kapasiteler-298x300.jpg\" alt=\"\" width=\"298\" height=\"300\" srcset=\"https:\/\/srdmakine.com\/wp-content\/uploads\/2024\/01\/eleme-kapasiteler-298x300.jpg 298w, https:\/\/srdmakine.com\/wp-content\/uploads\/2024\/01\/eleme-kapasiteler-100x100.jpg 100w, https:\/\/srdmakine.com\/wp-content\/uploads\/2024\/01\/eleme-kapasiteler-150x150.jpg 150w, https:\/\/srdmakine.com\/wp-content\/uploads\/2024\/01\/eleme-kapasiteler.jpg 527w\" sizes=\"(max-width: 298px) 100vw, 298px\" \/><\/p>\n<\/div>\n<\/div>\n<\/div>\n","protected":false},"featured_media":6623,"template":"","meta":{"_joinchat":[]},"product_brand":[],"product_cat":[1062,15],"product_tag":[249,224,253,231,246,225,248,247,250,252,232,251,229,227,243,228,230,245,244],"class_list":{"0":"post-6622","1":"product","2":"type-product","3":"status-publish","4":"has-post-thumbnail","6":"product_cat-eleme-makinalari","7":"product_cat-urunler","8":"product_tag-acik-elek","9":"product_tag-arpa","10":"product_tag-baharat-eleme-makinesi","11":"product_tag-bakliyat","12":"product_tag-bakliyat-temizleme","13":"product_tag-bugday","14":"product_tag-bugday-elegi","15":"product_tag-bugday-temizleme","16":"product_tag-cekirdek-temizleme","17":"product_tag-elek-selektor","18":"product_tag-hububat","19":"product_tag-iki-tekneli-eleme-makinesi","20":"product_tag-keten-tohumu","21":"product_tag-kinoa","22":"product_tag-misir","23":"product_tag-pirinc","24":"product_tag-plastik","25":"product_tag-susam","26":"product_tag-tohum","28":"first","29":"instock","30":"shipping-taxable","31":"product-type-simple"},"aioseo_notices":[],"_links":{"self":[{"href":"https:\/\/srdmakine.com\/en\/wp-json\/wp\/v2\/product\/6622","targetHints":{"allow":["GET"]}}],"collection":[{"href":"https:\/\/srdmakine.com\/en\/wp-json\/wp\/v2\/product"}],"about":[{"href":"https:\/\/srdmakine.com\/en\/wp-json\/wp\/v2\/types\/product"}],"version-history":[{"count":5,"href":"https:\/\/srdmakine.com\/en\/wp-json\/wp\/v2\/product\/6622\/revisions"}],"predecessor-version":[{"id":8407,"href":"https:\/\/srdmakine.com\/en\/wp-json\/wp\/v2\/product\/6622\/revisions\/8407"}],"wp:featuredmedia":[{"embeddable":true,"href":"https:\/\/srdmakine.com\/en\/wp-json\/wp\/v2\/media\/6623"}],"wp:attachment":[{"href":"https:\/\/srdmakine.com\/en\/wp-json\/wp\/v2\/media?parent=6622"}],"wp:term":[{"taxonomy":"product_brand","embeddable":true,"href":"https:\/\/srdmakine.com\/en\/wp-json\/wp\/v2\/product_brand?post=6622"},{"taxonomy":"product_cat","embeddable":true,"href":"https:\/\/srdmakine.com\/en\/wp-json\/wp\/v2\/product_cat?post=6622"},{"taxonomy":"product_tag","embeddable":true,"href":"https:\/\/srdmakine.com\/en\/wp-json\/wp\/v2\/product_tag?post=6622"}],"curies":[{"name":"wp","href":"https:\/\/api.w.org\/{rel}","templated":true}]}}