{"id":5864,"date":"2024-01-27T22:04:39","date_gmt":"2024-01-27T19:04:39","guid":{"rendered":"https:\/\/srdmakine.com\/?post_type=product&#038;p=5864"},"modified":"2026-04-20T13:54:48","modified_gmt":"2026-04-20T10:54:48","slug":"yem-kirma-makinesi","status":"publish","type":"product","link":"https:\/\/srdmakine.com\/en\/urun\/yem-kirma-makinesi\/","title":{"rendered":"Yem K\u0131rma Makinesi"},"content":{"rendered":"<p>G\u00fcn\u00fcm\u00fcz teknlojisinde, hayvanc\u0131l\u0131k sekt\u00f6r\u00fcnde kullan\u0131lan kolayl\u0131klar artm\u0131\u015ft\u0131r ve ihtiyaca g\u00f6re \u00e7e\u015fitlenmi\u015ftir. Y\u00fczy\u0131l\u0131n \u015fartlar\u0131na bak\u0131larak m\u00fckemmeli yakalam\u0131\u015f makina g\u00fcc\u00fc sayesinde klasik eski y\u00f6ntemler tamamen ortadan kalkm\u0131\u015ft\u0131r.<\/p>\n<p>Ge\u00e7imini tamamen hayvanc\u0131l\u0131kla sa\u011flayan \u00e7ift\u00e7ilerimiz ile b\u00fcy\u00fck \u00e7iftliklerde y\u00fczlerce hayvan\u0131n da\u011flarda ve meralarda beslenmesi m\u00fcmk\u00fcn de\u011fildir. Bu y\u00fczden b\u00fcy\u00fck sorunlardan birisi sa\u011fl\u0131kl\u0131 besi takviyesi yapabilmektir.<\/p>\n<p>Bu sorunun \u00e7\u00f6z\u00fcm\u00fc ise son zamanlarda aranan \u00fcr\u00fcnler aras\u0131nda yerini alan yem k\u0131rma makinas\u0131d\u0131r. Kimi insanlar taraf\u0131ndan yem ezme makinas\u0131 olarak da adland\u0131r\u0131lan bu makinalar kullan\u0131c\u0131ya b\u00fcy\u00fck kolayl\u0131klar sa\u011flamaktad\u0131r.<\/p>\n","protected":false},"excerpt":{"rendered":"<h1 class=\"py-2 mb-3\">Yeni Tip Elektrikli Yem K\u0131rma Makinalar\u0131<\/h1>\n<div class=\"text-justify\">\n<p>Yeni tip elektrikli yem k\u0131rma makinalar\u0131, elektrik motorundan hareket alan sabit tip makinalard\u0131r. Makinalar \u00e7eki\u00e7li sistem olup b\u0131\u00e7aklar disklere pim ile tek noktadan ba\u011fl\u0131d\u0131r. Y\u00fcksek devirde \u00e7al\u0131\u015f\u0131rken merkezka\u00e7 sistemi ile b\u0131\u00e7aklar a\u00e7\u0131l\u0131r ve yemi k\u0131rar. K\u0131r\u0131c\u0131n\u0131n \u00e7evresi 360\u00b0 elek ile kapl\u0131d\u0131r. Yem ortadan beslenir. Yemin ince ve kal\u0131nl\u0131\u011f\u0131 eleklerin de\u011fi\u015fmesi ile sa\u011flan\u0131r. \u0130nce g\u00f6zl\u00fc eleklerden ince yem, kal\u0131n g\u00f6zl\u00fc eleklerden kal\u0131n yem elde edilir. K\u0131r\u0131lan yemler bir helezon vas\u0131tas\u0131yla \u00e7uvala doldurulur. K\u0131rmak istedi\u011finiz yemler kesinlikle kuru olmal\u0131d\u0131r. Ya\u011fl\u0131 ve nemli yemler rand\u0131manl\u0131 \u00f6\u011f\u00fct\u00fclmez. Makina ile her \u00e7e\u015fit hububat (arpa, bu\u011fday, m\u0131s\u0131r, \u00e7avdar, s\u00fcp\u00fcrge tohumu, yulaf, vs. gibi) rahatl\u0131kla k\u0131r\u0131p hayvanlar\u0131n\u0131za yem sa\u011flayabilirsiniz.<\/p>\n<\/div>\n","protected":false},"featured_media":5861,"template":"","meta":{"_joinchat":[]},"product_brand":[],"product_cat":[15,1064],"product_tag":[366,369,368,365,367],"class_list":{"0":"post-5864","1":"product","2":"type-product","3":"status-publish","4":"has-post-thumbnail","6":"product_cat-urunler","7":"product_cat-yem-makinalari","8":"product_tag-plastik-kirma","9":"product_tag-yem-ezme","10":"product_tag-yem-kirici","11":"product_tag-yem-kirma","12":"product_tag-yem-parcalama","14":"first","15":"instock","16":"shipping-taxable","17":"product-type-simple"},"aioseo_notices":[],"_links":{"self":[{"href":"https:\/\/srdmakine.com\/en\/wp-json\/wp\/v2\/product\/5864","targetHints":{"allow":["GET"]}}],"collection":[{"href":"https:\/\/srdmakine.com\/en\/wp-json\/wp\/v2\/product"}],"about":[{"href":"https:\/\/srdmakine.com\/en\/wp-json\/wp\/v2\/types\/product"}],"version-history":[{"count":3,"href":"https:\/\/srdmakine.com\/en\/wp-json\/wp\/v2\/product\/5864\/revisions"}],"predecessor-version":[{"id":8804,"href":"https:\/\/srdmakine.com\/en\/wp-json\/wp\/v2\/product\/5864\/revisions\/8804"}],"wp:featuredmedia":[{"embeddable":true,"href":"https:\/\/srdmakine.com\/en\/wp-json\/wp\/v2\/media\/5861"}],"wp:attachment":[{"href":"https:\/\/srdmakine.com\/en\/wp-json\/wp\/v2\/media?parent=5864"}],"wp:term":[{"taxonomy":"product_brand","embeddable":true,"href":"https:\/\/srdmakine.com\/en\/wp-json\/wp\/v2\/product_brand?post=5864"},{"taxonomy":"product_cat","embeddable":true,"href":"https:\/\/srdmakine.com\/en\/wp-json\/wp\/v2\/product_cat?post=5864"},{"taxonomy":"product_tag","embeddable":true,"href":"https:\/\/srdmakine.com\/en\/wp-json\/wp\/v2\/product_tag?post=5864"}],"curies":[{"name":"wp","href":"https:\/\/api.w.org\/{rel}","templated":true}]}}