{"id":5858,"date":"2024-01-27T21:49:23","date_gmt":"2024-01-27T18:49:23","guid":{"rendered":"https:\/\/srdmakine.com\/?post_type=product&#038;p=5858"},"modified":"2026-04-20T13:54:53","modified_gmt":"2026-04-20T10:54:53","slug":"yem-ezme-makinesi","status":"publish","type":"product","link":"https:\/\/srdmakine.com\/en\/urun\/yem-ezme-makinesi\/","title":{"rendered":"Yem Ezme Makinesi"},"content":{"rendered":"<p class=\"has-text-align-center\">SRD- 60-80-100 LIK MODEL<\/p>\n<p class=\"has-text-align-center\"><strong>380 Sanayi Cereyanl\u0131 Ezme Makinas\u0131<\/strong><\/p>\n<p class=\"has-text-align-center\">380 Volt Sanayi Cereyanl\u0131\u00a0(Trifaze) Arpa, Yem Ezme Makinas\u0131<\/p>\n<p class=\"has-text-align-center\">\u0130malattan Sat\u0131\u015f<\/p>\n<p>Makinenin ayarlanabilir \u00e7elik toplar\u0131 (Ezme toplar\u0131 i\u00e7i dolu \u00e7eliktir bo\u015f boru de\u011fildir) sayesinde her \u00e7e\u015fit tah\u0131l ve bakliyat\u0131 civciv yeminden inek koyun<\/p>\n<p>ke\u00e7i yemine kadar profesyonel bir \u015fekilde\u00a0<strong>Yem<\/strong>,\u00a0<strong>Arpa Ezmesi<\/strong> haline getirmektedir<\/p>\n<p>Model <strong>arpa<\/strong>, bu\u011fday, m\u0131s\u0131r ezmek i\u00e7in kullan\u0131lan 380 volt elektrikli yem ezme makinas\u0131d\u0131r.<\/p>\n<p>Top \u00e7ap\u0131 40-60-100 cm\u2019dir. Top ayar\u0131 0 cm ile 15 cm\u2019e kadar a\u00e7\u0131l\u0131r kapan\u0131r. Top \u00f6zelli\u011fi \u00c7elik i\u00e7i dolu izli \u0131s\u0131l\u0131<\/p>\n<p>i\u015flemden ge\u00e7mi\u015f hava \u00e7eli\u011fidir.<\/p>\n<p>Ezme \u00e7e\u015fitleri\u00a0<strong>bu\u011fday<\/strong>,\u00a0<strong>arpa<\/strong>,<strong>\u00a0fig<\/strong>\u00a0ve\u00a0<strong>m\u0131s\u0131r<\/strong> \u00e7e\u015fitleridir. Saatte 700 k.g 4000 k.g aras\u0131 ezme i\u015flemi yapar.<\/p>\n<p>Boyutlar\u0131 \u00a0resimlerde mevcuttur.<\/p>\n<p>Motor Gamak veya Y\u0131lmaz markad\u0131r. Motor g\u00fcc\u00fc Kapasiteye g\u00f6re 11-15kw Dakikada \u00a0maximum 1400 devir yapmaktad\u0131r.<\/p>\n<p>\u00c7al\u0131\u015fma sistemi\u00a0<strong>16 amper<\/strong>\u00a0termik \u015falterdir.<\/p>\n<p>24 Ay boyunca garanti ve servis\u00a0hizmeti vard\u0131r.<\/p>\n<p>10 Y\u0131l boyunca\u00a0yedek par\u00e7a bulabilme garantisi\u00a0vard\u0131r.<\/p>\n","protected":false},"excerpt":{"rendered":"<p>SRD- 60-80-100 LIK MODEL<\/p>\n<p>Elektrik motorundan hareketli 2 Toplu veya iste\u011fe ba\u011fl\u0131 4 Toplu yem ezme makinalar\u0131n\u0131n ezme sistemi iki silindirden olu\u015fur. Yemlerin pul gibi \u00e7\u0131kmas\u0131 i\u00e7in %6 oran\u0131nda su kat\u0131l\u0131p kar\u0131\u015ft\u0131r\u0131lmas\u0131 ve 12 saat bekletildikten sonra ezme i\u015flemine ge\u00e7ilmesi gerekmektedir. (Kapasite tavlama i\u015fleminde d\u00fc\u015fmektedir.) Her tanelenmi\u015f hububat\u0131 ezerek hayvanlar\u0131n\u0131za yem sa\u011flayabilirsiniz.<\/p>\n","protected":false},"featured_media":5863,"template":"","meta":{"_joinchat":[]},"product_brand":[],"product_cat":[15,1064],"product_tag":[362,363,364,360,361],"class_list":{"0":"post-5858","1":"product","2":"type-product","3":"status-publish","4":"has-post-thumbnail","6":"product_cat-urunler","7":"product_cat-yem-makinalari","8":"product_tag-ezme-makinesi","9":"product_tag-silindirli-ezme","10":"product_tag-toplu-ezme-makinesi","11":"product_tag-yem-ezme-kirma-makinesi","12":"product_tag-yem-ezme-makinasi","14":"first","15":"instock","16":"shipping-taxable","17":"product-type-simple"},"aioseo_notices":[],"_links":{"self":[{"href":"https:\/\/srdmakine.com\/en\/wp-json\/wp\/v2\/product\/5858","targetHints":{"allow":["GET"]}}],"collection":[{"href":"https:\/\/srdmakine.com\/en\/wp-json\/wp\/v2\/product"}],"about":[{"href":"https:\/\/srdmakine.com\/en\/wp-json\/wp\/v2\/types\/product"}],"version-history":[{"count":3,"href":"https:\/\/srdmakine.com\/en\/wp-json\/wp\/v2\/product\/5858\/revisions"}],"predecessor-version":[{"id":8803,"href":"https:\/\/srdmakine.com\/en\/wp-json\/wp\/v2\/product\/5858\/revisions\/8803"}],"wp:featuredmedia":[{"embeddable":true,"href":"https:\/\/srdmakine.com\/en\/wp-json\/wp\/v2\/media\/5863"}],"wp:attachment":[{"href":"https:\/\/srdmakine.com\/en\/wp-json\/wp\/v2\/media?parent=5858"}],"wp:term":[{"taxonomy":"product_brand","embeddable":true,"href":"https:\/\/srdmakine.com\/en\/wp-json\/wp\/v2\/product_brand?post=5858"},{"taxonomy":"product_cat","embeddable":true,"href":"https:\/\/srdmakine.com\/en\/wp-json\/wp\/v2\/product_cat?post=5858"},{"taxonomy":"product_tag","embeddable":true,"href":"https:\/\/srdmakine.com\/en\/wp-json\/wp\/v2\/product_tag?post=5858"}],"curies":[{"name":"wp","href":"https:\/\/api.w.org\/{rel}","templated":true}]}}