{"id":7193,"date":"2024-01-31T17:41:09","date_gmt":"2024-01-31T14:41:09","guid":{"rendered":"https:\/\/srdmakine.com\/?post_type=product&#038;p=7193"},"modified":"2026-04-20T13:35:25","modified_gmt":"2026-04-20T10:35:25","slug":"et-isleme-hatlari","status":"publish","type":"product","link":"https:\/\/srdmakine.com\/ar\/urun\/et-isleme-hatlari\/","title":{"rendered":"Et \u0130\u015fleme Hatlar\u0131"},"content":{"rendered":"<div class=\"fp-section-title clearfix \">\n<h2>KULLANIM ALANLARI<\/h2>\n<\/div>\n<div class=\"wpb_text_column wpb_content_element \">\n<div class=\"wpb_wrapper\">\n<p>Tamam\u0131 304 Kalite Paslanmaz<\/p>\n<p>Et par\u00e7alama masas\u0131 kemikli ve kemiksiz et ayr\u0131m\u0131n\u0131n yap\u0131ld\u0131\u011f\u0131 tezgahlard\u0131r<\/p>\n<p>\u00c7al\u0131\u015fma tezgahlar\u0131 k\u0131rm\u0131z\u0131 ve beyaz polietilen malzemeden \u00fcretilmektedir<\/p>\n<p>Kasa yerle\u015fimine uygun rafl\u0131\u2019d\u0131r<\/p>\n<p>Tezgah y\u00fckseklikleri ayarlanabilir<\/p>\n<p>D\u00f6ner toplama tepsisi mevcuttur<\/p>\n<p>Konvey\u00f6r bantlar, kullan\u0131lacak ortama g\u00f6re se\u00e7ilebilir<\/p>\n<p>G\u0131da Kodeksi\u2019ne uygun olarak \u00fcretilen polietilen tablalar hijyen sa\u011flar<\/p>\n<p>K\u0131rm\u0131z\u0131 et, beyaz et ve di\u011fer sekt\u00f6rlerde devaml\u0131 aktar\u0131m sa\u011flayarak ileri i\u015fleme yard\u0131mc\u0131 olur.<\/p>\n<div class=\"fp-section-title clearfix \">\n<h2>TEKN\u0130K \u00d6ZELL\u0130KLER<\/h2>\n<\/div>\n<div class=\"wpb_text_column wpb_content_element \">\n<div class=\"wpb_wrapper\">\n<table width=\"398\">\n<tbody>\n<tr>\n<td width=\"127\">Ta\u015f\u0131ma Kapasitesi<\/td>\n<td width=\"74\">Min 300<\/td>\n<td width=\"77\">Max 3000<\/td>\n<td width=\"41\">kg<\/td>\n<\/tr>\n<tr>\n<td width=\"127\">Kasap \u00c7al\u0131\u015fma Kapasitesi<\/td>\n<td width=\"74\">4<\/td>\n<td width=\"77\">20<\/td>\n<td width=\"41\"><\/td>\n<\/tr>\n<tr>\n<td width=\"127\">Profil<\/td>\n<td width=\"74\">40\u00d740<\/td>\n<td width=\"77\">40\u00d760<\/td>\n<td width=\"41\">2mm<\/td>\n<\/tr>\n<tr>\n<td width=\"127\">304 Paslanmaz Sa\u00e7<\/td>\n<td width=\"74\">2mm<\/td>\n<td width=\"77\">5mm<\/td>\n<td width=\"41\"><\/td>\n<\/tr>\n<tr>\n<td width=\"127\">Polietilen Masa Ayaklar\u0131<\/td>\n<td width=\"74\">12mm<\/td>\n<td width=\"77\">16mm<\/td>\n<td width=\"41\"><\/td>\n<\/tr>\n<tr>\n<td width=\"127\">En<\/td>\n<td width=\"74\">\u0130ste\u011fe g\u00f6re<\/td>\n<td width=\"77\"><\/td>\n<td width=\"41\"><\/td>\n<\/tr>\n<tr>\n<td width=\"127\">Boy<\/td>\n<td width=\"74\">\u0130ste\u011fe g\u00f6re<\/td>\n<td width=\"77\"><\/td>\n<td width=\"41\"><\/td>\n<\/tr>\n<tr>\n<td width=\"127\">Y\u00fckseklik<\/td>\n<td width=\"74\">\u0130ste\u011fe g\u00f6re<\/td>\n<\/tr>\n<\/tbody>\n<\/table>\n<p><img fetchpriority=\"high\" decoding=\"async\" class=\"alignnone size-medium wp-image-12510\" src=\"http:\/\/srdmakine.com\/wp-content\/uploads\/2024\/01\/et-isleme-hatlari-300x225.jpg\" alt=\"\" width=\"300\" height=\"225\" srcset=\"https:\/\/srdmakine.com\/wp-content\/uploads\/2024\/01\/et-isleme-hatlari-300x225.jpg 300w, https:\/\/srdmakine.com\/wp-content\/uploads\/2024\/01\/et-isleme-hatlari.jpg 550w\" sizes=\"(max-width: 300px) 100vw, 300px\" \/><\/p>\n<\/div>\n<\/div>\n<\/div>\n<\/div>\n","protected":false},"excerpt":{"rendered":"<div id=\"divDetayliBilgiler\">\n<div class=\"divUrunKisaBilgi\">\n<div id=\"divUrunAciklamaAlani\">\n<div id=\"divUrunDetayAciklama\">\n<p>Et Par\u00e7alama Hatlar\u0131, Et sekt\u00f6r\u00fcnde kemik ve etlerin birbirinden ay\u0131r\u0131ld\u0131\u011f\u0131 2 yada 3 katl\u0131 konvey\u00f6r hatlar\u0131d\u0131r. sistemin giri\u015finde 1 adet toplama sehpas\u0131, 1 adet \u00fcst kemik bant\u0131, kasaplar\u0131n etleri kemiklerinden ay\u0131rd\u0131klar\u0131 kasap masalar\u0131,1 adet et ta\u015f\u0131ma band\u0131 ve iste\u011fe ba\u011fl\u0131 olarak alt kasa ta\u015f\u0131ma bant\u0131 olarak dizayn edilir. \u00e7\u0131k\u0131\u015fta ise \u00fcretimin durumuna g\u00f6rede \u00e7\u0131k\u015f\u0131na d\u00f6ner tabla sistemi yap\u0131labilir. hatt\u0131n boyu ve \u00f6l\u00e7\u00fcleri kasap say\u0131s\u0131na g\u00f6re belirlenir.<\/p>\n<\/div>\n<\/div>\n<\/div>\n<\/div>\n<div id=\"divUrunDigerDetaylar\">\n<h3>Ayr\u0131nt\u0131lar<\/h3>\n<div id=\"ctl00_icerik_divUrunKisaBilgi\" class=\"divUrunKisaBilgi\">Et Par\u00e7alama Hatlar\u0131, Et sekt\u00f6r\u00fcnde kemik ve etlerin birbirinden ay\u0131r\u0131ld\u0131\u011f\u0131 2 yada 3 katl\u0131 konvey\u00f6r hatlar\u0131d\u0131r.<\/div>\n<div><img decoding=\"async\" class=\"alignnone size-medium wp-image-12504\" src=\"http:\/\/srdmakine.com\/wp-content\/uploads\/2024\/01\/et-isleme-hatlari1-300x225.jpg\" alt=\"\" width=\"300\" height=\"225\" srcset=\"https:\/\/srdmakine.com\/wp-content\/uploads\/2024\/01\/et-isleme-hatlari1-300x225.jpg 300w, https:\/\/srdmakine.com\/wp-content\/uploads\/2024\/01\/et-isleme-hatlari1-600x450.jpg 600w, https:\/\/srdmakine.com\/wp-content\/uploads\/2024\/01\/et-isleme-hatlari1.jpg 670w\" sizes=\"(max-width: 300px) 100vw, 300px\" \/><\/div>\n<\/div>\n","protected":false},"featured_media":12506,"template":"","meta":{"_joinchat":[]},"product_brand":[],"product_cat":[1068,15],"product_tag":[912,910,911,909,913,915,917,916,914,918,907,908,919,920],"class_list":{"0":"post-7193","1":"product","2":"type-product","3":"status-publish","4":"has-post-thumbnail","6":"product_cat-anahtar-teslim-tesis-ve-ozel-makinalar","7":"product_cat-urunler","8":"product_tag-bantli-konveyorler","9":"product_tag-doner-tabla-konveyor-bant","10":"product_tag-et-entegre-tesis-konveyoru","11":"product_tag-et-konveyor-banti","12":"product_tag-konveyor-bantli","13":"product_tag-konveyor-donus-bantli","14":"product_tag-konveyor-moduler-bantli","15":"product_tag-konveyor-moduler-hasir-bantli","16":"product_tag-konveyor-rulolu","17":"product_tag-konveyor-tel-bantli","18":"product_tag-parcalama-et","19":"product_tag-parcalama-hatti","20":"product_tag-tel-bantli-konveyor-zincirli","21":"product_tag-zincirli-konveyor-tavali-konveyor","23":"first","24":"instock","25":"shipping-taxable","26":"product-type-simple"},"aioseo_notices":[],"_links":{"self":[{"href":"https:\/\/srdmakine.com\/ar\/wp-json\/wp\/v2\/product\/7193","targetHints":{"allow":["GET"]}}],"collection":[{"href":"https:\/\/srdmakine.com\/ar\/wp-json\/wp\/v2\/product"}],"about":[{"href":"https:\/\/srdmakine.com\/ar\/wp-json\/wp\/v2\/types\/product"}],"version-history":[{"count":4,"href":"https:\/\/srdmakine.com\/ar\/wp-json\/wp\/v2\/product\/7193\/revisions"}],"predecessor-version":[{"id":12509,"href":"https:\/\/srdmakine.com\/ar\/wp-json\/wp\/v2\/product\/7193\/revisions\/12509"}],"wp:featuredmedia":[{"embeddable":true,"href":"https:\/\/srdmakine.com\/ar\/wp-json\/wp\/v2\/media\/12506"}],"wp:attachment":[{"href":"https:\/\/srdmakine.com\/ar\/wp-json\/wp\/v2\/media?parent=7193"}],"wp:term":[{"taxonomy":"product_brand","embeddable":true,"href":"https:\/\/srdmakine.com\/ar\/wp-json\/wp\/v2\/product_brand?post=7193"},{"taxonomy":"product_cat","embeddable":true,"href":"https:\/\/srdmakine.com\/ar\/wp-json\/wp\/v2\/product_cat?post=7193"},{"taxonomy":"product_tag","embeddable":true,"href":"https:\/\/srdmakine.com\/ar\/wp-json\/wp\/v2\/product_tag?post=7193"}],"curies":[{"name":"wp","href":"https:\/\/api.w.org\/{rel}","templated":true}]}}