{"id":7179,"date":"2024-01-31T17:33:01","date_gmt":"2024-01-31T14:33:01","guid":{"rendered":"https:\/\/srdmakine.com\/?post_type=product&#038;p=7179"},"modified":"2026-04-21T07:58:51","modified_gmt":"2026-04-21T04:58:51","slug":"moduler-borular","status":"publish","type":"product","link":"https:\/\/srdmakine.com\/ar\/urun\/moduler-borular\/","title":{"rendered":"Mod\u00fcler Borular"},"content":{"rendered":"","protected":false},"excerpt":{"rendered":"<p>A dan Z ve Anahtar Teslim tedarik etti\u011fi \u00e7\u00f6z\u00fcmler \u00e7er\u00e7evesinde kendi ekipman ve \u00fcr\u00fcnlerine uygun olacak Universal mod\u00fcller boru sistemleri \u00fcretmektedir. Mod\u00fcler Boru sistemleri geni\u015f bir \u00fcr\u00fcn yelpazesine sahiptir.<\/p>\n<p><strong>BA\u011eLANTI ELEMANLARI<\/strong><br \/>\nContas\u0131z Kelep\u00e7eler<br \/>\nU kelep\u00e7eler<br \/>\nTopraklama K\u00f6pr\u00fcs\u00fc<br \/>\nContal\u0131 Kelep\u00e7eler<br \/>\nBorular<\/p>\n<p><strong>G\u00d6ZLEM BA\u011eLANTILAR<\/strong><br \/>\nG\u00f6zlem Borular\u0131<br \/>\nTemizleme Borular\u0131<br \/>\nKontrol T Ba\u011flant\u0131<br \/>\nLastik Kapak<\/p>\n<p><strong>D\u0130REK ve BA\u011eLANTILAR<\/strong><br \/>\nDirsekler<br \/>\nAra ba\u011flant\u0131<\/p>\n<p><strong>YAN BA\u011eLANTILAR<\/strong><br \/>\nT ba\u011flant\u0131<br \/>\n\u00c7atallar<br \/>\nKonik \u00c7atallar<br \/>\nSimetrik \u00c7atallar<br \/>\nKonik Simetrik \u00c7atallar<\/p>\n<p><strong>BORULAR<\/strong><br \/>\nKaynak A\u011f\u0131zl\u0131 Ba\u011flant\u0131lar<br \/>\nGe\u00e7me Borular<br \/>\nHalka Contalar<\/p>\n<p><strong>GE\u00c7\u0130\u015e BA\u011eLANTILAR<\/strong><br \/>\nKonik Ba\u011flant\u0131<br \/>\nBa\u011flant\u0131 Flan\u015flar\u0131<br \/>\nOluklar<br \/>\nJet Ba\u015fl\u0131klar\u0131<br \/>\nYa\u011fmur ba\u015fl\u0131klar\u0131<\/p>\n","protected":false},"featured_media":12044,"template":"","meta":{"_joinchat":[]},"product_brand":[],"product_cat":[15,1069],"product_tag":[826,830,828,831,827,829],"class_list":{"0":"post-7179","1":"product","2":"type-product","3":"status-publish","4":"has-post-thumbnail","6":"product_cat-urunler","7":"product_cat-yedek-parca","8":"product_tag-akis-borular","9":"product_tag-galvaniz-sac-borular","10":"product_tag-hububat-akis-borulari","11":"product_tag-moduler-borular","12":"product_tag-moduler-tesis-borulari","13":"product_tag-teneke-krom-borular","15":"first","16":"instock","17":"shipping-taxable","18":"product-type-simple"},"aioseo_notices":[],"_links":{"self":[{"href":"https:\/\/srdmakine.com\/ar\/wp-json\/wp\/v2\/product\/7179","targetHints":{"allow":["GET"]}}],"collection":[{"href":"https:\/\/srdmakine.com\/ar\/wp-json\/wp\/v2\/product"}],"about":[{"href":"https:\/\/srdmakine.com\/ar\/wp-json\/wp\/v2\/types\/product"}],"version-history":[{"count":2,"href":"https:\/\/srdmakine.com\/ar\/wp-json\/wp\/v2\/product\/7179\/revisions"}],"predecessor-version":[{"id":12047,"href":"https:\/\/srdmakine.com\/ar\/wp-json\/wp\/v2\/product\/7179\/revisions\/12047"}],"wp:featuredmedia":[{"embeddable":true,"href":"https:\/\/srdmakine.com\/ar\/wp-json\/wp\/v2\/media\/12044"}],"wp:attachment":[{"href":"https:\/\/srdmakine.com\/ar\/wp-json\/wp\/v2\/media?parent=7179"}],"wp:term":[{"taxonomy":"product_brand","embeddable":true,"href":"https:\/\/srdmakine.com\/ar\/wp-json\/wp\/v2\/product_brand?post=7179"},{"taxonomy":"product_cat","embeddable":true,"href":"https:\/\/srdmakine.com\/ar\/wp-json\/wp\/v2\/product_cat?post=7179"},{"taxonomy":"product_tag","embeddable":true,"href":"https:\/\/srdmakine.com\/ar\/wp-json\/wp\/v2\/product_tag?post=7179"}],"curies":[{"name":"wp","href":"https:\/\/api.w.org\/{rel}","templated":true}]}}