{"id":7170,"date":"2024-01-31T17:25:23","date_gmt":"2024-01-31T14:25:23","guid":{"rendered":"https:\/\/srdmakine.com\/?post_type=product&#038;p=7170"},"modified":"2026-04-20T13:36:16","modified_gmt":"2026-04-20T10:36:16","slug":"hava-kanali","status":"publish","type":"product","link":"https:\/\/srdmakine.com\/ar\/urun\/hava-kanali\/","title":{"rendered":"Hava Kanal\u0131"},"content":{"rendered":"","protected":false},"excerpt":{"rendered":"<h2>Hava Kanal\u0131<\/h2>\n<p>Hububat, bakliyat, tohum ve ya\u011fl\u0131 tohumlar hasat sonras\u0131 \u00f6n temizleme, eleme i\u015flemine tabi tutulur, bu i\u015flem sonras\u0131nda temizlenen, elenen \u00fcr\u00fcn i\u00e7inden \u00a0toz, saman, kabuk, \u00e7\u00f6p, kavuz, hafif, zay\u0131f ve c\u0131l\u0131z tane vb. yabanc\u0131 maddeleri hava ile \u00fcr\u00fcnden ayr\u0131\u015ft\u0131rmak i\u00e7in kullan\u0131l\u0131r. Hava Kanal\u0131 makinesi genellikle hububat, bakliyat, tohum ve ya\u011fl\u0131 tohum i\u015fleme tesislerinde \u00f6ntemizleme, eleme, kabuk soyma makinelerinden sonra kullan\u0131l\u0131r.<\/p>\n<h3>Makinenin G\u00f6revi:<\/h3>\n<p>Hububat, bakliyat, tohum ve ya\u011fl\u0131 tohumlar\u0131n tanesinden daha hafif olan toz, saman, kabuk, \u00e7\u00f6p, kavuz, hafif, zay\u0131f ve c\u0131l\u0131z tane vb. yabanc\u0131 maddelerin, harici aspirat\u00f6r vas\u0131tas\u0131 ile hububat, bakliyat, tohum ve ya\u011fl\u0131 tohum tanelerinden vakumlanarak ayr\u0131\u015ft\u0131r\u0131lmas\u0131 i\u00e7in kullan\u0131l\u0131r.<\/p>\n<h3>Makinenin \u00c7al\u0131\u015fma Prensibi:<\/h3>\n<p>Besleme elevat\u00f6r\u00fc yard\u0131m\u0131 ile hububat, bakliyat, tohum ve ya\u011fl\u0131 tohum gibi kuru taneli g\u0131da \u00fcr\u00fcnleri \u00fcr\u00fcn besleme haznesine aktar\u0131l\u0131r. \u00dcr\u00fcn besleme haznesinden hava kanal\u0131na aktar\u0131lan kuru taneli g\u0131da \u00fcr\u00fcnleri harici aspirat\u00f6r vas\u0131tas\u0131 ile vakuma maruz kal\u0131r. Aspirat\u00f6r sisteminin olu\u015fturdu\u011fu vakum vas\u0131tas\u0131 ile kuru taneli g\u0131da \u00fcr\u00fcnlerinin i\u00e7inden ayr\u0131\u015ft\u0131r\u0131lan\u00a0 toz, saman, kabuk, \u00e7\u00f6p, kavuz, hafif, zay\u0131f ve c\u0131l\u0131z tane vb. yabanc\u0131 maddeler harici aspirat\u00f6r vas\u0131tas\u0131 ile vakumlanarak toz odas\u0131na veya siklon sistemine aktar\u0131l\u0131r. Bu i\u015flem neticesinde hava ile temizleme i\u015flemine tabi tutulan kuru taneli g\u0131da \u00fcr\u00fcnleri vakum ile ayr\u0131\u015ft\u0131rma a\u015famas\u0131ndan ge\u00e7erek at\u0131klardan (toz, saman, kabuk, \u00e7\u00f6p, kavuz, hafif, zay\u0131f ve c\u0131l\u0131z tane vb.) temizlenmi\u015f olur. Temizlenen kuru taneli g\u0131da \u00fcr\u00fcnlerinin at\u0131klar\u0131 toz odas\u0131nda veya siklon toz toplama sisteminde depolan\u0131r, at\u0131klardan (toz, saman, kabuk, \u00e7\u00f6p, kavuz, hafif, zay\u0131f ve c\u0131l\u0131z tane vb.) temizlenen kuru taneli g\u0131da \u00fcr\u00fcnleri ge\u00e7ici olarak temiz \u00fcr\u00fcn silolar\u0131nda depolan\u0131r veya sisteme dahil olan bir sonraki hassas temizleme, eleme, boylama, ayr\u0131\u015ft\u0131rma vb. i\u015flemine tabi tutulur.<\/p>\n","protected":false},"featured_media":12038,"template":"","meta":{"_joinchat":[]},"product_brand":[],"product_cat":[1067,15],"product_tag":[224,231,825,225,821,819,820,353,232,824,227,822,823],"class_list":{"0":"post-7170","1":"product","2":"type-product","3":"status-publish","4":"has-post-thumbnail","6":"product_cat-hava-ve-toz-kontrol-sistemleri","7":"product_cat-urunler","8":"product_tag-arpa","9":"product_tag-bakliyat","10":"product_tag-bakliyat-vakumlama","11":"product_tag-bugday","12":"product_tag-fasulye","13":"product_tag-hava-kanali","14":"product_tag-hava-kanalli-elek","15":"product_tag-hava-kanalli-sasor","16":"product_tag-hububat","17":"product_tag-hububat-vakumlama-makinesi","18":"product_tag-kinoa","19":"product_tag-nohut","20":"product_tag-toz-temizleme-sasor","22":"first","23":"instock","24":"shipping-taxable","25":"product-type-simple"},"aioseo_notices":[],"_links":{"self":[{"href":"https:\/\/srdmakine.com\/ar\/wp-json\/wp\/v2\/product\/7170","targetHints":{"allow":["GET"]}}],"collection":[{"href":"https:\/\/srdmakine.com\/ar\/wp-json\/wp\/v2\/product"}],"about":[{"href":"https:\/\/srdmakine.com\/ar\/wp-json\/wp\/v2\/types\/product"}],"version-history":[{"count":5,"href":"https:\/\/srdmakine.com\/ar\/wp-json\/wp\/v2\/product\/7170\/revisions"}],"predecessor-version":[{"id":12043,"href":"https:\/\/srdmakine.com\/ar\/wp-json\/wp\/v2\/product\/7170\/revisions\/12043"}],"wp:featuredmedia":[{"embeddable":true,"href":"https:\/\/srdmakine.com\/ar\/wp-json\/wp\/v2\/media\/12038"}],"wp:attachment":[{"href":"https:\/\/srdmakine.com\/ar\/wp-json\/wp\/v2\/media?parent=7170"}],"wp:term":[{"taxonomy":"product_brand","embeddable":true,"href":"https:\/\/srdmakine.com\/ar\/wp-json\/wp\/v2\/product_brand?post=7170"},{"taxonomy":"product_cat","embeddable":true,"href":"https:\/\/srdmakine.com\/ar\/wp-json\/wp\/v2\/product_cat?post=7170"},{"taxonomy":"product_tag","embeddable":true,"href":"https:\/\/srdmakine.com\/ar\/wp-json\/wp\/v2\/product_tag?post=7170"}],"curies":[{"name":"wp","href":"https:\/\/api.w.org\/{rel}","templated":true}]}}