{"id":7079,"date":"2024-01-31T15:58:56","date_gmt":"2024-01-31T12:58:56","guid":{"rendered":"https:\/\/srdmakine.com\/?post_type=product&#038;p=7079"},"modified":"2026-04-20T13:40:32","modified_gmt":"2026-04-20T10:40:32","slug":"3-5-t-s-tohum-eleme-tesisi","status":"publish","type":"product","link":"https:\/\/srdmakine.com\/ar\/urun\/3-5-t-s-tohum-eleme-tesisi\/","title":{"rendered":"3-5 T\/S Tohum Eleme Tesisi"},"content":{"rendered":"","protected":false},"excerpt":{"rendered":"<p class=\"p1\"><strong>Tohum Eleme Tesisi<\/strong>; tarladan gelen nat\u00fcrel \u00fcr\u00fcn\u00fcn yabanc\u0131 tohumlardan ve istenmeyen \u00fcr\u00fcnlerden \u00fcr\u00fcn\u00fcn\u00fcz\u00fcn ayr\u0131larak ve istenilen boylara kalibre edilerek temizlenmesini sa\u011flar. <strong><em><u>Tohum Eleme Tesisi\u00a0 3 \/5<\/u><\/em><\/strong> ton\/saat \u00fcr\u00fcn giri\u015f kapasitesi olarak nat\u00fcrel\u00a0 \u00fcr\u00fcn\u00fcn\u00fcz\u00fc y\u00fczde 95-97 temizlikle i\u015fler. Tesise ek olarak fotosorter al\u0131narak temizlik oran\u0131 y\u00fczde 99,9 oran\u0131na y\u00fckseltilebilir.<\/p>\n<p class=\"p1\"><strong><em><u>Tohum Eleme Tesisimizde ;<\/u><\/em><\/strong><\/p>\n<p class=\"p1\">1-\u00a0<strong>K\u0131l\u0131\u00e7k\u0131ran Makinesi<\/strong> ile; arpada bulunan k\u0131l\u00e7\u0131kl\u0131 taneler temizlenerek tohumun daha iyi \u00e7imlenmesine yard\u0131mc\u0131 olur ve \u00fcr\u00fcn i\u00e7erisindeki kaba tanelerin ayr\u0131\u015ft\u0131r\u0131lmas\u0131 i\u00e7in \u00c7\u00f6p sas\u00f6r ve radyal tarar makinesine g\u00f6nderilir.<\/p>\n<p class=\"p1\">2- <strong>\u00c7\u00f6p Sas\u00f6r<\/strong> ve <strong>Radyal Tarar<\/strong> ile; \u00fcr\u00fcn\u00fcn i\u00e7erisindeki istenmeyen kaba ve toz \u00fcr\u00fcnler d\u0131\u015far\u0131 at\u0131l\u0131r. Daha sonra temizlenen \u00fcr\u00fcnler boyutland\u0131r\u0131lmak \u00fczere <strong>\u00a0Yap\u0131lacak i\u015fleme g\u00f6re\u00a0 Eleme ve Boyutland\u0131rma Makinesine<\/strong>\u00a0g\u00f6nderilir.<\/p>\n<p class=\"p1\">3- <strong>\u00a0Seri<\/strong>\u00a0<strong>eleme makinas\u0131<\/strong> ile; \u00fcr\u00fcn boylanarak ve hava ak\u0131m\u0131ndan ge\u00e7irilerek \u00fcr\u00fcn istenen istenen kalitede ayr\u0131lmas\u0131n\u0131 sa\u011flar. \u00fcr\u00fcn i\u00e7erisindeki yulaf, ba\u015fak, yabanc\u0131 tohumlardan ayr\u0131\u015ft\u0131r\u0131lmak \u00fczere Triy\u00f6re<a title=\"Triy\u00f6r Makinalar\u0131\" href=\"https:\/\/www.akytechnology.com\/tr\/detay\/242\/triyor-makinalari\/triyor\">\u00a0<\/a>\u00a0g\u00f6nderilir.<\/p>\n<p class=\"p1\">4-\u00a0<strong>Triy\u00f6r Ele\u011fi<\/strong>\u00a0ile; \u00fcr\u00fcn i\u00e7erisindeki yulaf , ba\u015fak, yabanc\u0131 tohumlar vs. \u00fcr\u00fcnlerden ayr\u0131\u015ft\u0131r\u0131lmas\u0131n\u0131 sa\u011flar .Daha sonra \u00fcr\u00fcn\u00fcn homojen bir \u015fekilde temizlenmesi i\u00e7in s\u0131v\u0131 ila\u00e7lama makinesine g\u00f6nderilir.<\/p>\n<p class=\"p1\">5- <strong>S\u0131v\u0131 \u0130la\u00e7lama Makinesi<\/strong> ile; \u00fcr\u00fcn\u00fcn homojen bir \u015fekilde ila\u00e7lanmas\u0131n\u0131 sa\u011flan\u0131r ve tohumun ha\u015ferelerden ve yabanc\u0131 mikroorganizmalardan korunmas\u0131n\u0131 sa\u011flan\u0131r. \u00dcr\u00fcn istenilen a\u011f\u0131rl\u0131kta \u00e7uvallanmas\u0131 i\u00e7in <strong>Otomatik<\/strong> Veya <strong>Mekanik<\/strong>(Manuel) Kantar\u0131na g\u00f6nderilir .<\/p>\n<p class=\"p1\">6-\u00a0<strong>PLC Kantar<\/strong>\u00a0ile; \u00fcr\u00fcn istenilen a\u011f\u0131rl\u0131kta \u00e7uvallanabilir.<\/p>\n","protected":false},"featured_media":7084,"template":"","meta":{"_joinchat":[]},"product_brand":[],"product_cat":[1068,15],"product_tag":[1028,943,1029,1027,226,323,1026],"class_list":{"0":"post-7079","1":"product","2":"type-product","3":"status-publish","4":"has-post-thumbnail","6":"product_cat-anahtar-teslim-tesis-ve-ozel-makinalar","7":"product_cat-urunler","8":"product_tag-arpa-eleme-tesisi","9":"product_tag-bugday-eleme","10":"product_tag-hububat-temizleme","11":"product_tag-sivi-ilaclama","12":"product_tag-tohum-eleme","13":"product_tag-tohum-ilaclama","14":"product_tag-tohum-temizleme-tesis","16":"first","17":"instock","18":"shipping-taxable","19":"product-type-simple"},"aioseo_notices":[],"_links":{"self":[{"href":"https:\/\/srdmakine.com\/ar\/wp-json\/wp\/v2\/product\/7079","targetHints":{"allow":["GET"]}}],"collection":[{"href":"https:\/\/srdmakine.com\/ar\/wp-json\/wp\/v2\/product"}],"about":[{"href":"https:\/\/srdmakine.com\/ar\/wp-json\/wp\/v2\/types\/product"}],"version-history":[{"count":4,"href":"https:\/\/srdmakine.com\/ar\/wp-json\/wp\/v2\/product\/7079\/revisions"}],"predecessor-version":[{"id":12789,"href":"https:\/\/srdmakine.com\/ar\/wp-json\/wp\/v2\/product\/7079\/revisions\/12789"}],"wp:featuredmedia":[{"embeddable":true,"href":"https:\/\/srdmakine.com\/ar\/wp-json\/wp\/v2\/media\/7084"}],"wp:attachment":[{"href":"https:\/\/srdmakine.com\/ar\/wp-json\/wp\/v2\/media?parent=7079"}],"wp:term":[{"taxonomy":"product_brand","embeddable":true,"href":"https:\/\/srdmakine.com\/ar\/wp-json\/wp\/v2\/product_brand?post=7079"},{"taxonomy":"product_cat","embeddable":true,"href":"https:\/\/srdmakine.com\/ar\/wp-json\/wp\/v2\/product_cat?post=7079"},{"taxonomy":"product_tag","embeddable":true,"href":"https:\/\/srdmakine.com\/ar\/wp-json\/wp\/v2\/product_tag?post=7079"}],"curies":[{"name":"wp","href":"https:\/\/api.w.org\/{rel}","templated":true}]}}