{"id":7035,"date":"2024-01-30T19:08:20","date_gmt":"2024-01-30T16:08:20","guid":{"rendered":"https:\/\/srdmakine.com\/?post_type=product&#038;p=7035"},"modified":"2026-04-20T13:43:24","modified_gmt":"2026-04-20T10:43:24","slug":"dozajlama-silolari","status":"publish","type":"product","link":"https:\/\/srdmakine.com\/ar\/urun\/dozajlama-silolari\/","title":{"rendered":"Dozajlama Silolar\u0131"},"content":{"rendered":"<h3>Mikro dozajlama \u00fcnitesinin tart\u0131m sistemi, \u00e7elik konstr\u00fcksiyondan olu\u015fmaktad\u0131r.Silolardan toz \u00e7\u0131kmamas\u0131 i\u00e7in toz emme \u00f6zelli\u011fi bulunmaktad\u0131r.<\/h3>\n<div>Dozajlama i\u00e7in kullan\u0131lan helezonlar\u0131n \u00e7ap\u0131 100 mm\u2019dir. \u00c7\u0131k\u0131\u015f\u0131nda \u00fcr\u00fcn d\u00f6k\u00fclmesini engellemek i\u00e7in pn\u00f6matik klepe bulunur. Dozaj kantar\u0131yla esnek bir yap\u0131ya sahiptir. Dozajlama kantar\u0131ndaki hassas tart\u0131m sistemi yard\u0131m\u0131 ile tart\u0131lan \u00fcr\u00fcn pn\u00f6matik kelebek vanalar yard\u0131m\u0131 ile kar\u0131\u015ft\u0131r\u0131c\u0131ya iletilir. Mikro bile\u015fenlerin depoland\u0131\u011f\u0131 bunkerler g\u0131daya uygun ve paslanmaz \u00e7elikten imal edilir.<\/div>\n<div>Depolar\u0131n yuvarlak k\u00f6\u015feli yap\u0131s\u0131 olas\u0131 bir t\u0131kanmay\u0131 engellemek i\u00e7in tasarlanm\u0131\u015ft\u0131r. Zor ak\u0131\u015fl\u0131 \u00fcr\u00fcnler i\u00e7in d\u00f6ner bo\u015faltma ekipman\u0131 \u00f6nerilir. Depolar\u0131n boyutlar\u0131 ve adedi kapasite ihtiyac\u0131na, \u00fcr\u00fcn \u00e7e\u015fidine g\u00f6re belirlenir.<\/div>\n<div><img fetchpriority=\"high\" decoding=\"async\" class=\"alignnone size-medium wp-image-9077\" src=\"http:\/\/srdmakine.com\/wp-content\/uploads\/2024\/01\/mikro-dozajlama-1-214x300.jpg\" alt=\"\" width=\"214\" height=\"300\" srcset=\"https:\/\/srdmakine.com\/wp-content\/uploads\/2024\/01\/mikro-dozajlama-1-214x300.jpg 214w, https:\/\/srdmakine.com\/wp-content\/uploads\/2024\/01\/mikro-dozajlama-1.jpg 393w\" sizes=\"(max-width: 214px) 100vw, 214px\" \/><\/div>\n<div>\n<h3>Makro dozaj silolar\u0131na al\u0131nan mineral, \u00fcretilecek yemin rasyonuna g\u00f6re silo alt\u0131ndaki helezonlarla tart\u0131m bunkerine dozajlan\u0131r.<\/h3>\n<div>Mineral dozaj silolar\u0131n\u0131n \u00e7\u0131k\u0131\u015f\u0131ndaki titre\u015fimli bo\u015faltma sayesinde helezonlara \u00fcr\u00fcn alma noktas\u0131nda t\u0131kanmalar \u00f6nlenmi\u015ftir. Dozaj silo \u00fczerindeki filtreler ile tozama engellenir.<\/div>\n<div>\n<div>Makro dozaj tart\u0131m bunkerinin kapasitesine g\u00f6re hassas tart\u0131ml\u0131 loadceller kullan\u0131l\u0131r. Sistem loadcell ve indikat\u00f6r verileri ile bilgisayar kontroll\u00fc \u00e7al\u0131\u015f\u0131r. Tart\u0131m bunkeri \u00fczeri toz ge\u00e7irmez esnek ba\u011flant\u0131l\u0131d\u0131r. Dozaj kantar\u0131nda hassas tart\u0131m loadcelleri sayesinde tart\u0131lan \u00fcr\u00fcn dozaj alt klapesi a\u00e7\u0131ld\u0131\u011f\u0131nda dozaj kantar\u0131 alt deposuna dolum ger\u00e7ekle\u015fir.<\/div>\n<div><img decoding=\"async\" class=\"alignnone size-medium wp-image-9078\" src=\"http:\/\/srdmakine.com\/wp-content\/uploads\/2024\/01\/makro-dozajlama-300x278.jpg\" alt=\"\" width=\"300\" height=\"278\" srcset=\"https:\/\/srdmakine.com\/wp-content\/uploads\/2024\/01\/makro-dozajlama-300x278.jpg 300w, https:\/\/srdmakine.com\/wp-content\/uploads\/2024\/01\/makro-dozajlama.jpg 557w\" sizes=\"(max-width: 300px) 100vw, 300px\" \/><\/div>\n<h5><\/h5>\n<\/div>\n<\/div>\n","protected":false},"excerpt":{"rendered":"<h3>Dozajlama i\u015flemi ham madde al\u0131m prosesinden sonra \u00fcr\u00fcn\u00fcn i\u015fleme al\u0131nd\u0131\u011f\u0131 ilk proses ad\u0131m\u0131d\u0131r.<\/h3>\n<p>&nbsp;<\/p>\n<p>End\u00fcstrinin gereksinimlerine odaklanarak, optimum yat\u0131r\u0131m ve i\u015fletme maliyetleri ile en y\u00fcksek verimi ve kaliteyi \u00fcretebilen \u00e7evre dostu, y\u00fcksek teknoloji makineler \u00fcretmektedir.<\/p>\n<p>Al\u0131nan ham madde elevat\u00f6rler ile dozaj silolar\u0131na aktar\u0131l\u0131r. Burada birbirinden farkl\u0131 ham maddeler ayr\u0131 dozaj silolar\u0131nda depolan\u0131r. Dozaj silolar\u0131na al\u0131nan ham madde, \u00fcretilecek \u00fcr\u00fcn\u00fcn rasyonuna g\u00f6re silo alt helezonlar\u0131ndan dozaj kantar\u0131na aktar\u0131l\u0131r. Dozaj kantar\u0131nda kapasitesine g\u00f6re hassas tart\u0131ml\u0131 loadceller kullan\u0131l\u0131r. Dozaj kantar\u0131 \u00fczeri toz ge\u00e7irmez esnek ba\u011flant\u0131l\u0131d\u0131r.<\/p>\n<h4>M\u0130KRO DOZAJLAMA<\/h4>\n<p>Mikro dozajlama bir veya birden fazla malzemenin (premiks, vitamin vb.) k\u00fc\u00e7\u00fck miktarlarda ve de\u011fi\u015fik oranlarda dozajlanma i\u015flemidir. Dozajlama helezonlar\u0131 sayesinde \u00fcr\u00fcn dozaj kantar\u0131na g\u00f6nderilir. Modern hayvan yemi tesislerinde mikro dozajlama genellikle merkezi parti sistemi ile birlikte \u00e7al\u0131\u015f\u0131r. Partinin boyutuna g\u00f6re, prosese dahil edilmeden \u00f6nce ayr\u0131 bir mikserde bile\u015fenleri homojenle\u015ftirmek iyi bir se\u00e7enek olabilir.<\/p>\n<p>Ruminant, kanatl\u0131, bal\u0131k yemi, evcil hayvan mamas\u0131 fabrikalar\u0131nda ve premiks tesislerinde mikro dozajlama \u00fcniteleri kullan\u0131labilir.<\/p>\n<h4>MAKRO DOZAJLAMA<\/h4>\n<p>Makro Dozajlama prosesiyle mineral, tuz, mermer tozu ve DCP vb. \u00fcr\u00fcnleri yemin rasyonuna ekleyerek katma de\u011feri y\u00fcksek \u00fcr\u00fcnler elde edilir. Yemde kullan\u0131lan ve kar\u0131\u015f\u0131ma kat\u0131l\u0131m oranlar\u0131 ana dozaj maddelerinden daha az oldu\u011fu i\u00e7in daha hassas dozajlanmas\u0131 gerekir.<\/p>\n","protected":false},"featured_media":8830,"template":"","meta":{"_joinchat":[]},"product_brand":[],"product_cat":[1066,15],"product_tag":[376,526,525,529,528,527],"class_list":{"0":"post-7035","1":"product","2":"type-product","3":"status-publish","4":"has-post-thumbnail","6":"product_cat-depolama-sistemleri","7":"product_cat-urunler","8":"product_tag-dozajlama","9":"product_tag-dozajlama-hassas-tartim","10":"product_tag-dozajlama-silo-tartim-kantar","11":"product_tag-esit-miktar-dozajlama","12":"product_tag-makro-dozajlama-silo","13":"product_tag-mikro-dozajlama","15":"first","16":"instock","17":"shipping-taxable","18":"product-type-simple"},"aioseo_notices":[],"_links":{"self":[{"href":"https:\/\/srdmakine.com\/ar\/wp-json\/wp\/v2\/product\/7035","targetHints":{"allow":["GET"]}}],"collection":[{"href":"https:\/\/srdmakine.com\/ar\/wp-json\/wp\/v2\/product"}],"about":[{"href":"https:\/\/srdmakine.com\/ar\/wp-json\/wp\/v2\/types\/product"}],"version-history":[{"count":5,"href":"https:\/\/srdmakine.com\/ar\/wp-json\/wp\/v2\/product\/7035\/revisions"}],"predecessor-version":[{"id":9081,"href":"https:\/\/srdmakine.com\/ar\/wp-json\/wp\/v2\/product\/7035\/revisions\/9081"}],"wp:featuredmedia":[{"embeddable":true,"href":"https:\/\/srdmakine.com\/ar\/wp-json\/wp\/v2\/media\/8830"}],"wp:attachment":[{"href":"https:\/\/srdmakine.com\/ar\/wp-json\/wp\/v2\/media?parent=7035"}],"wp:term":[{"taxonomy":"product_brand","embeddable":true,"href":"https:\/\/srdmakine.com\/ar\/wp-json\/wp\/v2\/product_brand?post=7035"},{"taxonomy":"product_cat","embeddable":true,"href":"https:\/\/srdmakine.com\/ar\/wp-json\/wp\/v2\/product_cat?post=7035"},{"taxonomy":"product_tag","embeddable":true,"href":"https:\/\/srdmakine.com\/ar\/wp-json\/wp\/v2\/product_tag?post=7035"}],"curies":[{"name":"wp","href":"https:\/\/api.w.org\/{rel}","templated":true}]}}