{"id":6804,"date":"2024-01-30T16:59:37","date_gmt":"2024-01-30T13:59:37","guid":{"rendered":"https:\/\/srdmakine.com\/?post_type=product&#038;p=6804"},"modified":"2026-04-20T13:50:21","modified_gmt":"2026-04-20T10:50:21","slug":"havali-tip-eleme-makinesi","status":"publish","type":"product","link":"https:\/\/srdmakine.com\/ar\/urun\/havali-tip-eleme-makinesi\/","title":{"rendered":"Haval\u0131 Tip Eleme Makinesi 2 katl\u0131"},"content":{"rendered":"<div class=\"product-detail-header-right-spot\">De\u011firmen fabrikalar\u0131nda ve silolarda tah\u0131l\u0131n temizlenmesi i\u00e7in kullan\u0131l\u0131r. Ayn\u0131 zamanda s\u0131n\u0131fland\u0131r\u0131c\u0131 olarak da adland\u0131r\u0131l\u0131r.<\/div>\n<div class=\"product-detail-header-right-feature-info\"><strong>\u00dcr\u00fcn Kodu<\/strong> : HTE-151<\/div>\n<div class=\"product-detail-header-right-feature-info\"><strong>Kategori<\/strong>\u00a0:\u00a0<a href=\"https:\/\/soyluendustri.com\/urun-kategori\/23\/temizleme\">Temizleme<\/a><\/div>\n<div>Eleme i\u015flemi yard\u0131m\u0131yla tah\u0131l taneleri aras\u0131ndaki ince ve kaba pisliklerin temizlenmesi i\u00e7in tasarlanm\u0131\u015f bir makinedir. Ayarlanabilir h\u0131z\u0131 ve e\u011fimli ekran\u0131 sayesinde, \u00e7ok y\u00f6nl\u00fc tah\u0131l temizleme makinesi olarak kullan\u0131labilir.<\/div>\n<div>\n<h3>Uygulama Alanlar\u0131<\/h3>\n<ul class=\"pl-3\">\n<li>G\u0131da i\u015fleme end\u00fcstrileri<\/li>\n<li>Un ve irmik de\u011firmenleri<\/li>\n<li>Tohum temizleme tesisleri<\/li>\n<li>Tah\u0131l temizleme ve kalibrasyon merkezleri<\/li>\n<li>Malt fabrikalar\u0131<\/li>\n<li>Yem de\u011firmenleri<\/li>\n<li>Tah\u0131l depolama silolar\u0131<\/li>\n<li>Di\u011fer benzer end\u00fcstriyel tesisler<br \/>\n<h3>\u00d6zellikleri ve Avantajlar\u0131<\/h3>\n<ul class=\"pl-3\">\n<li>D\u00fc\u015f\u00fck enerji t\u00fcketimi, y\u00fcksek kapasite ve rand\u0131man<\/li>\n<li>Kolay ve asgari bak\u0131m, titre\u015fim motorlar\u0131yla sorunsuz \u00e7al\u0131\u015fma<\/li>\n<li>Ayarlanabilir elek e\u011fimi (a\u00e7\u0131s\u0131) &#8211; 2 il\u00e2 12 aras\u0131nda de\u011fi\u015fen dereceler. Bu \u00f6zellik sayesinde her t\u00fcrl\u00fc tah\u0131l i\u00e7in azami rand\u0131manla kullan\u0131labilir<\/li>\n<li>Dayan\u0131kl\u0131l\u0131k ve uzun \u00f6m\u00fcr<\/li>\n<li>Ekranlar\u0131n h\u0131zl\u0131 ve kolay de\u011fi\u015ftirilmesi ve pratik temizlik<\/li>\n<li>Sessiz \u00e7al\u0131\u015fma<\/li>\n<li>Not: Tabloda verilen t\u00fcm rakamlar, azami de\u011ferlerdir.<\/li>\n<li>De\u011ferler, y\u00fczde 15 nem i\u00e7eren bu\u011fday ve \u00e7avdar i\u00e7indir. Daha y\u00fcksek nem i\u00e7eren tah\u0131llar i\u00e7in a\u015fa\u011f\u0131da verilen de\u011ferler dikkate al\u0131nmal\u0131d\u0131r.<br \/>\n<h3>\u00c7al\u0131\u015fma Prensibi<\/h3>\n<p>Titre\u015fim etkisi, makinenin a\u011f\u0131rl\u0131k merkezine yerle\u015ftirilen titre\u015fim motorlar\u0131 taraf\u0131ndan sa\u011flan\u0131r. Lastik takozlar \u00fczerine monte edilen tah\u0131l besleme b\u00f6lmesi ve g\u00f6vde, \u00fcr\u00fcn\u00fc, titre\u015fim motorlar\u0131yla hareket ettirerek giri\u015fin orta b\u00f6l\u00fcm\u00fcne do\u011fru aktar\u0131r. Tah\u0131l, ayarlanabilir bir tanzim ge\u00e7idi yard\u0131m\u0131yla ele\u011fin t\u00fcm y\u00fczeyine e\u015fit yay\u0131larak ayr\u0131\u015ft\u0131r\u0131l\u0131r. Daha iyi \u00fcr\u00fcn ak\u0131\u015f\u0131 sa\u011flamak i\u00e7in, gerekirse ele\u011fin giri\u015fine ba\u015fka bir ayarlanabilir bir tanzim ge\u00e7idi konabilir. Tah\u0131l ilk elekten ikincisine ge\u00e7erken, daha b\u00fcy\u00fck boyutlu yabanc\u0131 partik\u00fcller veya yabanc\u0131 maddeler ilk elek taraf\u0131ndan tutulur ve kaba-at\u0131k bo\u015faltma hatt\u0131na y\u00f6neltilir. \u0130kinci elekten ge\u00e7en kalan k\u00fc\u00e7\u00fck boyutlu yabanc\u0131 maddeler ve yabanc\u0131 partik\u00fcller, ince-at\u0131k bo\u015faltma hatt\u0131na aktar\u0131l\u0131r. Temizlenen \u00fcr\u00fcn daha sonra bir hava kanal\u0131na veya tarara ta\u015f\u0131n\u0131r.<\/li>\n<li><img fetchpriority=\"high\" decoding=\"async\" class=\"alignnone size-medium wp-image-8792\" src=\"http:\/\/srdmakine.com\/wp-content\/uploads\/2024\/01\/havali-tip-elek1-300x286.jpg\" alt=\"\" width=\"300\" height=\"286\" srcset=\"https:\/\/srdmakine.com\/wp-content\/uploads\/2024\/01\/havali-tip-elek1-300x286.jpg 300w, https:\/\/srdmakine.com\/wp-content\/uploads\/2024\/01\/havali-tip-elek1.jpg 484w\" sizes=\"(max-width: 300px) 100vw, 300px\" \/><\/li>\n<\/ul>\n<\/li>\n<\/ul>\n<\/div>\n","protected":false},"excerpt":{"rendered":"<div>\n<div class=\"product-detail-header-right-feature-info\"><strong>\u00dcr\u00fcn Kodu<\/strong> : HTE-151<\/div>\n<div class=\"product-detail-header-right-feature-info\"><strong>Kategori<\/strong>\u00a0:\u00a0<a href=\"https:\/\/soyluendustri.com\/urun-kategori\/23\/temizleme\">Temizleme<\/a><\/div>\n<\/div>\n<div class=\"product-detail-header-right-spot\">De\u011firmen fabrikalar\u0131nda ve silolarda tah\u0131l\u0131n temizlenmesi i\u00e7in kullan\u0131l\u0131r. Ayn\u0131 zamanda s\u0131n\u0131fland\u0131r\u0131c\u0131 olarak da adland\u0131r\u0131l\u0131r.Un fabrikalar\u0131nda ve hububat temizleme tesislerinde \u00f6n temizleme, temizleme ve \u00f6\u011f\u00fctmeye haz\u0131rl\u0131k \u00fcnitelerinde kullan\u0131l\u0131r. Metal g\u00f6vde, iki katl\u0131 profil kasadan olu\u015fmaktad\u0131r. Makineye giren mam\u00fcl, vibro motorlar\u0131n titrem\u015fimi ile eleklerin y\u00fczeyine yay\u0131larak elenir. Mam\u00fcl i\u00e7indeki \u00e7\u00f6p, saman, ba\u015fak vs yabanc\u0131 maddelerden titre\u015fim ile d\u0131\u015far\u0131ya iletilir. Elek saclar\u0131 plastik toplarla temizleme yapmaktad\u0131r. Elek e\u011fimleri ayar kolu ile ayarlanabilme \u00f6zelli\u011fine sahiptir. Mika camdan g\u00f6zetleme pencereleri mevcuttur. Elek kasalar\u0131 kolay s\u00f6k\u00fclebilme \u00f6zelli\u011fine sahiptir.<\/div>\n<div class=\"product-detail-header-right-feature-info\"><\/div>\n<div>\n<ul class=\"props\">\n<li>De\u011firmen fabrikalar\u0131nda ve silolarda tah\u0131l\u0131n temizlenmesi i\u00e7in kullan\u0131l\u0131r. Ayn\u0131 zamanda s\u0131n\u0131fland\u0131r\u0131c\u0131 olarak da adland\u0131r\u0131l\u0131r.<\/li>\n<li>Titre\u015fime dayal\u0131 \u00e7elik sacdan imal edilmi\u015ftir.<\/li>\n<li>Ya\u011flama gerektirmez.<\/li>\n<li>\u00dcr\u00fcn klapeler vas\u0131tas\u0131yla y\u00f6nlendirilerek ele\u011fin \u00fczerine e\u015fit olarak da\u011f\u0131l\u0131r.<\/li>\n<li>Sa\u011flam konstr\u00fcksiyon<\/li>\n<li>Az enerji t\u00fcketimi<\/li>\n<li>Kolayca yerle\u015ftirilebilir yedek par\u00e7a<\/li>\n<li>Kolay ve h\u0131zl\u0131 s\u00f6k\u00fcl\u00fcp tak\u0131labilir elekler<\/li>\n<li>Tabloda verilen kapasite de\u011ferleri, tah\u0131l\u0131n cinsine ve elek delik \u00e7ap\u0131na ba\u011fl\u0131 olarak de\u011fi\u015febilir.<\/li>\n<\/ul>\n<\/div>\n","protected":false},"featured_media":8789,"template":"","meta":{"_joinchat":[]},"product_brand":[],"product_cat":[1062,15],"product_tag":[354,358,357,356,353,352,359,355],"class_list":{"0":"post-6804","1":"product","2":"type-product","3":"status-publish","4":"has-post-thumbnail","6":"product_cat-eleme-makinalari","7":"product_cat-urunler","8":"product_tag-cop-sasoru","9":"product_tag-elek-posta-sasoru","10":"product_tag-elek-yandan-sallamali","11":"product_tag-hava-kanali-siniflandirici","12":"product_tag-hava-kanalli-sasor","13":"product_tag-havali-tip-elek","14":"product_tag-temizleme-makinesi","15":"product_tag-vibro-sasor","17":"first","18":"instock","19":"shipping-taxable","20":"product-type-simple"},"aioseo_notices":[],"_links":{"self":[{"href":"https:\/\/srdmakine.com\/ar\/wp-json\/wp\/v2\/product\/6804","targetHints":{"allow":["GET"]}}],"collection":[{"href":"https:\/\/srdmakine.com\/ar\/wp-json\/wp\/v2\/product"}],"about":[{"href":"https:\/\/srdmakine.com\/ar\/wp-json\/wp\/v2\/types\/product"}],"version-history":[{"count":8,"href":"https:\/\/srdmakine.com\/ar\/wp-json\/wp\/v2\/product\/6804\/revisions"}],"predecessor-version":[{"id":8798,"href":"https:\/\/srdmakine.com\/ar\/wp-json\/wp\/v2\/product\/6804\/revisions\/8798"}],"wp:featuredmedia":[{"embeddable":true,"href":"https:\/\/srdmakine.com\/ar\/wp-json\/wp\/v2\/media\/8789"}],"wp:attachment":[{"href":"https:\/\/srdmakine.com\/ar\/wp-json\/wp\/v2\/media?parent=6804"}],"wp:term":[{"taxonomy":"product_brand","embeddable":true,"href":"https:\/\/srdmakine.com\/ar\/wp-json\/wp\/v2\/product_brand?post=6804"},{"taxonomy":"product_cat","embeddable":true,"href":"https:\/\/srdmakine.com\/ar\/wp-json\/wp\/v2\/product_cat?post=6804"},{"taxonomy":"product_tag","embeddable":true,"href":"https:\/\/srdmakine.com\/ar\/wp-json\/wp\/v2\/product_tag?post=6804"}],"curies":[{"name":"wp","href":"https:\/\/api.w.org\/{rel}","templated":true}]}}