{"id":6795,"date":"2024-01-30T16:55:46","date_gmt":"2024-01-30T13:55:46","guid":{"rendered":"https:\/\/srdmakine.com\/?post_type=product&#038;p=6795"},"modified":"2026-04-20T13:50:41","modified_gmt":"2026-04-20T10:50:41","slug":"analiz-eleme-makinesi","status":"publish","type":"product","link":"https:\/\/srdmakine.com\/ar\/urun\/analiz-eleme-makinesi\/","title":{"rendered":"Analiz Eleme Makinesi"},"content":{"rendered":"","protected":false},"excerpt":{"rendered":"<h3 class=\"title\">A\u00e7\u0131klama<\/h3>\n<p>Analiz makinalar\u0131 nat\u00fcrel \u00fcr\u00fcn\u00fcn kalitesi, b\u00fcy\u00fckl\u00fc\u011f\u00fc vs. gibi de\u011ferleri tan\u0131mlamada \u00e7ok \u00f6nemli bir yer tutmaktad\u0131r. Bu sayede sat\u0131n al\u0131nan \u00fcr\u00fcn\u00fcn ne kadar sa\u011fl\u0131kl\u0131 ve temiz oldu\u011fu saptanabilir. Tesis ve fabrikalar\u0131n olmazsa olmaz ekipmanlar\u0131ndan birisidir. Kabuk soyma ve eleme boylama i\u015flevinde \u00e7e\u015fitli \u00fcr\u00fcn gruplar\u0131na g\u00f6re analiz makinalar\u0131m\u0131z vard\u0131r. Ufak tefek ve ta\u015f\u0131nabilir olmas\u0131 da \u00fcr\u00fcn\u00fc bir hayli ergonomik k\u0131l\u0131yor.<\/p>\n<p>&nbsp;<\/p>\n<p>&nbsp;<\/p>\n<p><img fetchpriority=\"high\" decoding=\"async\" class=\"alignnone size-medium wp-image-8538\" src=\"http:\/\/srdmakine.com\/wp-content\/uploads\/2024\/01\/analiz-nume-elek-300x180.png\" alt=\"\" width=\"300\" height=\"180\" srcset=\"https:\/\/srdmakine.com\/wp-content\/uploads\/2024\/01\/analiz-nume-elek-300x180.png 300w, https:\/\/srdmakine.com\/wp-content\/uploads\/2024\/01\/analiz-nume-elek.png 500w\" sizes=\"(max-width: 300px) 100vw, 300px\" \/><\/p>\n<p><img decoding=\"async\" class=\"alignnone size-medium wp-image-8539\" src=\"http:\/\/srdmakine.com\/wp-content\/uploads\/2024\/01\/analiz-elegi-aciklama-300x64.jpg\" alt=\"\" width=\"300\" height=\"64\" srcset=\"https:\/\/srdmakine.com\/wp-content\/uploads\/2024\/01\/analiz-elegi-aciklama-300x64.jpg 300w, https:\/\/srdmakine.com\/wp-content\/uploads\/2024\/01\/analiz-elegi-aciklama-600x129.jpg 600w, https:\/\/srdmakine.com\/wp-content\/uploads\/2024\/01\/analiz-elegi-aciklama-768x165.jpg 768w, https:\/\/srdmakine.com\/wp-content\/uploads\/2024\/01\/analiz-elegi-aciklama.jpg 924w\" sizes=\"(max-width: 300px) 100vw, 300px\" \/><\/p>\n","protected":false},"featured_media":12085,"template":"","meta":{"_joinchat":[]},"product_brand":[],"product_cat":[1062,15],"product_tag":[249,281,224,253,246,225,248,247,250,229,227,243,228,259,283,244,282],"class_list":{"0":"post-6795","1":"product","2":"type-product","3":"status-publish","4":"has-post-thumbnail","6":"product_cat-eleme-makinalari","7":"product_cat-urunler","8":"product_tag-acik-elek","9":"product_tag-analiz-elegi","10":"product_tag-arpa","11":"product_tag-baharat-eleme-makinesi","12":"product_tag-bakliyat-temizleme","13":"product_tag-bugday","14":"product_tag-bugday-elegi","15":"product_tag-bugday-temizleme","16":"product_tag-cekirdek-temizleme","17":"product_tag-keten-tohumu","18":"product_tag-kinoa","19":"product_tag-misir","20":"product_tag-pirinc","21":"product_tag-plastik-bakliyat-hububat-susam","22":"product_tag-super-hassas-analiz-elek","23":"product_tag-tohum","24":"product_tag-tohum-analiz-eleme","26":"first","27":"instock","28":"shipping-taxable","29":"product-type-simple"},"aioseo_notices":[],"_links":{"self":[{"href":"https:\/\/srdmakine.com\/ar\/wp-json\/wp\/v2\/product\/6795","targetHints":{"allow":["GET"]}}],"collection":[{"href":"https:\/\/srdmakine.com\/ar\/wp-json\/wp\/v2\/product"}],"about":[{"href":"https:\/\/srdmakine.com\/ar\/wp-json\/wp\/v2\/types\/product"}],"version-history":[{"count":4,"href":"https:\/\/srdmakine.com\/ar\/wp-json\/wp\/v2\/product\/6795\/revisions"}],"predecessor-version":[{"id":8727,"href":"https:\/\/srdmakine.com\/ar\/wp-json\/wp\/v2\/product\/6795\/revisions\/8727"}],"wp:featuredmedia":[{"embeddable":true,"href":"https:\/\/srdmakine.com\/ar\/wp-json\/wp\/v2\/media\/12085"}],"wp:attachment":[{"href":"https:\/\/srdmakine.com\/ar\/wp-json\/wp\/v2\/media?parent=6795"}],"wp:term":[{"taxonomy":"product_brand","embeddable":true,"href":"https:\/\/srdmakine.com\/ar\/wp-json\/wp\/v2\/product_brand?post=6795"},{"taxonomy":"product_cat","embeddable":true,"href":"https:\/\/srdmakine.com\/ar\/wp-json\/wp\/v2\/product_cat?post=6795"},{"taxonomy":"product_tag","embeddable":true,"href":"https:\/\/srdmakine.com\/ar\/wp-json\/wp\/v2\/product_tag?post=6795"}],"curies":[{"name":"wp","href":"https:\/\/api.w.org\/{rel}","templated":true}]}}