{"id":6787,"date":"2024-01-30T16:51:38","date_gmt":"2024-01-30T13:51:38","guid":{"rendered":"https:\/\/srdmakine.com\/?post_type=product&#038;p=6787"},"modified":"2026-04-21T07:52:18","modified_gmt":"2026-04-21T04:52:18","slug":"vibro-eleme-makinesi","status":"publish","type":"product","link":"https:\/\/srdmakine.com\/ar\/urun\/vibro-eleme-makinesi\/","title":{"rendered":"Sarsak Eleme Makinesi"},"content":{"rendered":"<h2>SARSAK ELEK<\/h2>\n<p>Sarsak elek olduk\u00e7a geni\u015f kullan\u0131m alanlar\u0131na sahip elek t\u00fcrlerinden biridir.<br \/>\nFarkl\u0131 elek geni\u015flikleri yard\u0131m\u0131 ile \u00fcr\u00fcnleri kalibre etmeye, yabanc\u0131 cisimlerden ar\u0131nd\u0131rmaya, ayn\u0131 b\u00fcy\u00fckl\u00fckteki<br \/>\ncisimlerin prosese girmesine yard\u0131mc\u0131 olur. \u00dcr\u00fcn ve \u00e7al\u0131\u015fma prensibine g\u00f6re<br \/>\n\u015faseye yerle\u015ftirilen vibrat\u00f6rler ile titre\u015fim hareketi sa\u011flanmaktad\u0131r.<\/p>\n<p>Malzeme temas y\u00fczeyleri 2,5 mm Metal levhadan statik boyal\u0131 yada tamamen \u00fcretilen AISI 304 paslanmaz \u00e7eliktir.<\/p>\n<p>Ta\u015f\u0131y\u0131c\u0131 iskelet 2,5 mm DKP \u00e7elikten imal edilir, boyan\u0131r.<\/p>\n<p>Elek boyutlar\u0131 1000*2000*710 mm<\/p>\n<p>4 adet titre\u015fim yay\u0131<\/p>\n<p>Delik \u00e7ap\u0131 2 mm (iste\u011fe ba\u011fl\u0131 \u00fcretilir)<\/p>\n<p>\u00dcst koruma kapa\u011f\u0131 iste\u011fe ba\u011fl\u0131d\u0131r.<\/p>\n<p>Malzeme beslemesi s\u00fcrekli kaynaktan d\u00fczenli olmas\u0131 gerekir.<\/p>\n<p>D\u00fczensiz y\u00fckler i\u00e7in bunker ve platform sunulmaktad\u0131r.<\/p>\n<p>G\u0131da \u00fcretimine uygundur<\/p>\n<p>\u0130stenilen her delik \u00e7ap\u0131nda elek sunabiliyoruz<\/p>\n<p>Elek g\u00f6vdeye klipsli ile ba\u011fland\u0131\u011f\u0131ndan s\u00f6k\u00fcp takmak \u00e7ok h\u0131zl\u0131d\u0131r<\/p>\n<p>Modern tasar\u0131m\u0131 ile g\u00f6z alan eleklerimiz uzun y\u0131llard\u0131r farkl\u0131 sekt\u00f6rlerde ba\u015far\u0131 ile kullan\u0131lmaktad\u0131r.<\/p>\n<p>&nbsp;<\/p>\n<p><img fetchpriority=\"high\" decoding=\"async\" class=\"alignnone size-medium wp-image-8743\" src=\"http:\/\/srdmakine.com\/wp-content\/uploads\/2024\/01\/SARSAK-ELEK-KROM-TAMAMEN-300x222.jpg\" alt=\"\" width=\"300\" height=\"222\" srcset=\"https:\/\/srdmakine.com\/wp-content\/uploads\/2024\/01\/SARSAK-ELEK-KROM-TAMAMEN-300x222.jpg 300w, https:\/\/srdmakine.com\/wp-content\/uploads\/2024\/01\/SARSAK-ELEK-KROM-TAMAMEN.jpg 421w\" sizes=\"(max-width: 300px) 100vw, 300px\" \/><img decoding=\"async\" class=\"alignnone size-full wp-image-8742\" src=\"http:\/\/srdmakine.com\/wp-content\/uploads\/2024\/01\/SARSAK-ELEK-KROM1.jpg\" alt=\"\" width=\"300\" height=\"300\" srcset=\"https:\/\/srdmakine.com\/wp-content\/uploads\/2024\/01\/SARSAK-ELEK-KROM1.jpg 300w, https:\/\/srdmakine.com\/wp-content\/uploads\/2024\/01\/SARSAK-ELEK-KROM1-100x100.jpg 100w, https:\/\/srdmakine.com\/wp-content\/uploads\/2024\/01\/SARSAK-ELEK-KROM1-150x150.jpg 150w\" sizes=\"(max-width: 300px) 100vw, 300px\" \/><img decoding=\"async\" class=\"alignnone size-medium wp-image-8741\" src=\"http:\/\/srdmakine.com\/wp-content\/uploads\/2024\/01\/SARSAK-ELEK-KROM-300x225.jpg\" alt=\"\" width=\"300\" height=\"225\" srcset=\"https:\/\/srdmakine.com\/wp-content\/uploads\/2024\/01\/SARSAK-ELEK-KROM-300x225.jpg 300w, https:\/\/srdmakine.com\/wp-content\/uploads\/2024\/01\/SARSAK-ELEK-KROM-600x450.jpg 600w, https:\/\/srdmakine.com\/wp-content\/uploads\/2024\/01\/SARSAK-ELEK-KROM-768x576.jpg 768w, https:\/\/srdmakine.com\/wp-content\/uploads\/2024\/01\/SARSAK-ELEK-KROM.jpg 800w\" sizes=\"(max-width: 300px) 100vw, 300px\" \/><img loading=\"lazy\" decoding=\"async\" class=\"alignnone size-medium wp-image-8740\" src=\"http:\/\/srdmakine.com\/wp-content\/uploads\/2024\/01\/VIBRO-SARSAK-ELEK-RESIM-294x300.jpg\" alt=\"\" width=\"294\" height=\"300\" srcset=\"https:\/\/srdmakine.com\/wp-content\/uploads\/2024\/01\/VIBRO-SARSAK-ELEK-RESIM-294x300.jpg 294w, https:\/\/srdmakine.com\/wp-content\/uploads\/2024\/01\/VIBRO-SARSAK-ELEK-RESIM-600x613.jpg 600w, https:\/\/srdmakine.com\/wp-content\/uploads\/2024\/01\/VIBRO-SARSAK-ELEK-RESIM.jpg 693w\" sizes=\"(max-width: 294px) 100vw, 294px\" \/><\/p>\n","protected":false},"excerpt":{"rendered":"<ul>\n<li>SRD Sarsak Elek, en geni\u015f kullan\u0131m alanlar\u0131na sahip elek t\u00fcrlerinden biridir.<\/li>\n<li>\u00dcr\u00fcn\u00fcn beslenmesi, ta\u015f\u0131nmas\u0131 kat\u0131 \u00fcr\u00fcn\u00fcn dolumu, kalibre edilmesi istenmeyen maddelerden ayr\u0131lmas\u0131 ama\u00e7lar\u0131yla kullan\u0131lmaktad\u0131r.<\/li>\n<li>\u00dcr\u00fcn ve \u00e7al\u0131\u015fma prensibine g\u00f6re \u015faseye yerle\u015ftirilen vibrat\u00f6rler ile titre\u015fim hareketi sa\u011flanmaktad\u0131r.<\/li>\n<li>SRD Sarsak ele\u011fin i\u015flevselli\u011fine g\u00f6re yerle\u015ftirilmi\u015f vibrasyon takozlar\u0131 ve yaylar; titre\u015fim hareketinin s\u00f6n\u00fcmlenmesi ve yay\u0131n\u0131m\u0131n s\u00fcrekli tekrarlanmas\u0131n\u0131 sa\u011flamaktad\u0131r.<\/li>\n<li>\n<h2>Kullan\u0131m Alanlar\u0131<\/h2>\n<\/li>\n<li>\u00dcr\u00fcn kalibresi, her katta farkl\u0131 \u00e7aplarda delikli elekler ile sa\u011flanmaktad\u0131r.<\/li>\n<li>G\u0131da sekt\u00f6r\u00fc<\/li>\n<li>Yem ve hayvasal g\u0131da sekt\u00f6r\u00fc<\/li>\n<li>Kimya sekt\u00f6r\u00fc<\/li>\n<li>\u0130la\u00e7 sekt\u00f6r\u00fc<\/li>\n<li>Kozmetik sekt\u00f6r\u00fc<\/li>\n<li>Geri d\u00f6n\u00fc\u015f\u00fcm ve \u00e7evre koruma sekt\u00f6r\u00fc<\/li>\n<li>Plastik malzemeler<\/li>\n<li>Metal i\u015fleme end\u00fcstrisi<\/li>\n<li>A\u011fa\u00e7 i\u015fleri sekt\u00f6r\u00fc<\/li>\n<li>Maden ve mineraller sekt\u00f6r\u00fc<\/li>\n<li><img loading=\"lazy\" decoding=\"async\" class=\"alignnone size-medium wp-image-8742\" src=\"http:\/\/srdmakine.com\/wp-content\/uploads\/2024\/01\/SARSAK-ELEK-KROM1.jpg\" alt=\"\" width=\"300\" height=\"300\" srcset=\"https:\/\/srdmakine.com\/wp-content\/uploads\/2024\/01\/SARSAK-ELEK-KROM1.jpg 300w, https:\/\/srdmakine.com\/wp-content\/uploads\/2024\/01\/SARSAK-ELEK-KROM1-100x100.jpg 100w, https:\/\/srdmakine.com\/wp-content\/uploads\/2024\/01\/SARSAK-ELEK-KROM1-150x150.jpg 150w\" sizes=\"(max-width: 300px) 100vw, 300px\" \/><\/li>\n<\/ul>\n","protected":false},"featured_media":8740,"template":"","meta":{"_joinchat":[]},"product_brand":[],"product_cat":[1062,15],"product_tag":[342,343,340,341,216],"class_list":{"0":"post-6787","1":"product","2":"type-product","3":"status-publish","4":"has-post-thumbnail","6":"product_cat-eleme-makinalari","7":"product_cat-urunler","8":"product_tag-gida-makineleri","9":"product_tag-sallamali-elek","10":"product_tag-sarsak-elek","11":"product_tag-titresimli-elek","12":"product_tag-vibro-elek","14":"first","15":"instock","16":"shipping-taxable","17":"product-type-simple"},"aioseo_notices":[],"_links":{"self":[{"href":"https:\/\/srdmakine.com\/ar\/wp-json\/wp\/v2\/product\/6787","targetHints":{"allow":["GET"]}}],"collection":[{"href":"https:\/\/srdmakine.com\/ar\/wp-json\/wp\/v2\/product"}],"about":[{"href":"https:\/\/srdmakine.com\/ar\/wp-json\/wp\/v2\/types\/product"}],"version-history":[{"count":9,"href":"https:\/\/srdmakine.com\/ar\/wp-json\/wp\/v2\/product\/6787\/revisions"}],"predecessor-version":[{"id":13158,"href":"https:\/\/srdmakine.com\/ar\/wp-json\/wp\/v2\/product\/6787\/revisions\/13158"}],"wp:featuredmedia":[{"embeddable":true,"href":"https:\/\/srdmakine.com\/ar\/wp-json\/wp\/v2\/media\/8740"}],"wp:attachment":[{"href":"https:\/\/srdmakine.com\/ar\/wp-json\/wp\/v2\/media?parent=6787"}],"wp:term":[{"taxonomy":"product_brand","embeddable":true,"href":"https:\/\/srdmakine.com\/ar\/wp-json\/wp\/v2\/product_brand?post=6787"},{"taxonomy":"product_cat","embeddable":true,"href":"https:\/\/srdmakine.com\/ar\/wp-json\/wp\/v2\/product_cat?post=6787"},{"taxonomy":"product_tag","embeddable":true,"href":"https:\/\/srdmakine.com\/ar\/wp-json\/wp\/v2\/product_tag?post=6787"}],"curies":[{"name":"wp","href":"https:\/\/api.w.org\/{rel}","templated":true}]}}