{"id":6774,"date":"2024-01-30T16:40:57","date_gmt":"2024-01-30T13:40:57","guid":{"rendered":"https:\/\/srdmakine.com\/?post_type=product&#038;p=6774"},"modified":"2026-04-20T13:51:51","modified_gmt":"2026-04-20T10:51:51","slug":"tohum-kaplama-makinesi","status":"publish","type":"product","link":"https:\/\/srdmakine.com\/ar\/urun\/tohum-kaplama-makinesi\/","title":{"rendered":"Tohum Kaplama \u0130la\u00e7lama Peletleme Makinesi"},"content":{"rendered":"<p class=\"name\">Tohum Kaplama Makinesi<\/p>\n<p>\u00dcr\u00fcn Kodu:<em> TK-104<\/em><\/p>\n<div align=\"justify\"><strong>Makinenin G\u00f6revi ve \u00c7al\u0131\u015fma Prensibi<\/strong><\/div>\n<div align=\"justify\">Tohum, kuruyemi\u015f vb. \u00fcr\u00fcnlerin d\u0131\u015f y\u00fczeylerini kaplamak i\u00e7in kullan\u0131l\u0131r. Makinenin \u00e7al\u0131\u015fma prensibi \u015f\u00f6yledir: \u0130\u00e7erisinde tart\u0131m haznesi bulunan makine ilk olarak \u00fcr\u00fcn\u00fc maksimum 50kg. tartarak y\u00fcksek h\u0131zla d\u00f6nen diskin \u00fczerine bo\u015falt\u0131r. \u00dcr\u00fcn diskin i\u00e7erisinde ivme kazanarak d\u00f6ner ve s\u00fcrt\u00fcnmeden dolay\u0131 yuvarlan\u0131r. Bu esnada s\u0131v\u0131 ve toz ila\u00e7 g\u0131da maddesi vb. eklenerek \u00fcr\u00fcn\u00fcn y\u00fczeyinin kaplanmas\u0131 sa\u011flan\u0131r ve son olarak klape yard\u0131m\u0131 ile d\u0131\u015far\u0131 al\u0131n\u0131r.<\/div>\n<div align=\"justify\">Sistem PLC ekranda tam otomatik olarak kontrol edilir.<\/div>\n<div align=\"justify\"><\/div>\n<div align=\"justify\">\u0130\u00e7erisinde dojazlama pompas\u0131, bir adet s\u0131v\u0131 t\u00fcp\u00fc ve s\u0131v\u0131 tank\u0131 mevcuttur. Kullan\u0131c\u0131 ihtiya\u00e7lar\u0131na uyumlu olarak; \u00e7ift pompalama t\u00fcp\u00fc ve s\u0131v\u0131 tank\u0131 ayr\u0131ca toz \u00fcr\u00fcn tank\u0131 ve helezon makine i\u015fleyi\u015f sistemine eklenebilmektedir. Toz \u00fcr\u00fcn helezonu, istenilen gramajda ve s\u00fcrede disk \u00fczerine toz \u00fcr\u00fcn verebilir. Kaplama Makinesi SCM-001, paslanmaz ve boyal\u0131 \u015feklinde alternatiflere sahiptir. Makine uzun s\u00fcre bak\u0131m gerektirmeyecek \u00f6zellikte tasarlanm\u0131\u015ft\u0131r.<\/div>\n","protected":false},"excerpt":{"rendered":"<p class=\"name\">Tohum Kaplama Makinesi<\/p>\n<p>\u00dcr\u00fcn Kodu:<em> TK-104<\/em><\/p>\n<div align=\"justify\">Tohumlar\u0131 ha\u015ferelere, mantarlanmaya veya yap\u0131 maddelerini korumak i\u00e7in hassas bir \u015fekilde kimyasal ila\u00e7lar ile kaplanmas\u0131nda kullan\u0131lan bir makinedir.<\/div>\n","protected":false},"featured_media":12860,"template":"","meta":{"_joinchat":[]},"product_brand":[],"product_cat":[1062,15],"product_tag":[224,1052,225,1051,1055,327,229,227,1054,1049,1050,1053,244,1056,326,1057],"class_list":{"0":"post-6774","1":"product","2":"type-product","3":"status-publish","4":"has-post-thumbnail","6":"product_cat-eleme-makinalari","7":"product_cat-urunler","8":"product_tag-arpa","9":"product_tag-biber-tohumu-kaplama","10":"product_tag-bugday","11":"product_tag-domates-tohumu-kaplama","12":"product_tag-ilaclama-peletleme-kaplama-makinesi","13":"product_tag-kaplama-makine","14":"product_tag-keten-tohumu","15":"product_tag-kinoa","16":"product_tag-salatalik-tohumu-kaplama","17":"product_tag-sebze-tohum","18":"product_tag-sebze-tohumu-kaplama","19":"product_tag-tere-tohum-kaplama-ilaclama","20":"product_tag-tohum","21":"product_tag-tohum-ilaclama-kaplama-makinesi","22":"product_tag-tohum-kaplama","23":"product_tag-vegetable-seed-spraying-coating-machine","25":"first","26":"instock","27":"shipping-taxable","28":"product-type-simple"},"aioseo_notices":[],"_links":{"self":[{"href":"https:\/\/srdmakine.com\/ar\/wp-json\/wp\/v2\/product\/6774","targetHints":{"allow":["GET"]}}],"collection":[{"href":"https:\/\/srdmakine.com\/ar\/wp-json\/wp\/v2\/product"}],"about":[{"href":"https:\/\/srdmakine.com\/ar\/wp-json\/wp\/v2\/types\/product"}],"version-history":[{"count":5,"href":"https:\/\/srdmakine.com\/ar\/wp-json\/wp\/v2\/product\/6774\/revisions"}],"predecessor-version":[{"id":8711,"href":"https:\/\/srdmakine.com\/ar\/wp-json\/wp\/v2\/product\/6774\/revisions\/8711"}],"wp:featuredmedia":[{"embeddable":true,"href":"https:\/\/srdmakine.com\/ar\/wp-json\/wp\/v2\/media\/12860"}],"wp:attachment":[{"href":"https:\/\/srdmakine.com\/ar\/wp-json\/wp\/v2\/media?parent=6774"}],"wp:term":[{"taxonomy":"product_brand","embeddable":true,"href":"https:\/\/srdmakine.com\/ar\/wp-json\/wp\/v2\/product_brand?post=6774"},{"taxonomy":"product_cat","embeddable":true,"href":"https:\/\/srdmakine.com\/ar\/wp-json\/wp\/v2\/product_cat?post=6774"},{"taxonomy":"product_tag","embeddable":true,"href":"https:\/\/srdmakine.com\/ar\/wp-json\/wp\/v2\/product_tag?post=6774"}],"curies":[{"name":"wp","href":"https:\/\/api.w.org\/{rel}","templated":true}]}}