{"id":6724,"date":"2024-01-30T16:01:29","date_gmt":"2024-01-30T13:01:29","guid":{"rendered":"https:\/\/srdmakine.com\/?post_type=product&#038;p=6724"},"modified":"2026-04-21T07:50:13","modified_gmt":"2026-04-21T04:50:13","slug":"tas-ayirma-makinesi","status":"publish","type":"product","link":"https:\/\/srdmakine.com\/ar\/urun\/tas-ayirma-makinesi\/","title":{"rendered":"Ta\u015f Ay\u0131rma Makinesi 5 T\/S"},"content":{"rendered":"<p>\u00dcr\u00fcn Kodu: TAM-1100<\/p>\n<p><strong>Makinenin G\u00f6revi:<\/strong><\/p>\n<p>Ta\u015f Ay\u0131rma Makinas\u0131, boyutlar\u0131 ayn\u0131 olan fakat \u00f6zg\u00fcl a\u011f\u0131rl\u0131klar\u0131 de\u011fi\u015fik olan ta\u015flar\u0131n\/yabanc\u0131 maddelerin tohumdan ay\u0131rt edilmesi i\u00e7in kullan\u0131l\u0131r.<\/p>\n<p>\u00d6n ve Hassas Temizli\u011fi yap\u0131lm\u0131\u015f, en iyi sonu\u00e7 i\u00e7in boylanm\u0131\u015f olan kuru taneli tah\u0131l ve baklagillerin yani tohumlar\u0131n i\u00e7indeki ta\u015f, yabanc\u0131 tohum, *toprak, cam vb. tohumdan a\u011f\u0131r tanelerin ay\u0131r edilmesi i\u00e7in kullan\u0131l\u0131r. T\u00fcm tah\u0131l ve bakliyat \u00fcr\u00fcnlerinde, \u00e7ekirdek, kimyon ve susamda etkilidir. Y\u00fcksek vakum \u00f6zelli\u011fi sayesinde hafif \u00e7\u00f6p ve toz alma \u00f6zelli\u011fine sahiptir.<\/p>\n<p><strong>Makinenin \u00c7al\u0131\u015fma Prensibi:\u00a0<\/strong><\/p>\n<p>Posta elevatoru yard\u0131m\u0131 ile bekletme silosuna al\u0131nan \u00fcr\u00fcn buradan vibro iletici yard\u0131m\u0131 ile ana makineye d\u00f6k\u00fcl\u00fcr. Eksantrik sistemi ile yarat\u0131lan titre\u015fim ve alttan yap\u0131lan hava etkisiyle tohumlar ta\u015f ve kendisinden a\u011f\u0131r yabanc\u0131 maddelerden ay\u0131rt edilmesi sa\u011flan\u0131r. Temizlenen \u00fcr\u00fcn\u00fcn \u00e7uvallanmas\u0131 i\u00e7in \u00e7uvallama olu\u011fu mevcuttur.<\/p>\n<p>&nbsp;<\/p>\n<p><strong>SRD MAK\u0130NE Ta\u015f Ay\u0131rma Makinas\u0131 Standart \u00d6zellikleri<\/strong><\/p>\n<p>\u2022Makine dizayn\u0131 Autodesk Inventor 3D mekanik solid modelleme dizayn yaz\u0131l\u0131m\u0131 ile tasarlanm\u0131\u015ft\u0131r.<\/p>\n<p>\u2022Makine t\u00fcm demir aksam\u0131 CNC lazer tezg\u00e2h\u0131nda kesilmi\u015ftir.<\/p>\n<p>\u2022En kaliteli \u00fc\u00e7\u00fcnc\u00fc parti malzemeler<\/p>\n<p>\u2022Makine boyas\u0131 elektrostatik toz boya<\/p>\n<p>\u2022Bilgisayar destekli montaj hatlar\u0131nda \u00fcretim<\/p>\n<p>\u2022% 100 dinamik dengeli tabla eksantrik sistemli<\/p>\n<p>&nbsp;<\/p>\n<p>Mekanik Model Ta\u015f Ay\u0131rma Makinesi Donan\u0131m \u00d6zellikleri<\/p>\n<p>\u2022\u00dcr\u00fcn Besleme H\u0131z kontrol cihazl\u0131-Liner Besleme<\/p>\n<p>\u2022Eksantrik motoru sabit h\u0131z.<\/p>\n<p>\u2022Alt hava tedarik motorlar\u0131 sabit h\u0131z, hava bas\u0131nc\u0131 manuel klape ayarl\u0131.<\/p>\n<p>\u2022Tabla ayar\u0131 manuel.<\/p>\n","protected":false},"excerpt":{"rendered":"<p>\u00dcr\u00fcn Kodu: TAM-1100<\/p>\n<p>Ta\u015f Ay\u0131rma Makinas\u0131, bakliyat, hububat, kuru taneli tohumlar\u0131n i\u00e7erisinde bulunan ,boyutlar\u0131 ayn\u0131 fakat \u00f6zg\u00fcl a\u011f\u0131rl\u0131klar\u0131 farkl\u0131 olan ta\u015f, metal, cam, ve toprak gibi yabanc\u0131 maddelerin \u00fcr\u00fcnden ay\u0131rt edilmesi i\u00e7in kullan\u0131l\u0131r. Tar\u0131m \u00fcr\u00fcnlerinin tamam\u0131nda ve \u00f6zellikle hububat, bakliyat, susam, kimyon, \u00e7ekirdekte olduk\u00e7a etkilidir. Ta\u015f ay\u0131rma makinas\u0131 y\u00fcksek vakum ile \u00fcr\u00fcn i\u00e7erisindeki hafif taneli yabanc\u0131 maddelerden ve tozdan temizlenmesini sa\u011flar.<\/p>\n","protected":false},"featured_media":6725,"template":"","meta":{"_joinchat":[]},"product_brand":[],"product_cat":[1062,15],"product_tag":[224,225,229,227,243,228,197,198,309,196,312,313,314,310,311,308,307,316,315,244],"class_list":{"0":"post-6724","1":"product","2":"type-product","3":"status-publish","4":"has-post-thumbnail","6":"product_cat-eleme-makinalari","7":"product_cat-urunler","8":"product_tag-arpa","9":"product_tag-bugday","10":"product_tag-keten-tohumu","11":"product_tag-kinoa","12":"product_tag-misir","13":"product_tag-pirinc","14":"product_tag-srd-makine","15":"product_tag-tas-ayirma","16":"product_tag-tas-ayirma-makinasi","17":"product_tag-tas-ayirma-makinesi","18":"product_tag-tas-ayristirma","19":"product_tag-tas-ayristirma-makinesi","20":"product_tag-tas-cikarici","21":"product_tag-tas-eleme","22":"product_tag-tas-eleyici","23":"product_tag-tas-makinasi","24":"product_tag-tas-makinesi","25":"product_tag-tas-secici","26":"product_tag-tas-secme","27":"product_tag-tohum","29":"first","30":"instock","31":"shipping-taxable","32":"product-type-simple"},"aioseo_notices":[],"_links":{"self":[{"href":"https:\/\/srdmakine.com\/ar\/wp-json\/wp\/v2\/product\/6724","targetHints":{"allow":["GET"]}}],"collection":[{"href":"https:\/\/srdmakine.com\/ar\/wp-json\/wp\/v2\/product"}],"about":[{"href":"https:\/\/srdmakine.com\/ar\/wp-json\/wp\/v2\/types\/product"}],"version-history":[{"count":5,"href":"https:\/\/srdmakine.com\/ar\/wp-json\/wp\/v2\/product\/6724\/revisions"}],"predecessor-version":[{"id":13156,"href":"https:\/\/srdmakine.com\/ar\/wp-json\/wp\/v2\/product\/6724\/revisions\/13156"}],"wp:featuredmedia":[{"embeddable":true,"href":"https:\/\/srdmakine.com\/ar\/wp-json\/wp\/v2\/media\/6725"}],"wp:attachment":[{"href":"https:\/\/srdmakine.com\/ar\/wp-json\/wp\/v2\/media?parent=6724"}],"wp:term":[{"taxonomy":"product_brand","embeddable":true,"href":"https:\/\/srdmakine.com\/ar\/wp-json\/wp\/v2\/product_brand?post=6724"},{"taxonomy":"product_cat","embeddable":true,"href":"https:\/\/srdmakine.com\/ar\/wp-json\/wp\/v2\/product_cat?post=6724"},{"taxonomy":"product_tag","embeddable":true,"href":"https:\/\/srdmakine.com\/ar\/wp-json\/wp\/v2\/product_tag?post=6724"}],"curies":[{"name":"wp","href":"https:\/\/api.w.org\/{rel}","templated":true}]}}