{"id":6715,"date":"2024-01-30T15:55:25","date_gmt":"2024-01-30T12:55:25","guid":{"rendered":"https:\/\/srdmakine.com\/?post_type=product&#038;p=6715"},"modified":"2026-04-20T13:52:42","modified_gmt":"2026-04-20T10:52:42","slug":"hafif-tane-ayirma-makinesi","status":"publish","type":"product","link":"https:\/\/srdmakine.com\/ar\/urun\/hafif-tane-ayirma-makinesi\/","title":{"rendered":"Hafif Tane Ay\u0131rma Makinesi"},"content":{"rendered":"<p class=\"name\">Hafif Tane Ay\u0131rma Makinas\u0131<\/p>\n<p>\u00dcr\u00fcn Kodu:<em> HTM-016<\/em><\/p>\n<div align=\"justify\">\n<div align=\"justify\">Hafif tane ay\u0131rma makinas\u0131 daha \u00f6nceden boylanm\u0131\u015f olan \u00fcr\u00fcnlerin aras\u0131ndaki hafif taneli(c\u0131l\u0131z, zarar g\u00f6rm\u00fc\u015f, nemini kaybetmi\u015f ve bu nedenle rengi bozulmu\u015f \u00fcr\u00fcnler) yabanc\u0131 maddeleri ayr\u0131\u015ft\u0131rmak i\u00e7in kullan\u0131l\u0131r. Temizlemeden \u00e7\u0131kan \u00fcr\u00fcn hafif tane ay\u0131rma makinas\u0131ndan ge\u00e7irilerek \u00fcr\u00fcn kalitesi artt\u0131r\u0131l\u0131r. Susam ve kimyon \u00fcr\u00fcnlerinde olduk\u00e7a etkili \u00e7al\u0131\u015f\u0131r. Arpa, bu\u011fday fibi tar\u0131m \u00fcr\u00fcnlerinde kesinlikle olmas\u0131 gereken bir \u00fcr\u00fcnd\u00fcr. Haifi tane makinas\u0131 i\u00e7erisinden ge\u00e7en tohumlar\u0131n ye\u015ferme oran\u0131 bariz bir \u015fekilde y\u00fckselir.<\/div>\n<div align=\"justify\">\n<div align=\"justify\"><b>Makinenin G\u00f6revi:<\/b><\/div>\n<div align=\"justify\">\n<div align=\"justify\">Hafif tane ay\u0131rma makinas\u0131 daha \u00f6nceden boylanm\u0131\u015f olan \u00fcr\u00fcnlerin aras\u0131ndaki hafif taneli(c\u0131l\u0131z, zarar g\u00f6rm\u00fc\u015f, nemini kaybetmi\u015f ve bu nedenle rengi bozulmu\u015f \u00fcr\u00fcnler) yabanc\u0131 maddeleri ayr\u0131\u015ft\u0131rmak i\u00e7in kullan\u0131l\u0131r. Temizlemeden \u00e7\u0131kan \u00fcr\u00fcn hafif tane ay\u0131rma makinas\u0131ndan ge\u00e7irilerek \u00fcr\u00fcn kalitesi artt\u0131r\u0131l\u0131r. Susam ve kimyon \u00fcr\u00fcnlerinde olduk\u00e7a etkili \u00e7al\u0131\u015f\u0131r. Arpa, bu\u011fday fibi tar\u0131m \u00fcr\u00fcnlerinde kesinlikle olmas\u0131 gereken bir \u00fcr\u00fcnd\u00fcr. Haifi tane makinas\u0131 i\u00e7erisinden ge\u00e7en tohumlar\u0131n ye\u015ferme oran\u0131 bariz bir \u015fekilde y\u00fckselir.<\/div>\n<div align=\"justify\"><\/div>\n<\/div>\n<div align=\"justify\"><b>Makinenin \u00c7al\u0131\u015fma Prensibi:<\/b><\/div>\n<div align=\"justify\">\n<div align=\"justify\">Elevat\u00f6r ile bekletme silosuna aktar\u0131lan \u00fcr\u00fcn Hafif tane ay\u0131rma makinas\u0131 \u00fczerindeki tablaya d\u00f6k\u00fcl\u00fcr. Bu tablaya uygulana vibrasyon h\u0131z denetim cihazlar\u0131yla kontrol edilir.Tabla \u00fczerindeki e\u011fim hidrolik sistem sayesinde rahatl\u0131kla sa\u011f ve sol, \u00f6n ve arkaya do\u011fru ayarlanabilmektedir.<\/div>\n<div>\n<div align=\"justify\"><\/div>\n<div align=\"justify\">Makinada kullan\u0131labilecek \u00dcr\u00fcnler : Bakliyat, Hububatlar, Kimyon Susam vb.<\/div>\n<div align=\"justify\"><img fetchpriority=\"high\" decoding=\"async\" class=\"alignnone size-medium wp-image-8689\" src=\"http:\/\/srdmakine.com\/wp-content\/uploads\/2024\/01\/hafiftane-resim-300x260.jpg\" alt=\"\" width=\"300\" height=\"260\" srcset=\"https:\/\/srdmakine.com\/wp-content\/uploads\/2024\/01\/hafiftane-resim-300x260.jpg 300w, https:\/\/srdmakine.com\/wp-content\/uploads\/2024\/01\/hafiftane-resim.jpg 431w\" sizes=\"(max-width: 300px) 100vw, 300px\" \/><\/div>\n<\/div>\n<\/div>\n<\/div>\n<\/div>\n<p>&nbsp;<\/p>\n","protected":false},"excerpt":{"rendered":"<p>\u00dcr\u00fcn Kodu: HTM-016<\/p>\n<p>Hafif tane ay\u0131rma makinesi, esas \u00fcr\u00fcnden, bit yemi\u015f taneler, tam geli\u015fmemi\u015f bo\u015f ve hafif taneler, \u00fcr\u00fcnle ayn\u0131 b\u00fcy\u00fckl\u00fckte ama farkl\u0131 a\u011f\u0131rl\u0131ktaki yabanc\u0131 maddeleri \u00fcr\u00fcn\u00fcn i\u00e7erisinden ay\u0131r\u0131p \u00fcr\u00fcn kalitesini ve sa\ufb02\u0131\u011f\u0131n\u0131 art\u0131r\u0131r. Temizlemeden \u00e7\u0131kan \u00fcr\u00fcn hafif tane ay\u0131rma makinas\u0131ndan ge\u00e7irilerek \u00fcr\u00fcn kalitesi artt\u0131r\u0131l\u0131r. Makine malzemenin \u00f6zg\u00fcl a\u011f\u0131rl\u0131\u011f\u0131na g\u00f6re bir ay\u0131r\u0131m ve s\u0131n\u0131\ufb02ama yapmaktad\u0131r. Hafif tane makinas\u0131 i\u00e7erisinden ge\u00e7en tohumlar\u0131n ye\u015ferme (canl\u0131l\u0131k) oran\u0131n\u0131 y\u00fckseltir.<\/p>\n<p>&nbsp;<\/p>\n<p><img fetchpriority=\"high\" decoding=\"async\" class=\"alignnone size-medium wp-image-8689\" src=\"http:\/\/srdmakine.com\/wp-content\/uploads\/2024\/01\/hafiftane-resim-300x260.jpg\" alt=\"\" width=\"300\" height=\"260\" srcset=\"https:\/\/srdmakine.com\/wp-content\/uploads\/2024\/01\/hafiftane-resim-300x260.jpg 300w, https:\/\/srdmakine.com\/wp-content\/uploads\/2024\/01\/hafiftane-resim.jpg 431w\" sizes=\"(max-width: 300px) 100vw, 300px\" \/><\/p>\n","protected":false},"featured_media":6720,"template":"","meta":{"_joinchat":[]},"product_brand":[],"product_cat":[1062,15],"product_tag":[224,225,303,304,306,305,229,227,243,228,259,244],"class_list":{"0":"post-6715","1":"product","2":"type-product","3":"status-publish","4":"has-post-thumbnail","6":"product_cat-eleme-makinalari","7":"product_cat-urunler","8":"product_tag-arpa","9":"product_tag-bugday","10":"product_tag-hafiftane","11":"product_tag-hafiftane-alma-makinesi","12":"product_tag-hafiftane-ayirici","13":"product_tag-hafiftane-ayirma-makinesi","14":"product_tag-keten-tohumu","15":"product_tag-kinoa","16":"product_tag-misir","17":"product_tag-pirinc","18":"product_tag-plastik-bakliyat-hububat-susam","19":"product_tag-tohum","21":"first","22":"instock","23":"shipping-taxable","24":"product-type-simple"},"aioseo_notices":[],"_links":{"self":[{"href":"https:\/\/srdmakine.com\/ar\/wp-json\/wp\/v2\/product\/6715","targetHints":{"allow":["GET"]}}],"collection":[{"href":"https:\/\/srdmakine.com\/ar\/wp-json\/wp\/v2\/product"}],"about":[{"href":"https:\/\/srdmakine.com\/ar\/wp-json\/wp\/v2\/types\/product"}],"version-history":[{"count":4,"href":"https:\/\/srdmakine.com\/ar\/wp-json\/wp\/v2\/product\/6715\/revisions"}],"predecessor-version":[{"id":8695,"href":"https:\/\/srdmakine.com\/ar\/wp-json\/wp\/v2\/product\/6715\/revisions\/8695"}],"wp:featuredmedia":[{"embeddable":true,"href":"https:\/\/srdmakine.com\/ar\/wp-json\/wp\/v2\/media\/6720"}],"wp:attachment":[{"href":"https:\/\/srdmakine.com\/ar\/wp-json\/wp\/v2\/media?parent=6715"}],"wp:term":[{"taxonomy":"product_brand","embeddable":true,"href":"https:\/\/srdmakine.com\/ar\/wp-json\/wp\/v2\/product_brand?post=6715"},{"taxonomy":"product_cat","embeddable":true,"href":"https:\/\/srdmakine.com\/ar\/wp-json\/wp\/v2\/product_cat?post=6715"},{"taxonomy":"product_tag","embeddable":true,"href":"https:\/\/srdmakine.com\/ar\/wp-json\/wp\/v2\/product_tag?post=6715"}],"curies":[{"name":"wp","href":"https:\/\/api.w.org\/{rel}","templated":true}]}}