{"id":6706,"date":"2024-01-30T15:45:20","date_gmt":"2024-01-30T12:45:20","guid":{"rendered":"https:\/\/srdmakine.com\/?post_type=product&#038;p=6706"},"modified":"2026-04-21T07:50:24","modified_gmt":"2026-04-21T04:50:24","slug":"triyor","status":"publish","type":"product","link":"https:\/\/srdmakine.com\/ar\/urun\/triyor\/","title":{"rendered":"Triy\u00f6r"},"content":{"rendered":"<div align=\"justify\">\n<div align=\"justify\">\n<h3>Triy\u00f6r<\/h3>\n<p><span class=\"price\">\u00dcr\u00fcn Kodu: LD-TR 7200<\/span><\/p>\n<div class=\"text\">\n<p>\u00a0Triy\u00f6r Eleme Makinalar\u0131, haval\u0131 elekler, Hafif tane Ay\u0131rma Makinesi veya titre\u015fimli tablalar\u0131n belirli temizleme veya ay\u0131rma g\u00f6revlerinde s\u0131n\u0131rlar\u0131nda \u00e7al\u0131\u015fmalar\u0131 ile ba\u015far\u0131l\u0131 olmaktad\u0131r.<\/p>\n<p>Her t\u00fcrl\u00fc d\u00f6kme tohumda ayn\u0131 a\u011f\u0131rl\u0131\u011fa, ayn\u0131 \u2018en\u2019e sahip fakat uzunluk farkl\u0131l\u0131klar\u0131 olan tohumlar\u0131 hassas bir \u015fekilde ay\u0131r\u0131r. Triy\u00f6r bu sayede tane \u015fekilleri ve boylar\u0131nda en k\u00fc\u00e7\u00fck farkl\u0131l\u0131klara bile tepki verir.<\/p>\n<\/div>\n<\/div>\n<div align=\"justify\"><strong>Makinenin \u00c7al\u0131\u015fma Prensibi:<\/strong><\/div>\n<div align=\"justify\">Triy\u00f6r\u00fcn hareket etmesi s\u0131ras\u0131nda di\u011fer standart danelerden boylar\u0131 daha uzun olan ayr\u0131ca yuvarlak ve yuvaya tam olarak yerle\u015fmi\u015f k\u0131sa danelere nazaran daha kolay yuvalar\u0131ndan \u00e7\u0131karlar. Silindirde yaralan yuvarlak g\u00f6zlere yerle\u015fmi\u015f k\u0131sa taneler, hareket halindeki silindirin olu\u015fturdu\u011fu merkez ka\u00e7 kuvveti ile silindirin i\u00e7inde yukar\u0131 do\u011fru y\u00fckselmeye ba\u015flar. Silindirdeki ayr\u0131\u015ft\u0131r\u0131c\u0131 vida helezona d\u00fc\u015fme y\u00fcksekli\u011fini yakalayan boy olarak daha k\u0131sa daneler helezonun \u00fczerine d\u00fc\u015fer ve ayr\u0131\u015ft\u0131rma meydana gelir.<\/div>\n<div align=\"justify\"><\/div>\n<div align=\"justify\">Silindir motorlar\u0131n\u0131n h\u0131z\u0131 ayar\u0131 birbirinden farkl\u0131 yap\u0131la bilinir.<\/div>\n<div align=\"justify\">Kullan\u0131lan redakt\u00f6rler Y\u0131lmaz marka olup 30 D\/D invert\u00f6rl\u00fcd\u00fcr.<\/div>\n<div align=\"justify\">\u0130htiya\u00e7 duyulan kapasiteye g\u00f6re Triy\u00f6r sistemler artt\u0131r\u0131labilir ve azalt\u0131labilir. Triy\u00f6r mod\u00fcler bir sistem olarak dizayn edilmi\u015ftir.<\/div>\n<div align=\"justify\"><\/div>\n<div align=\"justify\">\u0130htiyaca g\u00f6re \u00a0makinenin devir ve e\u011fim ayar\u0131 yap\u0131ld\u0131ktan sonra \u00fcretilmektedir.<\/div>\n<div align=\"justify\"><\/div>\n<div align=\"justify\"><strong>\u0130yile\u015ftirdi\u011fi \u00dcr\u00fcnler :<\/strong><\/div>\n<div align=\"justify\">Bu\u011fday<\/div>\n<div align=\"justify\">Arpa<\/div>\n<div align=\"justify\">Pirin\u00e7<\/div>\n<div align=\"justify\">\u015eeker Pancar\u0131<\/div>\n<div align=\"justify\">Ay \u00e7ekirde\u011fi<\/div>\n<\/div>\n<div><img decoding=\"async\" class=\"alignnone size-full wp-image-8681\" src=\"http:\/\/srdmakine.com\/wp-content\/uploads\/2024\/01\/triyor.jpg\" alt=\"\" width=\"191\" height=\"143\" \/><\/div>\n","protected":false},"excerpt":{"rendered":"<p>&nbsp;<\/p>\n<div align=\"justify\">Makinenin G\u00f6revi:<\/div>\n<div align=\"justify\">Bu\u011fday\u0131n i\u00e7erisindeki k\u0131r\u0131k ve uzun tanelerin ayr\u0131lmas\u0131nda kullan\u0131l\u0131r. Tohum temizleme istasyonlar\u0131nda, un ve irmik fabrikalar\u0131nda ba\u015far\u0131 ile kullan\u0131l\u0131r.<\/div>\n<div align=\"justify\">Triy\u00f6r i\u015fledi\u011fi \u00fcr\u00fcn\u00fcn boy uzunlukar\u0131na g\u00f6re ayr\u0131\u015ft\u0131r\u0131lmas\u0131nda kullan\u0131l\u0131r.<\/div>\n<div align=\"justify\">Tohum danelerinin boylar\u0131n\u0131 g\u00f6z \u00f6n\u00fcnde bulundurarak ayr\u0131\u015ft\u0131r\u0131lmas\u0131 i\u00e7in oval daire bi\u00e7iminde \u00fczerinde yuval\u0131 g\u00f6zlerin bulundu\u011fu \u00a0ve daire \u00e7izerek hareket eden\u00a0Triy\u00f6r\u00a0kullan\u0131l\u0131r.<img decoding=\"async\" class=\"alignnone size-full wp-image-8681\" src=\"http:\/\/srdmakine.com\/wp-content\/uploads\/2024\/01\/triyor.jpg\" alt=\"\" width=\"191\" height=\"143\" \/><\/div>\n","protected":false},"featured_media":8683,"template":"","meta":{"_joinchat":[]},"product_brand":[],"product_cat":[1062,15],"product_tag":[298,220,297,296,302,300,301,299,295],"class_list":{"0":"post-6706","1":"product","2":"type-product","3":"status-publish","4":"has-post-thumbnail","6":"product_cat-eleme-makinalari","7":"product_cat-urunler","8":"product_tag-absuk-triyoru","9":"product_tag-absurt-temizleme","10":"product_tag-arpa-triyoru","11":"product_tag-bugday-triyoru","12":"product_tag-cift-katli-triyor","13":"product_tag-kirik-alma-tritor","14":"product_tag-tek-katli-triyor","15":"product_tag-tiriyor","16":"product_tag-triyor","18":"first","19":"instock","20":"shipping-taxable","21":"product-type-simple"},"aioseo_notices":[],"_links":{"self":[{"href":"https:\/\/srdmakine.com\/ar\/wp-json\/wp\/v2\/product\/6706","targetHints":{"allow":["GET"]}}],"collection":[{"href":"https:\/\/srdmakine.com\/ar\/wp-json\/wp\/v2\/product"}],"about":[{"href":"https:\/\/srdmakine.com\/ar\/wp-json\/wp\/v2\/types\/product"}],"version-history":[{"count":6,"href":"https:\/\/srdmakine.com\/ar\/wp-json\/wp\/v2\/product\/6706\/revisions"}],"predecessor-version":[{"id":13157,"href":"https:\/\/srdmakine.com\/ar\/wp-json\/wp\/v2\/product\/6706\/revisions\/13157"}],"wp:featuredmedia":[{"embeddable":true,"href":"https:\/\/srdmakine.com\/ar\/wp-json\/wp\/v2\/media\/8683"}],"wp:attachment":[{"href":"https:\/\/srdmakine.com\/ar\/wp-json\/wp\/v2\/media?parent=6706"}],"wp:term":[{"taxonomy":"product_brand","embeddable":true,"href":"https:\/\/srdmakine.com\/ar\/wp-json\/wp\/v2\/product_brand?post=6706"},{"taxonomy":"product_cat","embeddable":true,"href":"https:\/\/srdmakine.com\/ar\/wp-json\/wp\/v2\/product_cat?post=6706"},{"taxonomy":"product_tag","embeddable":true,"href":"https:\/\/srdmakine.com\/ar\/wp-json\/wp\/v2\/product_tag?post=6706"}],"curies":[{"name":"wp","href":"https:\/\/api.w.org\/{rel}","templated":true}]}}