{"id":6704,"date":"2024-01-30T15:39:40","date_gmt":"2024-01-30T12:39:40","guid":{"rendered":"https:\/\/srdmakine.com\/?post_type=product&#038;p=6704"},"modified":"2026-04-20T13:53:04","modified_gmt":"2026-04-20T10:53:04","slug":"parlatma-makinesi","status":"publish","type":"product","link":"https:\/\/srdmakine.com\/ar\/urun\/parlatma-makinesi\/","title":{"rendered":"Parlatma Makinesi"},"content":{"rendered":"<p align=\"justify\">Parlatma Makinesi bir\u00e7ok uygulamaya sahiptir, Bakliyat Grubu, \u00e7i\u00e7ek tohumlar\u0131, sebze tohumlar\u0131, tarla ve bah\u00e7e tohumlar\u0131 parlatma veya d\u0131\u015f zar\u0131\/kavuk soyma gibi ama\u00e7lar i\u00e7in kullan\u0131labilinir.<\/p>\n<p align=\"justify\">\u0130nce ve hassas tohum temizleme i\u015fleminde ilk ad\u0131mlardan biri Parlatma \/ d\u0131\u015f zar\/kavuk soyma i\u015flemidir.<\/p>\n<p align=\"justify\">Tohumlar\u0131n uzun s\u00fcreli muhafaza edile bilmesi i\u00e7in gereken temizlik i\u015fleminde baz\u0131 tohumlar\u0131n kabu\u011funun \u00fcst\u00fcnde yer alan zar, t\u00fcy, k\u0131l\u00e7\u0131k, kuyruk, kanat vbg istenmeyenlerin tohuma zarar vermeden temizlemesi. Birbire yap\u0131\u015f\u0131k tohumlar\u0131n zarar g\u00f6rmeden ayr\u0131\u015ft\u0131r\u0131lmas\u0131. Yemi\u015flik ama\u00e7l\u0131 Ay \u00e7ekirde\u011fi tohumunun perakende sekt\u00f6r\u00fc i\u00e7in parlat\u0131lmas\u0131.<\/p>\n<p align=\"justify\">Parlatma makinesinin sahip oldu\u011fu PLC sistemi ile t\u00fcm makine parametreleri kolayl\u0131kla kontrol edilebilinir \u00f6rne\u011fin;<\/p>\n<p align=\"justify\">-Makineye girecek \u00fcr\u00fcn miktar\u0131<\/p>\n<p align=\"justify\">-Silindirin Sa\u011f tarafa d\u00f6n\u00fc\u015f miktar\u0131<\/p>\n<p align=\"justify\">-Silindirin Sol tarafa d\u00f6n\u00fc\u015f miktar\u0131<\/p>\n<p align=\"justify\">-D\u00f6n\u00fc\u015fler aras\u0131ndaki bekleme zaman\u0131<\/p>\n<p align=\"justify\">-Silindir H\u0131z\u0131<\/p>\n<p align=\"justify\">-Aspirat\u00f6r H\u0131z<\/p>\n","protected":false},"excerpt":{"rendered":"<h3>Parlatma Makinesi<\/h3>\n<p><span class=\"price\">\u00dcr\u00fcn Kodu: SRD-300<\/span><\/p>\n<div class=\"text\">\n<p>Parlatma Makinesi bir\u00e7ok uygulamaya sahiptir, Bakliyat Grubu, \u00c7i\u00e7ek tohumlar\u0131, sebze tohumlar\u0131, tarla ve bah\u00e7e tohumlar\u0131 parlatma veya d\u0131\u015f zar\u0131\/kavuk soyma gibi ama\u00e7lar i\u00e7in kullan\u0131labilinir.<\/p>\n<\/div>\n","protected":false},"featured_media":8531,"template":"","meta":{"_joinchat":[]},"product_brand":[],"product_cat":[1062,15],"product_tag":[249,224,278,246,225,248,247,250,280,229,227,243,228,259,244,279],"class_list":{"0":"post-6704","1":"product","2":"type-product","3":"status-publish","4":"has-post-thumbnail","6":"product_cat-eleme-makinalari","7":"product_cat-urunler","8":"product_tag-acik-elek","9":"product_tag-arpa","10":"product_tag-bakliyat-parlatma","11":"product_tag-bakliyat-temizleme","12":"product_tag-bugday","13":"product_tag-bugday-elegi","14":"product_tag-bugday-temizleme","15":"product_tag-cekirdek-temizleme","16":"product_tag-fasulye-parlatma","17":"product_tag-keten-tohumu","18":"product_tag-kinoa","19":"product_tag-misir","20":"product_tag-pirinc","21":"product_tag-plastik-bakliyat-hububat-susam","22":"product_tag-tohum","23":"product_tag-tohum-parlatma","25":"first","26":"instock","27":"shipping-taxable","28":"product-type-simple"},"aioseo_notices":[],"_links":{"self":[{"href":"https:\/\/srdmakine.com\/ar\/wp-json\/wp\/v2\/product\/6704","targetHints":{"allow":["GET"]}}],"collection":[{"href":"https:\/\/srdmakine.com\/ar\/wp-json\/wp\/v2\/product"}],"about":[{"href":"https:\/\/srdmakine.com\/ar\/wp-json\/wp\/v2\/types\/product"}],"version-history":[{"count":4,"href":"https:\/\/srdmakine.com\/ar\/wp-json\/wp\/v2\/product\/6704\/revisions"}],"predecessor-version":[{"id":8536,"href":"https:\/\/srdmakine.com\/ar\/wp-json\/wp\/v2\/product\/6704\/revisions\/8536"}],"wp:featuredmedia":[{"embeddable":true,"href":"https:\/\/srdmakine.com\/ar\/wp-json\/wp\/v2\/media\/8531"}],"wp:attachment":[{"href":"https:\/\/srdmakine.com\/ar\/wp-json\/wp\/v2\/media?parent=6704"}],"wp:term":[{"taxonomy":"product_brand","embeddable":true,"href":"https:\/\/srdmakine.com\/ar\/wp-json\/wp\/v2\/product_brand?post=6704"},{"taxonomy":"product_cat","embeddable":true,"href":"https:\/\/srdmakine.com\/ar\/wp-json\/wp\/v2\/product_cat?post=6704"},{"taxonomy":"product_tag","embeddable":true,"href":"https:\/\/srdmakine.com\/ar\/wp-json\/wp\/v2\/product_tag?post=6704"}],"curies":[{"name":"wp","href":"https:\/\/api.w.org\/{rel}","templated":true}]}}