{"id":6702,"date":"2024-01-30T15:37:33","date_gmt":"2024-01-30T12:37:33","guid":{"rendered":"https:\/\/srdmakine.com\/?post_type=product&#038;p=6702"},"modified":"2026-04-20T13:53:12","modified_gmt":"2026-04-20T10:53:12","slug":"doner-elek-makinesi","status":"publish","type":"product","link":"https:\/\/srdmakine.com\/ar\/urun\/doner-elek-makinesi\/","title":{"rendered":"D\u00f6ner Elek Makinesi(TROMEL)"},"content":{"rendered":"<p>D\u00f6ner elekler, i\u00e7inde farkl\u0131 boyutlarda deliklere sahip bir tamburun d\u00f6nd\u00fcr\u00fclmesi prensibi ile \u00e7al\u0131\u015fmaktad\u0131r. Kat\u0131 at\u0131klar\u0131 eleme g\u00f6revi olan tromel eleklerimiz maksimum verim ile \u00e7al\u0131\u015farak t\u00fcm malzemeyi istenilen boyutlarda ayr\u0131\u015ft\u0131r\u0131r. At\u0131k konvey\u00f6r\u00fcnden gelip tromel elekten ge\u00e7en at\u0131klar \u00e7\u0131k\u0131\u015f konvey\u00f6r\u00fcne y\u00f6nlendirilir. Paslanmaz \u00e7elikten kompakt bir tasar\u0131ma sahip olan tromel ele\u011fimiz geri d\u00f6n\u00fc\u015f\u00fcm sistemleri i\u00e7in s\u00fcrekli, verimli ve kesintisiz bir performans sunar. SRD Makina olarak minimum enerji\u00a0<span style=\"font-size: 16px;\">sarfiyat\u0131 ile maksimum performans sunan, kolay yedek par\u00e7a de\u011fi\u015fimine sahip geri d\u00f6n\u00fc\u015f\u00fcm makinalar\u0131 \u00fcretirken, sat\u0131\u015f sonras\u0131 servis deste\u011fi ve %100 m\u00fc\u015fteri memnuniyeti sunmaktay\u0131z.<\/span><\/p>\n<p>&nbsp;<\/p>\n<p><img decoding=\"async\" class=\"alignnone size-full wp-image-8504\" style=\"font-weight: inherit;\" src=\"http:\/\/srdmakine.com\/wp-content\/uploads\/2024\/01\/doner-elek.jpg\" alt=\"\" width=\"269\" height=\"171\" \/><\/p>\n","protected":false},"excerpt":{"rendered":"<div class=\"icon-box\"><img fetchpriority=\"high\" decoding=\"async\" class=\"\" src=\"https:\/\/www.ardenmakina.com\/images\/icons\/tromel-elek.svg\" width=\"294\" height=\"294\" \/><\/div>\n<h2>Tromel (D\u00f6ner Elek)<\/h2>\n<div class=\"text\">\n<p>Tromel (D\u00f6ner Elek) geri d\u00f6n\u00fc\u015f\u00fcm tesisinin ayr\u0131\u015ft\u0131rmaya ba\u015flad\u0131\u011f\u0131 noktad\u0131r. Farkl\u0131 boyutlarda olan \u00fcr\u00fcn\u00fc iste\u011fe y\u00f6nelik boyutland\u0131rma ve ayr\u0131\u015ft\u0131rma yapar. Sizlerin talebine g\u00f6re farkl\u0131 boyutlarda \u00fcretimi sa\u011flanabilen Tromel Ele\u011fimiz tamburundaki de\u011fi\u015fik \u00e7aplardaki delikler ve e\u011fimli tasar\u0131m\u0131 sayesinde en y\u00fcksek verim ile \u00e7al\u0131\u015fmak amac\u0131 ile tasarlanm\u0131\u015ft\u0131r.<\/p>\n<p>&nbsp;<\/p>\n<p><img decoding=\"async\" class=\"alignnone size-medium wp-image-8511\" src=\"http:\/\/srdmakine.com\/wp-content\/uploads\/2024\/01\/Ekran-Alintisi-300x127.jpg\" alt=\"\" width=\"300\" height=\"127\" srcset=\"https:\/\/srdmakine.com\/wp-content\/uploads\/2024\/01\/Ekran-Alintisi-300x127.jpg 300w, https:\/\/srdmakine.com\/wp-content\/uploads\/2024\/01\/Ekran-Alintisi.jpg 423w\" sizes=\"(max-width: 300px) 100vw, 300px\" \/><\/p>\n<\/div>\n","protected":false},"featured_media":8504,"template":"","meta":{"_joinchat":[]},"product_brand":[],"product_cat":[1062,15],"product_tag":[249,224,246,225,248,247,250,275,274,277,229,227,243,228,259,244,276],"class_list":{"0":"post-6702","1":"product","2":"type-product","3":"status-publish","4":"has-post-thumbnail","6":"product_cat-eleme-makinalari","7":"product_cat-urunler","8":"product_tag-acik-elek","9":"product_tag-arpa","10":"product_tag-bakliyat-temizleme","11":"product_tag-bugday","12":"product_tag-bugday-elegi","13":"product_tag-bugday-temizleme","14":"product_tag-cekirdek-temizleme","15":"product_tag-doner-elek","16":"product_tag-doner-eleme-makinesi","17":"product_tag-elek-selektor-baharat-eleme-makinesi","18":"product_tag-keten-tohumu","19":"product_tag-kinoa","20":"product_tag-misir","21":"product_tag-pirinc","22":"product_tag-plastik-bakliyat-hububat-susam","23":"product_tag-tohum","24":"product_tag-tromel-elek","26":"first","27":"instock","28":"shipping-taxable","29":"product-type-simple"},"aioseo_notices":[],"_links":{"self":[{"href":"https:\/\/srdmakine.com\/ar\/wp-json\/wp\/v2\/product\/6702","targetHints":{"allow":["GET"]}}],"collection":[{"href":"https:\/\/srdmakine.com\/ar\/wp-json\/wp\/v2\/product"}],"about":[{"href":"https:\/\/srdmakine.com\/ar\/wp-json\/wp\/v2\/types\/product"}],"version-history":[{"count":7,"href":"https:\/\/srdmakine.com\/ar\/wp-json\/wp\/v2\/product\/6702\/revisions"}],"predecessor-version":[{"id":13145,"href":"https:\/\/srdmakine.com\/ar\/wp-json\/wp\/v2\/product\/6702\/revisions\/13145"}],"wp:featuredmedia":[{"embeddable":true,"href":"https:\/\/srdmakine.com\/ar\/wp-json\/wp\/v2\/media\/8504"}],"wp:attachment":[{"href":"https:\/\/srdmakine.com\/ar\/wp-json\/wp\/v2\/media?parent=6702"}],"wp:term":[{"taxonomy":"product_brand","embeddable":true,"href":"https:\/\/srdmakine.com\/ar\/wp-json\/wp\/v2\/product_brand?post=6702"},{"taxonomy":"product_cat","embeddable":true,"href":"https:\/\/srdmakine.com\/ar\/wp-json\/wp\/v2\/product_cat?post=6702"},{"taxonomy":"product_tag","embeddable":true,"href":"https:\/\/srdmakine.com\/ar\/wp-json\/wp\/v2\/product_tag?post=6702"}],"curies":[{"name":"wp","href":"https:\/\/api.w.org\/{rel}","templated":true}]}}