{"id":6700,"date":"2024-01-30T15:32:53","date_gmt":"2024-01-30T12:32:53","guid":{"rendered":"https:\/\/srdmakine.com\/?post_type=product&#038;p=6700"},"modified":"2026-04-21T07:48:50","modified_gmt":"2026-04-21T04:48:50","slug":"seyyar-selektor-makinesi","status":"publish","type":"product","link":"https:\/\/srdmakine.com\/ar\/urun\/seyyar-selektor-makinesi\/","title":{"rendered":"Selekt\u00f6r Makinesi"},"content":{"rendered":"<h1><\/h1>\n<h1 style=\"font-style: normal;\"><img fetchpriority=\"high\" decoding=\"async\" class=\"alignnone size-medium wp-image-8485\" src=\"http:\/\/srdmakine.com\/wp-content\/uploads\/2024\/01\/Seyyar-selektor-teknik-300x220.jpg\" alt=\"\" width=\"300\" height=\"220\" srcset=\"https:\/\/srdmakine.com\/wp-content\/uploads\/2024\/01\/Seyyar-selektor-teknik-300x220.jpg 300w, https:\/\/srdmakine.com\/wp-content\/uploads\/2024\/01\/Seyyar-selektor-teknik.jpg 422w\" sizes=\"(max-width: 300px) 100vw, 300px\" \/><\/h1>\n<h1><\/h1>\n<h1><img decoding=\"async\" class=\"alignnone size-medium wp-image-8484\" style=\"font-size: 2em;\" src=\"http:\/\/srdmakine.com\/wp-content\/uploads\/2024\/01\/seyyar-selektor-teknik2-300x181.jpg\" alt=\"\" width=\"300\" height=\"181\" srcset=\"https:\/\/srdmakine.com\/wp-content\/uploads\/2024\/01\/seyyar-selektor-teknik2-300x181.jpg 300w, https:\/\/srdmakine.com\/wp-content\/uploads\/2024\/01\/seyyar-selektor-teknik2.jpg 420w\" sizes=\"(max-width: 300px) 100vw, 300px\" \/><\/h1>\n<h1>Selekt\u00f6r 2,5 Ton\/Saat (Sabit \/ Seyyar)<\/h1>\n<div class=\"text\">\n<p>Bu\u011fday, arpa, yulaf, \u00e7avdar, mercimek ve fi\u011f temizli\u011finde kullan\u0131lan bir makinedir.<\/p>\n<p>Besleme &#8211; Temizleme &#8211; S\u0131n\u0131fland\u0131rma &#8211; \u0130la\u00e7lama olmak \u00fczere d\u00f6rt \u00fcniteden olu\u015fmaktad\u0131r.<\/p>\n<p>\u00dcr\u00fcn i\u00e7erisindeki yabanc\u0131 tohum ve maddeleri, tanelerin aerodinamik ve boyut farkl\u0131l\u0131klar\u0131ndan yararlanarak temizleyen, zay\u0131f &#8211; orta &#8211; tohumluk \u015feklinde s\u0131n\u0131fland\u0131ran, tohumlu\u011fu iste\u011fe ba\u011fl\u0131 olarak ila\u00e7layan makinedir.<\/p>\n<p>Sabit seyyar olmak \u00fczere iki modeli vard\u0131r. Talebe g\u00f6re 380V veya 220V ile \u00e7al\u0131\u015ft\u0131r\u0131labilmektedir.<\/p>\n<p>2,5 ton\/saat kapasiteli selekt\u00f6r makinesi, ticari ama\u00e7l\u0131 \u00fcr\u00fcn isteyen \u00e7ift\u00e7ilerimize, t\u00fcccarlara, Ziraat odalar\u0131na ve Kooperatiflere hitap etmektedir.<\/p>\n<p><img decoding=\"async\" class=\"alignnone size-full wp-image-12734\" src=\"http:\/\/srdmakine.com\/wp-content\/uploads\/2024\/01\/seyyar-selektor-resim.jpg\" alt=\"\" width=\"1093\" height=\"754\" srcset=\"https:\/\/srdmakine.com\/wp-content\/uploads\/2024\/01\/seyyar-selektor-resim.jpg 1093w, https:\/\/srdmakine.com\/wp-content\/uploads\/2024\/01\/seyyar-selektor-resim-600x414.jpg 600w, https:\/\/srdmakine.com\/wp-content\/uploads\/2024\/01\/seyyar-selektor-resim-300x207.jpg 300w, https:\/\/srdmakine.com\/wp-content\/uploads\/2024\/01\/seyyar-selektor-resim-1024x706.jpg 1024w, https:\/\/srdmakine.com\/wp-content\/uploads\/2024\/01\/seyyar-selektor-resim-768x530.jpg 768w\" sizes=\"(max-width: 1093px) 100vw, 1093px\" \/><\/p>\n<\/div>\n","protected":false},"excerpt":{"rendered":"<h1>Selekt\u00f6r 2,5 Ton\/Saat (Sabit \/ Seyyar)<\/h1>\n<div class=\"text\">\n<p>Bu\u011fday, arpa, yulaf, \u00e7avdar, mercimek ve fi\u011f temizli\u011finde kullan\u0131lan bir makinedir.<\/p>\n<p>Besleme &#8211; Temizleme &#8211; S\u0131n\u0131fland\u0131rma &#8211; \u0130la\u00e7lama olmak \u00fczere d\u00f6rt \u00fcniteden olu\u015fmaktad\u0131r.<\/p>\n<p>\u00dcr\u00fcn i\u00e7erisindeki yabanc\u0131 tohum ve maddeleri, tanelerin aerodinamik ve boyut farkl\u0131l\u0131klar\u0131ndan yararlanarak temizleyen, zay\u0131f &#8211; orta &#8211; tohumluk \u015feklinde s\u0131n\u0131fland\u0131ran, tohumlu\u011fu iste\u011fe ba\u011fl\u0131 olarak ila\u00e7layan makinedir.<\/p>\n<p>Sabit seyyar olmak \u00fczere iki modeli vard\u0131r. Talebe g\u00f6re 380V veya 220V ile \u00e7al\u0131\u015ft\u0131r\u0131labilmektedir.<\/p>\n<p>2,5 ton\/saat kapasiteli selekt\u00f6r makinesi, ticari ama\u00e7l\u0131 \u00fcr\u00fcn isteyen \u00e7ift\u00e7ilerimize, t\u00fcccarlara, Ziraat odalar\u0131na ve Kooperatiflere hitap etmektedir.<img loading=\"lazy\" decoding=\"async\" class=\"alignnone size-medium wp-image-8480\" src=\"http:\/\/srdmakine.com\/wp-content\/uploads\/2024\/01\/selektor-makinesi-283x300.jpg\" alt=\"\" width=\"283\" height=\"300\" srcset=\"https:\/\/srdmakine.com\/wp-content\/uploads\/2024\/01\/selektor-makinesi-283x300.jpg 283w, https:\/\/srdmakine.com\/wp-content\/uploads\/2024\/01\/selektor-makinesi.jpg 542w\" sizes=\"(max-width: 283px) 100vw, 283px\" \/><img loading=\"lazy\" decoding=\"async\" class=\"alignnone size-medium wp-image-8486\" src=\"http:\/\/srdmakine.com\/wp-content\/uploads\/2024\/01\/sabit-selektor-teknik-300x225.jpg\" alt=\"\" width=\"300\" height=\"225\" srcset=\"https:\/\/srdmakine.com\/wp-content\/uploads\/2024\/01\/sabit-selektor-teknik-300x225.jpg 300w, https:\/\/srdmakine.com\/wp-content\/uploads\/2024\/01\/sabit-selektor-teknik.jpg 461w\" sizes=\"(max-width: 300px) 100vw, 300px\" \/><\/p>\n<\/div>\n","protected":false},"featured_media":12734,"template":"","meta":{"_joinchat":[]},"product_brand":[],"product_cat":[1068,1062,15],"product_tag":[],"class_list":{"0":"post-6700","1":"product","2":"type-product","3":"status-publish","4":"has-post-thumbnail","6":"product_cat-anahtar-teslim-tesis-ve-ozel-makinalar","7":"product_cat-eleme-makinalari","8":"product_cat-urunler","10":"first","11":"instock","12":"shipping-taxable","13":"product-type-simple"},"aioseo_notices":[],"_links":{"self":[{"href":"https:\/\/srdmakine.com\/ar\/wp-json\/wp\/v2\/product\/6700","targetHints":{"allow":["GET"]}}],"collection":[{"href":"https:\/\/srdmakine.com\/ar\/wp-json\/wp\/v2\/product"}],"about":[{"href":"https:\/\/srdmakine.com\/ar\/wp-json\/wp\/v2\/types\/product"}],"version-history":[{"count":9,"href":"https:\/\/srdmakine.com\/ar\/wp-json\/wp\/v2\/product\/6700\/revisions"}],"predecessor-version":[{"id":13155,"href":"https:\/\/srdmakine.com\/ar\/wp-json\/wp\/v2\/product\/6700\/revisions\/13155"}],"wp:featuredmedia":[{"embeddable":true,"href":"https:\/\/srdmakine.com\/ar\/wp-json\/wp\/v2\/media\/12734"}],"wp:attachment":[{"href":"https:\/\/srdmakine.com\/ar\/wp-json\/wp\/v2\/media?parent=6700"}],"wp:term":[{"taxonomy":"product_brand","embeddable":true,"href":"https:\/\/srdmakine.com\/ar\/wp-json\/wp\/v2\/product_brand?post=6700"},{"taxonomy":"product_cat","embeddable":true,"href":"https:\/\/srdmakine.com\/ar\/wp-json\/wp\/v2\/product_cat?post=6700"},{"taxonomy":"product_tag","embeddable":true,"href":"https:\/\/srdmakine.com\/ar\/wp-json\/wp\/v2\/product_tag?post=6700"}],"curies":[{"name":"wp","href":"https:\/\/api.w.org\/{rel}","templated":true}]}}