{"id":6689,"date":"2024-01-30T14:58:11","date_gmt":"2024-01-30T11:58:11","guid":{"rendered":"https:\/\/srdmakine.com\/?post_type=product&#038;p=6689"},"modified":"2026-04-20T13:53:52","modified_gmt":"2026-04-20T10:53:52","slug":"6-tekneli-eleme-makinesi","status":"publish","type":"product","link":"https:\/\/srdmakine.com\/ar\/urun\/6-tekneli-eleme-makinesi\/","title":{"rendered":"6 Tekneli Boylama Makinesi"},"content":{"rendered":"<div align=\"justify\">\n<p class=\"name\"><img fetchpriority=\"high\" decoding=\"async\" class=\"alignnone size-medium wp-image-8473\" src=\"http:\/\/srdmakine.com\/wp-content\/uploads\/2024\/01\/6-kasali-boylama-223x300.jpg\" alt=\"\" width=\"223\" height=\"300\" srcset=\"https:\/\/srdmakine.com\/wp-content\/uploads\/2024\/01\/6-kasali-boylama-223x300.jpg 223w, https:\/\/srdmakine.com\/wp-content\/uploads\/2024\/01\/6-kasali-boylama.jpg 334w\" sizes=\"(max-width: 223px) 100vw, 223px\" \/>Alt\u0131 Tekneli Boylama Makinas\u0131<\/p>\n<p>\u00dcr\u00fcn Kodu:<em> BEBM-006<\/em><\/p>\n<\/div>\n<div align=\"justify\">Alt\u0131 Tekneli Boylama Makinesi, \u00fcr\u00fcn\u00fc sadece boyutlar\u0131na ay\u0131r\u0131r, temizleme ama\u00e7l\u0131 kullan\u0131lmaz.<\/div>\n<div align=\"justify\"><\/div>\n<div align=\"justify\">Alt\u0131 Tekneli Boylama Makinesi, Be\u015f Tekneli Boylama makinesinden farkl\u0131 olarak bir adet eleme teknesinin fazla olmas\u0131d\u0131r.<\/div>\n<div align=\"justify\"><\/div>\n<div align=\"justify\">Alt\u0131 Tekneli Boylama Makinesi, \u00fcr\u00fcn\u00fc yedi farkl\u0131 boya ay\u0131rarak i\u00e7inde bulunan k\u0131r\u0131klar\u0131n al\u0131nmas\u0131n\u0131 sa\u011flayan bir makinedir.<\/div>\n<div align=\"justify\">\n<div align=\"justify\">Makinenin G\u00f6revi:<\/div>\n<div align=\"justify\">Besleme haznesine gelen \u00fcr\u00fcn eksantrik yataklar arac\u0131l\u0131\u011f\u0131 ile olu\u015fan titre\u015fimin etkisiyle elenen \u00fcr\u00fcn elekalt\u0131 ve elek\u00fcst\u00fc olarak \u00fcr\u00fcn\u00fc yedi boyuta ayr\u0131lm\u0131\u015f olur.<\/div>\n<div align=\"justify\"><\/div>\n<div align=\"justify\">Alt\u0131 Tekneli Boylama Makinesinde bir adet eleme teknesi bulunmaktad\u0131r.Bu nedenle \u00fcr\u00fcn en fazla yedi boyuta ayr\u0131lm\u0131\u015f olur.<\/div>\n<div align=\"justify\"><\/div>\n<div align=\"justify\">Makinenin \u00c7al\u0131\u015fma Prensibi:<\/div>\n<div align=\"justify\">\n<div align=\"justify\"><strong><em>Alt\u0131 tekneli boylama makinesi\u00a0<\/em><\/strong>eleme teknesinin \u00fczerine d\u00f6k\u00fclen \u00fcr\u00fcn eksantrik sistemi taraf\u0131ndan titre\u015fim uygulanarak eleme i\u015flemi ger\u00e7ekle\u015fir. Ele\u011fin alt taraf\u0131nda var olan f\u0131r\u00e7alar sayesinde deliklerin kapanmamas\u0131n\u0131 sa\u011flayarak rand\u0131man\u0131 artt\u0131r\u0131r.<\/div>\n<div align=\"justify\"><strong><em>Alt\u0131 tekneli boylama makinesi\u00a0<\/em><\/strong>ile \u00a0toplamda yedi boy \u00fcr\u00fcn elde edilir.<\/div>\n<\/div>\n<div align=\"justify\"><\/div>\n<div align=\"justify\">\n<div align=\"justify\">\u0130yile\u015ftirdi\u011fi \u00dcr\u00fcnler :<\/div>\n<div align=\"justify\">Soya Fas\u00fclyesi<\/div>\n<div align=\"justify\">Nohut<\/div>\n<div align=\"justify\">Fas\u00fclye<\/div>\n<div align=\"justify\">Barbunya<\/div>\n<div align=\"justify\">Bakla<\/div>\n<div align=\"justify\">Susam<\/div>\n<div align=\"justify\">Mercimek<\/div>\n<div align=\"justify\">Bu\u011fday<\/div>\n<div align=\"justify\">Prin\u00e7<\/div>\n<div align=\"justify\">Ay\u00e7ekirde\u011fi<\/div>\n<div align=\"justify\">Kimyon vb.<\/div>\n<div><\/div>\n<\/div>\n<\/div>\n","protected":false},"excerpt":{"rendered":"<p class=\"name\">Alt\u0131 Tekneli Boylama Makinas\u0131<\/p>\n<p>\u00dcr\u00fcn Kodu:<em> BEBM-006<\/em><\/p>\n<p>\u00d6n temizlenmi\u015f ya da temizlenmesine gerek duyulmayan \u00fcr\u00fcnlerin 2-3-4-5-6-7 farkl\u0131 boya ayr\u0131lmas\u0131n\u0131 veya i\u00e7inde bulunan k\u0131r\u0131klar\u0131n al\u0131nmas\u0131n\u0131 sa\u011flayan makinelerdir. Renk ay\u0131rma makinesinden \u00f6ncede makinenin kapasitesini art\u0131rmak i\u00e7inde kullan\u0131labilir. \u0130ste\u011fe g\u00f6re \u00fcr\u00fcne uygun kapasitelerde tek tekneli \u00e7ift tekneli 3-4-5-6 tekneli modelleri mevcuttur. Standard\u0131nda seyyar ve sabit olmak \u00fczere iki modeli vard\u0131r.<\/p>\n<p><em>Detayl\u0131 Bilgi i\u00e7in E-Katalog 06-07 sayfam\u0131zdan inceyelebilirsiniz.<\/em><\/p>\n","protected":false},"featured_media":11800,"template":"","meta":{"_joinchat":[]},"product_brand":[],"product_cat":[1062,15],"product_tag":[265,224,238,239,236,237,234,225,241,240,242,229,227,243,228,259,235,244],"class_list":{"0":"post-6689","1":"product","2":"type-product","3":"status-publish","4":"has-post-thumbnail","6":"product_cat-eleme-makinalari","7":"product_cat-urunler","8":"product_tag-6-tekneli-boylama-makinesi","9":"product_tag-arpa","10":"product_tag-ayirma-makinesi","11":"product_tag-bakliyat-boylama","12":"product_tag-boy-alma","13":"product_tag-boy-alma-makinesi","14":"product_tag-boylama-makinesi","15":"product_tag-bugday","16":"product_tag-bugday-boylama","17":"product_tag-cekirdek-boylama","18":"product_tag-hububat-boylama","19":"product_tag-keten-tohumu","20":"product_tag-kinoa","21":"product_tag-misir","22":"product_tag-pirinc","23":"product_tag-plastik-bakliyat-hububat-susam","24":"product_tag-selektor","25":"product_tag-tohum","27":"first","28":"instock","29":"shipping-taxable","30":"product-type-simple"},"aioseo_notices":[],"_links":{"self":[{"href":"https:\/\/srdmakine.com\/ar\/wp-json\/wp\/v2\/product\/6689","targetHints":{"allow":["GET"]}}],"collection":[{"href":"https:\/\/srdmakine.com\/ar\/wp-json\/wp\/v2\/product"}],"about":[{"href":"https:\/\/srdmakine.com\/ar\/wp-json\/wp\/v2\/types\/product"}],"version-history":[{"count":6,"href":"https:\/\/srdmakine.com\/ar\/wp-json\/wp\/v2\/product\/6689\/revisions"}],"predecessor-version":[{"id":11801,"href":"https:\/\/srdmakine.com\/ar\/wp-json\/wp\/v2\/product\/6689\/revisions\/11801"}],"wp:featuredmedia":[{"embeddable":true,"href":"https:\/\/srdmakine.com\/ar\/wp-json\/wp\/v2\/media\/11800"}],"wp:attachment":[{"href":"https:\/\/srdmakine.com\/ar\/wp-json\/wp\/v2\/media?parent=6689"}],"wp:term":[{"taxonomy":"product_brand","embeddable":true,"href":"https:\/\/srdmakine.com\/ar\/wp-json\/wp\/v2\/product_brand?post=6689"},{"taxonomy":"product_cat","embeddable":true,"href":"https:\/\/srdmakine.com\/ar\/wp-json\/wp\/v2\/product_cat?post=6689"},{"taxonomy":"product_tag","embeddable":true,"href":"https:\/\/srdmakine.com\/ar\/wp-json\/wp\/v2\/product_tag?post=6689"}],"curies":[{"name":"wp","href":"https:\/\/api.w.org\/{rel}","templated":true}]}}