{"id":6638,"date":"2024-01-30T14:03:24","date_gmt":"2024-01-30T11:03:24","guid":{"rendered":"https:\/\/srdmakine.com\/?post_type=product&#038;p=6638"},"modified":"2026-04-20T13:54:06","modified_gmt":"2026-04-20T10:54:06","slug":"4-tekneli-boylama-makinesi","status":"publish","type":"product","link":"https:\/\/srdmakine.com\/ar\/urun\/4-tekneli-boylama-makinesi\/","title":{"rendered":"4 Tekneli Boylama Makinesi"},"content":{"rendered":"<div style=\"width: 368px;\" class=\"wp-video\"><video class=\"wp-video-shortcode\" id=\"video-6638-1\" width=\"368\" height=\"672\" preload=\"metadata\" controls=\"controls\"><source type=\"video\/mp4\" src=\"http:\/\/srdmakine.com\/wp-content\/uploads\/2024\/01\/NOHUT-ELEME-ISLEM.mp4?_=1\" \/><a href=\"http:\/\/srdmakine.com\/wp-content\/uploads\/2024\/01\/NOHUT-ELEME-ISLEM.mp4\">http:\/\/srdmakine.com\/wp-content\/uploads\/2024\/01\/NOHUT-ELEME-ISLEM.mp4<\/a><\/video><\/div>\n<p class=\"name\"><img fetchpriority=\"high\" decoding=\"async\" class=\"alignnone size-medium wp-image-8422\" src=\"http:\/\/srdmakine.com\/wp-content\/uploads\/2024\/01\/NOHUT-ELEME2-300x225.jpg\" alt=\"\" width=\"300\" height=\"225\" srcset=\"https:\/\/srdmakine.com\/wp-content\/uploads\/2024\/01\/NOHUT-ELEME2-300x225.jpg 300w, https:\/\/srdmakine.com\/wp-content\/uploads\/2024\/01\/NOHUT-ELEME2-600x450.jpg 600w, https:\/\/srdmakine.com\/wp-content\/uploads\/2024\/01\/NOHUT-ELEME2-1024x768.jpg 1024w, https:\/\/srdmakine.com\/wp-content\/uploads\/2024\/01\/NOHUT-ELEME2-768x576.jpg 768w, https:\/\/srdmakine.com\/wp-content\/uploads\/2024\/01\/NOHUT-ELEME2-1536x1152.jpg 1536w, https:\/\/srdmakine.com\/wp-content\/uploads\/2024\/01\/NOHUT-ELEME2.jpg 1600w\" sizes=\"(max-width: 300px) 100vw, 300px\" \/><\/p>\n<p class=\"name\">D\u00f6rt Tekneli Boylama Makinas\u0131<\/p>\n<p>\u00dcr\u00fcn Kodu:<em> BM 400-4<\/em><\/p>\n<p>&nbsp;<\/p>\n<div align=\"justify\">\n<div align=\"justify\">\n<div align=\"justify\">\u00d6nceden temizlenmi\u015f ya da temizlenmesine gerek duyulmayan \u00fcr\u00fcnlerin be\u015f farkl\u0131 boya ayr\u0131lmas\u0131n\u0131 veya i\u00e7inde bulunan k\u0131r\u0131klar\u0131n al\u0131nmas\u0131n\u0131 sa\u011flayan bir makinedir.D\u00f6rt Tekneli Boylama Makinesi genel olarak Fotosorter&#8217;\u0131n (Renk Ay\u0131rma) makinesinin alt k\u0131sm\u0131na yerle\u015ftirilmesi ile son kez kontrol ama\u00e7l\u0131 kullan\u0131l\u0131r. Opsiyonel olarak sabit veya mobil (tekerlekli) olarak \u00fcretilebilir.<\/div>\n<div align=\"justify\"><\/div>\n<div align=\"justify\">D\u00f6rt Tekneli Boylama Makinesi, \u00fcr\u00fcn\u00fc sadece boyutlar\u0131na ay\u0131r\u0131r, temizleme ama\u00e7l\u0131 kullan\u0131lmaz.<\/div>\n<div align=\"justify\"><\/div>\n<div align=\"justify\">D\u00f6rt Tekneli Boylama Makinesi, \u00dc\u00e7 Tekneli Boylama Makinesinden farkl\u0131 olarak bir adet eleme teknesinin fazla olmas\u0131d\u0131r.<\/div>\n<div align=\"justify\"><\/div>\n<div align=\"justify\">D\u00f6rt Tekneli Boylama Makinesi,\u00fcr\u00fcn\u00fc be\u015f farkl\u0131 boya ay\u0131rarak i\u00e7inde bulunan k\u0131r\u0131klar\u0131n al\u0131nmas\u0131n\u0131 sa\u011flayan bir makinedir.<\/div>\n<\/div>\n<\/div>\n<div align=\"justify\">\u0130yile\u015ftirdi\u011fi \u00dcr\u00fcnler :<\/div>\n<div align=\"justify\">Soya Fas\u00fclyesi<\/div>\n<div align=\"justify\">Nohut<\/div>\n<div align=\"justify\">Fas\u00fclye<\/div>\n<div align=\"justify\">Barbunya<\/div>\n<div align=\"justify\">Bakla<\/div>\n<div align=\"justify\">Susam<\/div>\n<div align=\"justify\">Mercimek<\/div>\n<div align=\"justify\">Bu\u011fday<\/div>\n<div align=\"justify\">Prin\u00e7<\/div>\n<div align=\"justify\">Ay\u00e7ekirde\u011fi<\/div>\n<div align=\"justify\">Kimyon vb.<\/div>\n","protected":false},"excerpt":{"rendered":"<div class=\"gdlr-core-pbf-element\">\n<div class=\"gdlr-core-title-item gdlr-core-item-pdb clearfix gdlr-core-left-align gdlr-core-title-item-caption-top gdlr-core-item-pdlr\">\n<div class=\"gdlr-core-title-item-title-wrap \">\n<h3 class=\"gdlr-core-title-item-title gdlr-core-skin-title \">\u00dcR\u00dcN TANIMI<\/h3>\n<\/div>\n<\/div>\n<\/div>\n<div class=\"gdlr-core-pbf-element\">\n<div class=\"gdlr-core-text-box-item gdlr-core-item-pdlr gdlr-core-item-pdb gdlr-core-left-align\">\n<div class=\"gdlr-core-text-box-item-content\">\n<p>D\u00f6rt Tekneli Boylama Makinesi, tek b\u00f6l\u00fcmden olu\u015fur. \u00d6n temizlemesi yap\u0131lm\u0131\u015f \u00fcr\u00fcnlerin boylamas\u0131n\u0131n yap\u0131lmas\u0131n\u0131 sa\u011flar.<\/p>\n<\/div>\n<\/div>\n<\/div>\n<div class=\"gdlr-core-pbf-element\">\n<div class=\"gdlr-core-title-item gdlr-core-item-pdb clearfix gdlr-core-left-align gdlr-core-title-item-caption-top gdlr-core-item-pdlr\">\n<div class=\"gdlr-core-title-item-title-wrap \">\n<h3 class=\"gdlr-core-title-item-title gdlr-core-skin-title \">\u00c7ALI\u015eMA PRENS\u0130B\u0130<\/h3>\n<\/div>\n<\/div>\n<\/div>\n<div class=\"gdlr-core-pbf-element\">\n<div class=\"gdlr-core-text-box-item gdlr-core-item-pdlr gdlr-core-item-pdb gdlr-core-left-align\">\n<div class=\"gdlr-core-text-box-item-content\">\n<p>\u00a0D\u00f6rt Tekneli Boylama Makinesinda, \u00fcr\u00fcn da\u011f\u0131t\u0131c\u0131 hazne yard\u0131m\u0131 ile teknenin \u00fczerine aktar\u0131l\u0131r. Vibrasyon yard\u0131m\u0131 ile elek \u00fczerine yay\u0131lan \u00fcr\u00fcn, istenilen boyutlarda ayr\u0131\u015ft\u0131r\u0131lm\u0131\u015f olur. Bu makine 5 farkl\u0131 boyda \u00fcr\u00fcn ayr\u0131\u015ft\u0131rabilir.<\/p>\n<\/div>\n<\/div>\n<\/div>\n","protected":false},"featured_media":6651,"template":"","meta":{"_joinchat":[]},"product_brand":[],"product_cat":[1062,15],"product_tag":[224,238,231,239,236,237,234,225,241,240,232,242,229,227,243,228,230,235,245,244],"class_list":{"0":"post-6638","1":"product","2":"type-product","3":"status-publish","4":"has-post-thumbnail","6":"product_cat-eleme-makinalari","7":"product_cat-urunler","8":"product_tag-arpa","9":"product_tag-ayirma-makinesi","10":"product_tag-bakliyat","11":"product_tag-bakliyat-boylama","12":"product_tag-boy-alma","13":"product_tag-boy-alma-makinesi","14":"product_tag-boylama-makinesi","15":"product_tag-bugday","16":"product_tag-bugday-boylama","17":"product_tag-cekirdek-boylama","18":"product_tag-hububat","19":"product_tag-hububat-boylama","20":"product_tag-keten-tohumu","21":"product_tag-kinoa","22":"product_tag-misir","23":"product_tag-pirinc","24":"product_tag-plastik","25":"product_tag-selektor","26":"product_tag-susam","27":"product_tag-tohum","29":"first","30":"instock","31":"shipping-taxable","32":"product-type-simple"},"aioseo_notices":[],"_links":{"self":[{"href":"https:\/\/srdmakine.com\/ar\/wp-json\/wp\/v2\/product\/6638","targetHints":{"allow":["GET"]}}],"collection":[{"href":"https:\/\/srdmakine.com\/ar\/wp-json\/wp\/v2\/product"}],"about":[{"href":"https:\/\/srdmakine.com\/ar\/wp-json\/wp\/v2\/types\/product"}],"version-history":[{"count":7,"href":"https:\/\/srdmakine.com\/ar\/wp-json\/wp\/v2\/product\/6638\/revisions"}],"predecessor-version":[{"id":8425,"href":"https:\/\/srdmakine.com\/ar\/wp-json\/wp\/v2\/product\/6638\/revisions\/8425"}],"wp:featuredmedia":[{"embeddable":true,"href":"https:\/\/srdmakine.com\/ar\/wp-json\/wp\/v2\/media\/6651"}],"wp:attachment":[{"href":"https:\/\/srdmakine.com\/ar\/wp-json\/wp\/v2\/media?parent=6638"}],"wp:term":[{"taxonomy":"product_brand","embeddable":true,"href":"https:\/\/srdmakine.com\/ar\/wp-json\/wp\/v2\/product_brand?post=6638"},{"taxonomy":"product_cat","embeddable":true,"href":"https:\/\/srdmakine.com\/ar\/wp-json\/wp\/v2\/product_cat?post=6638"},{"taxonomy":"product_tag","embeddable":true,"href":"https:\/\/srdmakine.com\/ar\/wp-json\/wp\/v2\/product_tag?post=6638"}],"curies":[{"name":"wp","href":"https:\/\/api.w.org\/{rel}","templated":true}]}}