{"id":6618,"date":"2024-01-30T12:35:10","date_gmt":"2024-01-30T09:35:10","guid":{"rendered":"https:\/\/srdmakine.com\/?post_type=product&#038;p=6618"},"modified":"2026-04-20T13:54:21","modified_gmt":"2026-04-20T10:54:21","slug":"tek-tekneli-eleme-makinesi-2","status":"publish","type":"product","link":"https:\/\/srdmakine.com\/ar\/urun\/tek-tekneli-eleme-makinesi-2\/","title":{"rendered":"Tek Tekneli Eleme Makinesi"},"content":{"rendered":"<p>\u00d6nceden temizlenmi\u015f ya da temizlenmesine gerek duyulmayan \u00fcr\u00fcnlerin iki farkl\u0131 boya ayr\u0131lmas\u0131n\u0131 veya i\u00e7inde bulunan k\u0131r\u0131klar\u0131n al\u0131nmas\u0131n\u0131 sa\u011flayan bir makinedir. Tek Tekneli Boylama Makinesi, genel olarak Fotosorter\u2019\u0131n (Renk Ay\u0131rma) makinesinin alt k\u0131sm\u0131na yerle\u015ftirilmesi ile son kez kontrol ama\u00e7l\u0131 kullan\u0131l\u0131r. Opsiyonel olarak sabit veya mobil (tekerlekli) olarak \u00fcretilebilir.<\/p>\n<div align=\"justify\">\u00d6nceden temizlenmi\u015f ya da temizlenmesine gerek duyulmayan \u00fcr\u00fcnlerin iki farkl\u0131 boya ayr\u0131lmas\u0131n\u0131 veya i\u00e7inde bulunan k\u0131r\u0131klar\u0131n al\u0131nmas\u0131n\u0131 sa\u011flayan bir makinedir.Tek Tekneli Boylama Makinesi, genel olarak Fotosorter&#8217;\u0131n (Renk Ay\u0131rma) makinesinin alt k\u0131sm\u0131na yerle\u015ftirilmesi ile son kez kontrol ama\u00e7l\u0131 kullan\u0131l\u0131r. Opsiyonel olarak sabit veya mobil (tekerlekli) olarak \u00fcretilebilir.<\/div>\n<div align=\"justify\"><\/div>\n<div align=\"justify\">Tek Tekneli Boylama Makinesi, \u00fcr\u00fcn\u00fc sadece boyutlar\u0131na ay\u0131r\u0131r, temizleme ama\u00e7l\u0131 kullan\u0131lmaz.<\/div>\n<div align=\"justify\"><strong>Makinenin G\u00f6revi:<\/strong><\/div>\n<div align=\"justify\">Besleme haznesine gelen \u00fcr\u00fcn, eksantrik yataklar\u0131n arac\u0131l\u0131\u011f\u0131 ile olu\u015fan titre\u015fimin etkisiyle elenen \u00fcr\u00fcn elekalt\u0131 ve elek\u00fcst\u00fc olarak \u00fcr\u00fcn\u00fc iki boyuta ay\u0131rm\u0131\u015f olur.<\/div>\n<div align=\"justify\"><\/div>\n<div align=\"justify\">Tek Tekneli Boylama makinesinde bir adet eleme teknesi bulunmaktad\u0131r. Bu nedenle \u00fcr\u00fcn en fazla iki boyuta ayr\u0131lm\u0131\u015f olur.<\/div>\n<div align=\"justify\"><\/div>\n<div align=\"justify\"><strong>Makinenin \u00c7al\u0131\u015fma Prensibi:<\/strong><\/div>\n<div align=\"justify\">\n<div align=\"justify\"><strong><em>Tek tekneli boylama makinesi\u00a0<\/em><\/strong>eleme teknesinin \u00fczerine d\u00f6k\u00fclen \u00fcr\u00fcn eksantrik sistemi taraf\u0131ndan titre\u015fim uygulanarak eleme i\u015flemi ger\u00e7ekle\u015fir. Ele\u011fin alt taraf\u0131nda var olan f\u0131r\u00e7alar sayesinde deliklerin kapanmamas\u0131n\u0131 sa\u011flayarak rand\u0131man\u0131 artt\u0131r\u0131r.<\/div>\n<div align=\"justify\"><strong><em>Tek tekneli boylama makinesi\u00a0<\/em><\/strong>ile \u00a0toplamda iki boy \u00fcr\u00fcn elde edilir.<\/div>\n<\/div>\n<div align=\"justify\"><\/div>\n<div align=\"justify\">\n<div align=\"justify\"><strong>\u0130yile\u015ftirdi\u011fi \u00dcr\u00fcnler :\u00a0<\/strong><\/div>\n<div align=\"justify\">Soya Fas\u00fclyesi<\/div>\n<div align=\"justify\">Nohut<\/div>\n<div align=\"justify\">Fas\u00fclye<\/div>\n<div align=\"justify\">Barbunya<\/div>\n<div align=\"justify\">Bakla<\/div>\n<div align=\"justify\">Susam<\/div>\n<div align=\"justify\">Mercimek<\/div>\n<div align=\"justify\">Bu\u011fday<\/div>\n<div align=\"justify\">Prin\u00e7<\/div>\n<div align=\"justify\">Ay\u00e7ekirde\u011fi<\/div>\n<div align=\"justify\">Kimyon v.b<\/div>\n<div align=\"justify\"><em>Detayl\u0131 Bilgi i\u00e7in E-Katalog 10-11 sayfam\u0131zdan inceyelebilirsiniz.<\/em><\/div>\n<div align=\"justify\"><img fetchpriority=\"high\" decoding=\"async\" class=\"alignnone size-full wp-image-12617\" src=\"http:\/\/srdmakine.com\/wp-content\/uploads\/2024\/01\/tek-katli-hava-kanalli-elek3.jpg\" alt=\"\" width=\"889\" height=\"440\" srcset=\"https:\/\/srdmakine.com\/wp-content\/uploads\/2024\/01\/tek-katli-hava-kanalli-elek3.jpg 889w, https:\/\/srdmakine.com\/wp-content\/uploads\/2024\/01\/tek-katli-hava-kanalli-elek3-600x297.jpg 600w, https:\/\/srdmakine.com\/wp-content\/uploads\/2024\/01\/tek-katli-hava-kanalli-elek3-300x148.jpg 300w, https:\/\/srdmakine.com\/wp-content\/uploads\/2024\/01\/tek-katli-hava-kanalli-elek3-768x380.jpg 768w\" sizes=\"(max-width: 889px) 100vw, 889px\" \/> <img decoding=\"async\" class=\"alignnone size-full wp-image-12615\" src=\"http:\/\/srdmakine.com\/wp-content\/uploads\/2024\/01\/tek-katli-hava-kanalli-elek2.jpg\" alt=\"\" width=\"700\" height=\"700\" srcset=\"https:\/\/srdmakine.com\/wp-content\/uploads\/2024\/01\/tek-katli-hava-kanalli-elek2.jpg 700w, https:\/\/srdmakine.com\/wp-content\/uploads\/2024\/01\/tek-katli-hava-kanalli-elek2-300x300.jpg 300w, https:\/\/srdmakine.com\/wp-content\/uploads\/2024\/01\/tek-katli-hava-kanalli-elek2-100x100.jpg 100w, https:\/\/srdmakine.com\/wp-content\/uploads\/2024\/01\/tek-katli-hava-kanalli-elek2-600x600.jpg 600w, https:\/\/srdmakine.com\/wp-content\/uploads\/2024\/01\/tek-katli-hava-kanalli-elek2-150x150.jpg 150w\" sizes=\"(max-width: 700px) 100vw, 700px\" \/> <img decoding=\"async\" class=\"alignnone size-full wp-image-12611\" src=\"http:\/\/srdmakine.com\/wp-content\/uploads\/2024\/01\/tek-katli-hava-kanalli-elek.jpg\" alt=\"\" width=\"770\" height=\"95\" srcset=\"https:\/\/srdmakine.com\/wp-content\/uploads\/2024\/01\/tek-katli-hava-kanalli-elek.jpg 770w, https:\/\/srdmakine.com\/wp-content\/uploads\/2024\/01\/tek-katli-hava-kanalli-elek-600x74.jpg 600w, https:\/\/srdmakine.com\/wp-content\/uploads\/2024\/01\/tek-katli-hava-kanalli-elek-300x37.jpg 300w, https:\/\/srdmakine.com\/wp-content\/uploads\/2024\/01\/tek-katli-hava-kanalli-elek-768x95.jpg 768w\" sizes=\"(max-width: 770px) 100vw, 770px\" \/><\/div>\n<\/div>\n","protected":false},"excerpt":{"rendered":"<p>\u00d6nceden temizlenmi\u015f ya da temizlenmesine gerek duyulmayan \u00fcr\u00fcnlerin iki farkl\u0131 boya ayr\u0131lmas\u0131n\u0131 veya i\u00e7inde bulunan k\u0131r\u0131klar\u0131n al\u0131nmas\u0131n\u0131 sa\u011flayan bir makinedir. Tek Tekneli Boylama Makinesi, genel olarak Fotosorter\u2019\u0131n (Renk Ay\u0131rma) makinesinin alt k\u0131sm\u0131na yerle\u015ftirilmesi ile son kez kontrol ama\u00e7l\u0131 kullan\u0131l\u0131r. Opsiyonel olarak sabit veya mobil (tekerlekli) olarak \u00fcretilebilir.<\/p>\n<p><em>Detayl\u0131 Bilgi i\u00e7in E-Katalog 10-11 sayfam\u0131zdan inceyelebilirsiniz.<\/em><\/p>\n","protected":false},"featured_media":6620,"template":"","meta":{"_joinchat":[]},"product_brand":[],"product_cat":[1062,15],"product_tag":[224,238,231,239,236,237,234,225,241,240,232,242,229,227,243,228,230,235,245,244],"class_list":{"0":"post-6618","1":"product","2":"type-product","3":"status-publish","4":"has-post-thumbnail","6":"product_cat-eleme-makinalari","7":"product_cat-urunler","8":"product_tag-arpa","9":"product_tag-ayirma-makinesi","10":"product_tag-bakliyat","11":"product_tag-bakliyat-boylama","12":"product_tag-boy-alma","13":"product_tag-boy-alma-makinesi","14":"product_tag-boylama-makinesi","15":"product_tag-bugday","16":"product_tag-bugday-boylama","17":"product_tag-cekirdek-boylama","18":"product_tag-hububat","19":"product_tag-hububat-boylama","20":"product_tag-keten-tohumu","21":"product_tag-kinoa","22":"product_tag-misir","23":"product_tag-pirinc","24":"product_tag-plastik","25":"product_tag-selektor","26":"product_tag-susam","27":"product_tag-tohum","29":"first","30":"instock","31":"shipping-taxable","32":"product-type-simple"},"aioseo_notices":[],"_links":{"self":[{"href":"https:\/\/srdmakine.com\/ar\/wp-json\/wp\/v2\/product\/6618","targetHints":{"allow":["GET"]}}],"collection":[{"href":"https:\/\/srdmakine.com\/ar\/wp-json\/wp\/v2\/product"}],"about":[{"href":"https:\/\/srdmakine.com\/ar\/wp-json\/wp\/v2\/types\/product"}],"version-history":[{"count":5,"href":"https:\/\/srdmakine.com\/ar\/wp-json\/wp\/v2\/product\/6618\/revisions"}],"predecessor-version":[{"id":12650,"href":"https:\/\/srdmakine.com\/ar\/wp-json\/wp\/v2\/product\/6618\/revisions\/12650"}],"wp:featuredmedia":[{"embeddable":true,"href":"https:\/\/srdmakine.com\/ar\/wp-json\/wp\/v2\/media\/6620"}],"wp:attachment":[{"href":"https:\/\/srdmakine.com\/ar\/wp-json\/wp\/v2\/media?parent=6618"}],"wp:term":[{"taxonomy":"product_brand","embeddable":true,"href":"https:\/\/srdmakine.com\/ar\/wp-json\/wp\/v2\/product_brand?post=6618"},{"taxonomy":"product_cat","embeddable":true,"href":"https:\/\/srdmakine.com\/ar\/wp-json\/wp\/v2\/product_cat?post=6618"},{"taxonomy":"product_tag","embeddable":true,"href":"https:\/\/srdmakine.com\/ar\/wp-json\/wp\/v2\/product_tag?post=6618"}],"curies":[{"name":"wp","href":"https:\/\/api.w.org\/{rel}","templated":true}]}}