{"id":5893,"date":"2024-01-28T15:08:16","date_gmt":"2024-01-28T12:08:16","guid":{"rendered":"https:\/\/srdmakine.com\/?post_type=product&#038;p=5893"},"modified":"2026-04-20T13:54:32","modified_gmt":"2026-04-20T10:54:32","slug":"radyal-tarar","status":"publish","type":"product","link":"https:\/\/srdmakine.com\/ar\/urun\/radyal-tarar\/","title":{"rendered":"Radyal Tarar"},"content":{"rendered":"<p>Radyal taramalar yabanc\u0131 maddelerin sa\u011fl\u0131kl\u0131 ve h\u0131zl\u0131 bir \u015fekilde ayr\u0131\u015ft\u0131r\u0131lmas\u0131nda kullan\u0131l\u0131r. At\u0131k ar\u0131tma cihaz\u0131ndan ve bu\u011fday f\u0131r\u00e7alar\u0131ndan farkl\u0131 giri\u015fler kullan\u0131larak \u00e7\u0131kmak i\u00e7in kullan\u0131l\u0131r. Makine \u00fczerinde aspirat\u00f6r ve siklon sisteminin bulunmas\u0131 maliyet, enerji ve yer a\u00e7\u0131s\u0131ndan b\u00fcy\u00fck avantajlar sa\u011flamaktad\u0131r.<\/p>\n<p>\u2022Ta\u015f\u0131nabilir bir makinedir.<\/p>\n<p>\u2022Merkezi aspirat\u00f6r sisteminden ba\u011f\u0131ms\u0131z \u00e7al\u0131\u015fmas\u0131na imkan veren aspirat\u00f6r sistemine sahiptir.<\/p>\n<p>\u2022Radyal Taray\u0131c\u0131 havay\u0131 %100 d\u00f6n\u00fc\u015ft\u00fcr\u00fcr, makine i\u00e7indeki hava s\u00fcrekli tekrar tekrar kullan\u0131larak daha homojen bir \u00fcr\u00fcn ve \u00e7al\u0131\u015fma alan\u0131 olu\u015fturulur.<\/p>\n<p>Radyal Taray\u0131c\u0131, bakliyat ve tah\u0131l fabrikalar\u0131nda ve tohum temizleme tesislerinde tah\u0131ldaki d\u00fc\u015f\u00fck yo\u011funluklu maddeleri ay\u0131rmak i\u00e7in kullan\u0131l\u0131r. Makine geni\u015fli\u011fi boyunca homojen olarak da\u011f\u0131lan tah\u0131l tanelerinden aerodinamik a\u00e7\u0131dan farkl\u0131 olan her t\u00fcrl\u00fc par\u00e7ac\u0131k, yatay havaland\u0131rma kanal\u0131ndaki \u00e7ift ayarlanabilir duvarlardan ayr\u0131l\u0131r.<\/p>\n<p>Detayl\u0131 bilgi i\u00e7in E-Katalo\u011fumuz Sayfa 22-23&#8217;\u00fc inceleyebilirsiniz.<\/p>\n","protected":false},"excerpt":{"rendered":"<p>Radyal taramalar yabanc\u0131 maddelerin sa\u011fl\u0131kl\u0131 ve h\u0131zl\u0131 bir \u015fekilde ayr\u0131\u015ft\u0131r\u0131lmas\u0131nda kullan\u0131l\u0131r. At\u0131k ar\u0131tma cihaz\u0131ndan ve bu\u011fday f\u0131r\u00e7alar\u0131ndan farkl\u0131 giri\u015fler kullan\u0131larak \u00e7\u0131kmak i\u00e7in kullan\u0131l\u0131r. Makine \u00fczerinde aspirat\u00f6r ve siklon sisteminin bulunmas\u0131 maliyet, enerji ve yer a\u00e7\u0131s\u0131ndan b\u00fcy\u00fck avantajlar sa\u011flamaktad\u0131r.<\/p>\n<p>Detayl\u0131 bilgi i\u00e7in E-Katalo\u011fumuz Sayfa 22-23&#8217;\u00fc inceleyebilirsiniz.<\/p>\n","protected":false},"featured_media":5894,"template":"","meta":{"_joinchat":[]},"product_brand":[],"product_cat":[1062,15],"product_tag":[224,231,225,223,232,229,227,233,228,230,221,222,226],"class_list":{"0":"post-5893","1":"product","2":"type-product","3":"status-publish","4":"has-post-thumbnail","6":"product_cat-eleme-makinalari","7":"product_cat-urunler","8":"product_tag-arpa","9":"product_tag-bakliyat","10":"product_tag-bugday","11":"product_tag-havali-eleme-makine","12":"product_tag-hububat","13":"product_tag-keten-tohumu","14":"product_tag-kinoa","15":"product_tag-on-temizleme","16":"product_tag-pirinc","17":"product_tag-plastik","18":"product_tag-radyal-tarar-makinesi","19":"product_tag-tarama-makinesi","20":"product_tag-tohum-eleme","22":"first","23":"instock","24":"shipping-taxable","25":"product-type-simple"},"aioseo_notices":[],"_links":{"self":[{"href":"https:\/\/srdmakine.com\/ar\/wp-json\/wp\/v2\/product\/5893","targetHints":{"allow":["GET"]}}],"collection":[{"href":"https:\/\/srdmakine.com\/ar\/wp-json\/wp\/v2\/product"}],"about":[{"href":"https:\/\/srdmakine.com\/ar\/wp-json\/wp\/v2\/types\/product"}],"version-history":[{"count":6,"href":"https:\/\/srdmakine.com\/ar\/wp-json\/wp\/v2\/product\/5893\/revisions"}],"predecessor-version":[{"id":11794,"href":"https:\/\/srdmakine.com\/ar\/wp-json\/wp\/v2\/product\/5893\/revisions\/11794"}],"wp:featuredmedia":[{"embeddable":true,"href":"https:\/\/srdmakine.com\/ar\/wp-json\/wp\/v2\/media\/5894"}],"wp:attachment":[{"href":"https:\/\/srdmakine.com\/ar\/wp-json\/wp\/v2\/media?parent=5893"}],"wp:term":[{"taxonomy":"product_brand","embeddable":true,"href":"https:\/\/srdmakine.com\/ar\/wp-json\/wp\/v2\/product_brand?post=5893"},{"taxonomy":"product_cat","embeddable":true,"href":"https:\/\/srdmakine.com\/ar\/wp-json\/wp\/v2\/product_cat?post=5893"},{"taxonomy":"product_tag","embeddable":true,"href":"https:\/\/srdmakine.com\/ar\/wp-json\/wp\/v2\/product_tag?post=5893"}],"curies":[{"name":"wp","href":"https:\/\/api.w.org\/{rel}","templated":true}]}}