{"id":5886,"date":"2024-01-28T14:58:58","date_gmt":"2024-01-28T11:58:58","guid":{"rendered":"https:\/\/srdmakine.com\/?post_type=product&#038;p=5886"},"modified":"2026-04-21T08:05:31","modified_gmt":"2026-04-21T05:05:31","slug":"cop-sasoru-2","status":"publish","type":"product","link":"https:\/\/srdmakine.com\/ar\/urun\/cop-sasoru-2\/","title":{"rendered":"\u00c7\u00f6p Sas\u00f6r\u00fc"},"content":{"rendered":"<p>Tar\u0131m \u00fcr\u00fcnleri i\u00e7erisinde bulunan toz, kaba par\u00e7a, \u00e7\u00f6p, saman vs.<br \/>\nmaddelerin temizlenmesinde kullan\u0131lan bir makinedir. Sadece \u00f6n<br \/>\ntemizlik i\u00e7in tasarlanm\u0131\u015f bir makinedir. Zemine sabit olarak \u00e7al\u0131\u015f\u0131r.<\/p>\n<p align=\"justify\"><strong>Makinenin \u00c7al\u0131\u015fma Prensibi:<\/strong><\/p>\n<p align=\"justify\">Posta elevatoru yard\u0131m\u0131 ile elek \u00fczerine d\u00f6k\u00fclen \u00fcr\u00fcn sa\u011f ve sol taraflarda bulunan vibro motorlar sayesinde olu\u015fan titre\u015fim yard\u0131m\u0131 ile toz ve kaba par\u00e7ac\u0131klar\u0131ndan ay\u0131rt edilir.<\/p>\n<p>\u00d6n tarafta bulunan ayarlanabilir hava kanal\u0131 yard\u0131m\u0131 ile \u00e7\u00f6p, saman vs. ince par\u00e7ac\u0131klardan ayr\u0131larak \u00fcr\u00fcn temizlenmi\u015f olur.<\/p>\n<p>Di\u011fer makinelerden farkl\u0131 olarak elek alt\u0131 temizleme sistemi toplardan meydana gelmi\u015ftir.<\/p>\n<p align=\"justify\"><strong>Avantajlar:<\/strong><\/p>\n<p align=\"justify\">&#8211; \u00dcr\u00fcn Giri\u015f kapasite ve eleme h\u0131z\u0131n\u0131n kolay ayarlanabilmesi i\u00e7in h\u0131z kontrol cihaz\u0131<\/p>\n<p align=\"justify\">&#8211; Vibrasyon motorlar\u0131 ile \u00fcz\u00fcn \u00f6m\u00fcrl\u00fc makine hayat\u0131<\/p>\n<p align=\"justify\">&#8211; Toz kontol sistemlerinde opsiyonlar<\/p>\n<p align=\"justify\"><em>Detayl\u0131 Bilgi i\u00e7in E-Katalog b\u00f6l\u00fcm\u00fcnden 20-21 Sayfam\u0131zda inceyebilirsiniz.<\/em><\/p>\n","protected":false},"excerpt":{"rendered":"<p>Tar\u0131m \u00fcr\u00fcnleri i\u00e7erisinde bulunan toz, kaba par\u00e7a, \u00e7\u00f6p, saman vs.<br \/>\nmaddelerin temizlenmesinde kullan\u0131lan bir makinedir. Sadece \u00f6n<br \/>\ntemizlik i\u00e7in tasarlanm\u0131\u015f bir makinedir. Zemine sabit olarak \u00e7al\u0131\u015f\u0131r.<\/p>\n<p><em>Detayl\u0131 Bilgi i\u00e7in E-Katalog b\u00f6l\u00fcm\u00fcnden 20-21 Sayfam\u0131zda inceyebilirsiniz.<\/em><\/p>\n","protected":false},"featured_media":12285,"template":"","meta":{"_joinchat":[]},"product_brand":[],"product_cat":[1062,15,1064],"product_tag":[865,220,224,231,225,354,232,219,227,866,867,218,217,216],"class_list":{"0":"post-5886","1":"product","2":"type-product","3":"status-publish","4":"has-post-thumbnail","6":"product_cat-eleme-makinalari","7":"product_cat-urunler","8":"product_cat-yem-makinalari","9":"product_tag-2-katli-elek","10":"product_tag-absurt-temizleme","11":"product_tag-arpa","12":"product_tag-bakliyat","13":"product_tag-bugday","14":"product_tag-cop-sasoru","15":"product_tag-hububat","16":"product_tag-kaba-temizleme-makine","17":"product_tag-kinoa","18":"product_tag-mercimek-eleme","19":"product_tag-nohut-temizleme","20":"product_tag-on-temizleme-makinesi","21":"product_tag-vibro-cop-sasoru","22":"product_tag-vibro-elek","24":"first","25":"instock","26":"shipping-taxable","27":"product-type-simple"},"aioseo_notices":[],"_links":{"self":[{"href":"https:\/\/srdmakine.com\/ar\/wp-json\/wp\/v2\/product\/5886","targetHints":{"allow":["GET"]}}],"collection":[{"href":"https:\/\/srdmakine.com\/ar\/wp-json\/wp\/v2\/product"}],"about":[{"href":"https:\/\/srdmakine.com\/ar\/wp-json\/wp\/v2\/types\/product"}],"version-history":[{"count":5,"href":"https:\/\/srdmakine.com\/ar\/wp-json\/wp\/v2\/product\/5886\/revisions"}],"predecessor-version":[{"id":8851,"href":"https:\/\/srdmakine.com\/ar\/wp-json\/wp\/v2\/product\/5886\/revisions\/8851"}],"wp:featuredmedia":[{"embeddable":true,"href":"https:\/\/srdmakine.com\/ar\/wp-json\/wp\/v2\/media\/12285"}],"wp:attachment":[{"href":"https:\/\/srdmakine.com\/ar\/wp-json\/wp\/v2\/media?parent=5886"}],"wp:term":[{"taxonomy":"product_brand","embeddable":true,"href":"https:\/\/srdmakine.com\/ar\/wp-json\/wp\/v2\/product_brand?post=5886"},{"taxonomy":"product_cat","embeddable":true,"href":"https:\/\/srdmakine.com\/ar\/wp-json\/wp\/v2\/product_cat?post=5886"},{"taxonomy":"product_tag","embeddable":true,"href":"https:\/\/srdmakine.com\/ar\/wp-json\/wp\/v2\/product_tag?post=5886"}],"curies":[{"name":"wp","href":"https:\/\/api.w.org\/{rel}","templated":true}]}}