{"id":5853,"date":"2024-01-27T20:25:23","date_gmt":"2024-01-27T17:25:23","guid":{"rendered":"https:\/\/srdmakine.com\/?post_type=product&#038;p=5853"},"modified":"2026-04-20T13:54:58","modified_gmt":"2026-04-20T10:54:58","slug":"kilcik-kiran-makinesi","status":"publish","type":"product","link":"https:\/\/srdmakine.com\/ar\/urun\/kilcik-kiran-makinesi\/","title":{"rendered":"K\u0131l\u00e7\u0131k K\u0131ran Makinesi"},"content":{"rendered":"<h4>\u00dcR\u00dcN A\u00c7IKLAMASI<\/h4>\n<p>Bu\u011fday, arpa, yulaf ve k\u00fc\u00e7\u00fck taneli tohumlar\u0131n kesekle\u015fmi\u015f veya ba\u015fa\u011f\u0131ndan \u00e7\u0131kar\u0131lmam\u0131\u015f tanelerini birbirinden ay\u0131rarak sisteme dahil etmek amac\u0131yla dizayn edilmi\u015ftir<br \/>\n&#8211; \u00a0Makine i\u00e7erisine giren \u00fcr\u00fcn \u00f6zel tasarlanm\u0131\u015f havuzdan ge\u00e7erken ayr\u0131lma i\u015flemi ger\u00e7ekle\u015ftirilir<br \/>\n&#8211; D\u00fc\u015f\u00fck enerji t\u00fcketimi ve y\u00fcksek verim<br \/>\n&#8211; \u00c7elik konstr\u00fcksiyon sa\u011flam g\u00f6vde<br \/>\n&#8211; Kolay ve periyodik bak\u0131m<br \/>\n&#8211; Hassas ayar sayesinde kaliteli \u00fcr\u00fcn<br \/>\n&#8211; Sessiz ve sars\u0131nt\u0131s\u0131z \u00e7al\u0131\u015fma<\/p>\n<p>K\u0131l\u00e7\u0131k k\u0131ran Arpa ve bu\u011fdaydaki k\u0131l\u00e7\u0131klar\u0131 ay\u0131klamak i\u00e7in<br \/>\ntasarlanm\u0131\u015ft\u0131r. \u00d6zellikle bu\u011fday kap\u00e7\u0131\u011f\u0131n\u0131n \u00e7\u0131kar\u0131lmas\u0131, yulaf, arpa<br \/>\nve sebze tohumu gibi bir\u00e7ok tohum \u00e7e\u015fidinin k\u0131l\u00e7\u0131klar\u0131ndan ayr\u0131larak<br \/>\nkalitesinin art\u0131r\u0131lmas\u0131 ve temizlenmesi i\u00e7in kullan\u0131l\u0131r. \u0130ste\u011fe ba\u011fl\u0131<br \/>\nolarak h\u0131z\u0131 de\u011fi\u015ftirilebilir isteneilen \u00f6l\u00e7\u00fclerde ve \u00fcr\u00fcne uygun kapasitede \u00fcretilir<\/p>\n<p>Detayl\u0131 Bilgi i\u00e7in E-Katalog 19-20 sayfam\u0131zdan inceyelebilirsiniz.<\/p>\n","protected":false},"excerpt":{"rendered":"<p>K\u0131l\u00e7\u0131k k\u0131ran Arpa ve bu\u011fday daki k\u0131l\u00e7\u0131klar\u0131 ay\u0131klamak i\u00e7in<br \/>\ntasarlanm\u0131\u015ft\u0131r. \u00d6zellikle bu\u011fday kap\u00e7\u0131\u011f\u0131n\u0131n \u00e7\u0131kar\u0131lmas\u0131, yulaf, arpa<br \/>\nve sebze tohumu gibi bir\u00e7ok tohum \u00e7e\u015fidinin k\u0131l\u00e7\u0131klar\u0131ndan ayr\u0131larak<br \/>\nkalitesinin art\u0131r\u0131lmas\u0131 ve temizlenmesi i\u00e7in kullan\u0131l\u0131r. \u0130ste\u011fe ba\u011fl\u0131<br \/>\nolarak h\u0131z\u0131 de\u011fi\u015ftirilebilir isteneilen \u00f6l\u00e7\u00fclerde ve \u00fcr\u00fcne uygun<br \/>\nkapasitede \u00fcretilir.<\/p>\n<h1><strong>\u00d6zellikler:<\/strong><\/h1>\n<ul>\n<li>Dayan\u0131kl\u0131l\u0131k ve a\u015f\u0131nmaya kar\u015f\u0131 diren\u00e7 i\u00e7in sa\u011flam yap\u0131.<\/li>\n<\/ul>\n<p>&nbsp;<\/p>\n<ul>\n<li>\u0130ki a\u015famal\u0131 RPM ayarlar\u0131 ve sonsuz ayarlanabilir alt kaz\u0131y\u0131c\u0131 ile \u00f6zelle\u015ftirilebilir i\u015flem yo\u011funlu\u011fu, de-awning i\u015flemi \u00fczerinde hassas kontrol sa\u011flar.<\/li>\n<\/ul>\n<p>&nbsp;<\/p>\n<ul>\n<li>Sa\u011flaml\u0131k i\u00e7in c\u0131vatal\u0131 sac \u00e7elikten yap\u0131lm\u0131\u015f g\u00f6vde.<\/li>\n<\/ul>\n<p>&nbsp;<\/p>\n<ul>\n<li>\u00dcr\u00fcnlere nazik davranan yuvarlak veya kare pimli d\u00f6v\u00fcc\u00fclerle opsiyonel olarak sunulan agitat\u00f6r mili.<\/li>\n<\/ul>\n<p>&nbsp;<\/p>\n<ul>\n<li>G\u00fcvenilir \u00e7al\u0131\u015fma i\u00e7in elektrik motoru ile tahrik \u00fcnitesi.<\/li>\n<\/ul>\n<p>&nbsp;<\/p>\n<ul>\n<li>Ek s\u00fcrt\u00fcnme sa\u011flamak i\u00e7in opsiyonel olarak de\u011fi\u015ftirilebilir a\u015f\u0131nma plakalar\u0131.<\/li>\n<\/ul>\n<p>&nbsp;<\/p>\n<p>Bu makine, tah\u0131llar\u0131n sonraki i\u015fleme a\u015famalar\u0131 i\u00e7in optimal haz\u0131rl\u0131k sa\u011flayarak kapsaml\u0131 bir \u00f6n i\u015flem \u00e7\u00f6z\u00fcm\u00fc sunar.<\/p>\n<p>Detayl\u0131 Bilgi i\u00e7in E-Katalog 19-20 sayfam\u0131zdan inceyelebilirsiniz.<\/p>\n","protected":false},"featured_media":8543,"template":"","meta":{"_joinchat":[]},"product_brand":[],"product_cat":[1062,15],"product_tag":[215,224,213,231,225,232,989,988,212,233,214],"class_list":{"0":"post-5853","1":"product","2":"type-product","3":"status-publish","4":"has-post-thumbnail","6":"product_cat-eleme-makinalari","7":"product_cat-urunler","8":"product_tag-absurt-ayirma-makinesi","9":"product_tag-arpa","10":"product_tag-arpa-temizleme","11":"product_tag-bakliyat","12":"product_tag-bugday","13":"product_tag-hububat","14":"product_tag-kaba-temizleme-makinesi","15":"product_tag-kilcik-kiran-makinesi","16":"product_tag-kilcik-makinesi","17":"product_tag-on-temizleme","18":"product_tag-taneleme-makinesi","20":"first","21":"instock","22":"featured","23":"shipping-taxable","24":"product-type-simple"},"aioseo_notices":[],"_links":{"self":[{"href":"https:\/\/srdmakine.com\/ar\/wp-json\/wp\/v2\/product\/5853","targetHints":{"allow":["GET"]}}],"collection":[{"href":"https:\/\/srdmakine.com\/ar\/wp-json\/wp\/v2\/product"}],"about":[{"href":"https:\/\/srdmakine.com\/ar\/wp-json\/wp\/v2\/types\/product"}],"version-history":[{"count":6,"href":"https:\/\/srdmakine.com\/ar\/wp-json\/wp\/v2\/product\/5853\/revisions"}],"predecessor-version":[{"id":12710,"href":"https:\/\/srdmakine.com\/ar\/wp-json\/wp\/v2\/product\/5853\/revisions\/12710"}],"wp:featuredmedia":[{"embeddable":true,"href":"https:\/\/srdmakine.com\/ar\/wp-json\/wp\/v2\/media\/8543"}],"wp:attachment":[{"href":"https:\/\/srdmakine.com\/ar\/wp-json\/wp\/v2\/media?parent=5853"}],"wp:term":[{"taxonomy":"product_brand","embeddable":true,"href":"https:\/\/srdmakine.com\/ar\/wp-json\/wp\/v2\/product_brand?post=5853"},{"taxonomy":"product_cat","embeddable":true,"href":"https:\/\/srdmakine.com\/ar\/wp-json\/wp\/v2\/product_cat?post=5853"},{"taxonomy":"product_tag","embeddable":true,"href":"https:\/\/srdmakine.com\/ar\/wp-json\/wp\/v2\/product_tag?post=5853"}],"curies":[{"name":"wp","href":"https:\/\/api.w.org\/{rel}","templated":true}]}}