{"id":4935,"date":"2024-01-16T11:39:08","date_gmt":"2024-01-16T08:39:08","guid":{"rendered":"https:\/\/srdmakine.com\/?post_type=product&#038;p=4935"},"modified":"2026-04-20T13:55:13","modified_gmt":"2026-04-20T10:55:13","slug":"otomatik-tartim-kantari-ve-torbalama-makinesi","status":"publish","type":"product","link":"https:\/\/srdmakine.com\/ar\/urun\/otomatik-tartim-kantari-ve-torbalama-makinesi\/","title":{"rendered":"YEN\u0130 MODEL OTOMAT\u0130K TARTIM KANTARI VE TORBALAMA MAK\u0130NES\u0130 5-50 KG"},"content":{"rendered":"<table class=\"soldan\">\n<tbody>\n<tr>\n<td width=\"227\">Paketlenecek \u00dcr\u00fcn Cinsi<\/td>\n<td width=\"118\">Yem<\/td>\n<\/tr>\n<tr>\n<td width=\"227\">Yo\u011funluk (Yem)<\/td>\n<td width=\"118\">0,60 kg\/m\u00b3<\/td>\n<\/tr>\n<tr>\n<td width=\"227\">Maksimum Tart\u0131m A\u011f\u0131rl\u0131\u011f\u0131<\/td>\n<td width=\"118\">2 x 60 Kg<\/td>\n<\/tr>\n<tr>\n<td width=\"227\">Tart\u0131m Aral\u0131\u011f\u0131 -Se\u00e7enekleri<\/td>\n<td width=\"118\">25 &#8211; 50 kg<\/td>\n<\/tr>\n<tr>\n<td width=\"227\">Tart\u0131m Hassasiyeti<\/td>\n<td width=\"118\">\u00b1% 0,3<\/td>\n<\/tr>\n<tr>\n<td width=\"227\">\u00dcst Bunker Kapasitesi<\/td>\n<td width=\"118\">2531 Litre<\/td>\n<\/tr>\n<tr>\n<td width=\"227\">Kefe Kapasitesi<\/td>\n<td width=\"118\">2 x 110 Litre<\/td>\n<\/tr>\n<tr>\n<td width=\"227\">\u00c7\u0131k\u0131\u015f Kapasitesi\u00a0 25 Kg<\/td>\n<td width=\"118\">10,00 Ton\/Saat<\/td>\n<\/tr>\n<tr>\n<td width=\"227\">\u00c7\u0131k\u0131\u015f Kapasitesi\u00a0 50 Kg<\/td>\n<td width=\"118\">20,00 Ton\/Saat<\/td>\n<\/tr>\n<tr>\n<td width=\"227\">Tart\u0131m Adedi 25 Kg<\/td>\n<td width=\"118\">400 Paket\/Saat<\/td>\n<\/tr>\n<tr>\n<td width=\"227\">Tart\u0131m Adedi 50 Kg<\/td>\n<td width=\"118\">400 Paket\/Saat<\/td>\n<\/tr>\n<tr>\n<td width=\"227\">Hava Bas\u0131nc\u0131<\/td>\n<td width=\"118\">6 &#8211; 8 Bar<\/td>\n<\/tr>\n<tr>\n<td width=\"227\">Hava \u0130htiyac\u0131<\/td>\n<td width=\"118\">20 m\u00b3\/Dakika-Min<\/td>\n<\/tr>\n<tr>\n<td width=\"227\">Elektrik Beslemesi<\/td>\n<td width=\"118\">400 VAC \/ 50-60 Hz.<\/td>\n<\/tr>\n<tr>\n<td width=\"227\">Elektrik T\u00fcketimi<\/td>\n<td width=\"118\">5,9 kW\/Saat<\/td>\n<\/tr>\n<tr>\n<td width=\"227\">A\u011f\u0131rl\u0131k<\/td>\n<td width=\"118\">1690 Kg<\/td>\n<\/tr>\n<\/tbody>\n<\/table>\n","protected":false},"excerpt":{"rendered":"<p>Geli\u015ftirilmi\u015f otomatik tart\u0131m ve Torbalama Kantar\u0131m\u0131z Her t\u00fcrl\u00fc G\u0131da End\u00fcstriyel Toz ve Taneli \u00fcr\u00fcnlerin Hassas olarak istenilen a\u011f\u0131rl\u0131klarda tart\u0131lmas\u0131 ve \u00e7uvallanmas\u0131 i\u015flemini Otomatik olarak yapar. Tesislerde i\u015flenmi\u015f \u00fcr\u00fcnlerin Otomatik olarak 5- 50 kg aras\u0131 istenilen a\u011f\u0131rl\u0131klarda Loadcell sistemiyle hassas olarak tart\u0131lmas\u0131 ve otomatik olarak torbalanmas\u0131n\u0131 sa\u011flar.<\/p>\n<p><strong>Kapasite Bilgileri:<\/strong>\u00a0Torbalanacak \u00fcr\u00fcne ve istenen toleransa g\u00f6re de\u011fi\u015fmekle<br \/>\nbirlikte a\u015fa\u011f\u0131daki paketleme h\u0131z\u0131 ile ilgili de\u011ferler sistemin kapasitesi hakk\u0131nda bir<br \/>\nbilgi verecektir.<\/p>\n<p>\u2022 25 kg\u2019l\u0131k Paketlemelerde 10 ton\/saat<br \/>\n\u2022 50 kg\u2019l\u0131k Paketlemelerde 20 ton\/saat<br \/>\n50 kg\u2019l\u0131k paketlemelerde paket ba\u015f\u0131na tolerans \u00b10,15 kg aras\u0131nda de\u011fi\u015fir. Ayr\u0131ca,<br \/>\npaket ba\u015f\u0131na d\u00fc\u015fen ortalama hata pay\u0131 ile un veya benzer karakterdeki \u00fcr\u00fcnlerde<br \/>\n20 ton\/saat kapasite ile \u00e7al\u0131\u015fmas\u0131 taahh\u00fct edilir.<br \/>\nPaketleme Set De\u011ferleri: Paket dolum a\u011f\u0131rl\u0131klar\u0131 operat\u00f6r taraf\u0131ndan 5-25 veya 25 &#8211; 50 kg<br \/>\naras\u0131nda tercih edilebilmektedir.<\/p>\n<p>&nbsp;<\/p>\n<p>PLC ekran \u00fczerinden kontrol edilebilen makinemiz, Hassas sens\u00f6rleri sayesinde \u00e7ok d\u00fc\u015f\u00fck hata oran\u0131yla tam istenilen a\u011f\u0131rl\u0131kta tart\u0131m yapar ve \u00e7uvala doldurur. Otomatik ve manuel mod \u00f6zellikleriyle y\u00fcksek kapasitede \u00fcr\u00fcnlerinizin torbalanmas\u0131n\u0131 sa\u011flar. Ekran \u00dczerinden Anl\u0131k tart\u0131m ve Tamamlanan \u00e7uval dolum i\u015flemi takip edilebilir.<\/p>\n","protected":false},"featured_media":8908,"template":"","meta":{"_joinchat":[]},"product_brand":[],"product_cat":[1065,15],"product_tag":[422,423,418,417,424,431,425,419,428,416,420,427,430,429],"class_list":{"0":"post-4935","1":"product","2":"type-product","3":"status-publish","4":"has-post-thumbnail","6":"product_cat-paletleme-makinalari","7":"product_cat-urunler","8":"product_tag-25-kiloluk-cuval","9":"product_tag-50-kiloluk-cuval","10":"product_tag-bagging-indikator","11":"product_tag-bagging-machine","12":"product_tag-bakliyat-cuvallama","13":"product_tag-bakliyat-paketleme-kantarihububat-cuvallama","14":"product_tag-cekirdek-cuvallama","15":"product_tag-cift-kefe-kantar","16":"product_tag-cift-kefeli","17":"product_tag-cuvallama-kantari","18":"product_tag-kantar-loadcell","19":"product_tag-tartim-kantari","20":"product_tag-yem-tartim-kantari","21":"product_tag-yeni-model-hububat-kantari","23":"first","24":"instock","25":"featured","26":"shipping-taxable","27":"purchasable","28":"product-type-simple"},"aioseo_notices":[],"_links":{"self":[{"href":"https:\/\/srdmakine.com\/ar\/wp-json\/wp\/v2\/product\/4935","targetHints":{"allow":["GET"]}}],"collection":[{"href":"https:\/\/srdmakine.com\/ar\/wp-json\/wp\/v2\/product"}],"about":[{"href":"https:\/\/srdmakine.com\/ar\/wp-json\/wp\/v2\/types\/product"}],"version-history":[{"count":13,"href":"https:\/\/srdmakine.com\/ar\/wp-json\/wp\/v2\/product\/4935\/revisions"}],"predecessor-version":[{"id":8921,"href":"https:\/\/srdmakine.com\/ar\/wp-json\/wp\/v2\/product\/4935\/revisions\/8921"}],"wp:featuredmedia":[{"embeddable":true,"href":"https:\/\/srdmakine.com\/ar\/wp-json\/wp\/v2\/media\/8908"}],"wp:attachment":[{"href":"https:\/\/srdmakine.com\/ar\/wp-json\/wp\/v2\/media?parent=4935"}],"wp:term":[{"taxonomy":"product_brand","embeddable":true,"href":"https:\/\/srdmakine.com\/ar\/wp-json\/wp\/v2\/product_brand?post=4935"},{"taxonomy":"product_cat","embeddable":true,"href":"https:\/\/srdmakine.com\/ar\/wp-json\/wp\/v2\/product_cat?post=4935"},{"taxonomy":"product_tag","embeddable":true,"href":"https:\/\/srdmakine.com\/ar\/wp-json\/wp\/v2\/product_tag?post=4935"}],"curies":[{"name":"wp","href":"https:\/\/api.w.org\/{rel}","templated":true}]}}