{"id":12643,"date":"2024-05-10T15:09:30","date_gmt":"2024-05-10T12:09:30","guid":{"rendered":"https:\/\/srdmakine.com\/?post_type=product&#038;p=12643"},"modified":"2026-04-20T13:30:42","modified_gmt":"2026-04-20T10:30:42","slug":"vibro-eleme-makinesi-titresimli-elek","status":"publish","type":"product","link":"https:\/\/srdmakine.com\/ar\/urun\/vibro-eleme-makinesi-titresimli-elek\/","title":{"rendered":"Vibro Eleme Makinesi (Titre\u015fimli Elek)"},"content":{"rendered":"<h3>Vibrasyonlu elek teknolojisi ve farkl\u0131 elek geni\u015flikleri yard\u0131m\u0131 ile \u00fcr\u00fcnleri tane boyutuna g\u00f6re ay\u0131rmaya ve yabanc\u0131 cisimlerden ar\u0131nd\u0131rmaya, ayn\u0131 gran\u00fcl b\u00fcy\u00fckl\u00fc\u011f\u00fcnde malzemelerin prosese girmesine yard\u0131mc\u0131 olur.<\/h3>\n<p>&nbsp;<\/p>\n<p>Vibro elekler genel olarak g\u00fc\u00e7l\u00fc konstr\u00fcksiyon yap\u0131s\u0131 olan ve maksimum eleme yapan makinelerdir. Vibro motorlarla titre\u015fim hareketi sa\u011flanan elek, giren \u00fcr\u00fcn\u00fcn istenildi\u011fi \u015fekilde s\u0131n\u0131fland\u0131r\u0131lmas\u0131n\u0131 sa\u011flar.<\/p>\n<p><strong>Minimum bak\u0131m.<\/strong><br \/>\nElektrikli vibrat\u00f6rlerde prosesin durumuna g\u00f6re vurma \u015fiddeti ayarlanabilir. Bu sayede y\u00fcksek newtonluk bir vibrat\u00f6r bile istenilen k\u00fc\u00e7\u00fck titre\u015fim kuvvetini verir. Katl\u0131 elekler de \u00fcr\u00fcn \u00fcst elekten alt katlara do\u011fru k\u00fc\u00e7\u00fclen elek g\u00f6zeleri ile devam eder.<\/p>\n<p>Eleklerin s\u00f6k\u00fclmesi ve tak\u0131lmas\u0131 pratik bir uygulama ile minimum civata a\u00e7ma s\u0131kma i\u015flemi gerektiren bir mekanizma ile yap\u0131lmaktad\u0131r. Vibro motorlar, bina alan\u0131nda ve ge\u00e7i\u015flerde yer kaplamamas\u0131 amac\u0131yla makinenin arkas\u0131na monte edilmi\u015ftir.<\/p>\n","protected":false},"excerpt":{"rendered":"<p><b>Vibro<\/b> Elekler 62,5&#215;190 vibrasyon teknolojisi kullan\u0131larak farkl\u0131 <b>elek<\/b>\u00a0g\u00f6zenek se\u00e7enekleri ve farkl\u0131\u00a0<b>elek<\/b>\u00a0geni\u015flikleri ile istenilen kapasiteye uygun olarak tane ve tozu ay\u0131rarak proseste istenilen \u00fcr\u00fcn boyutunun elde edilmesini sa\u011flarlar.<\/p>\n<div class=\"col-md-12 pt-4 ql-editor\">\n<h3>\u00c7al\u0131\u015fma Prensibi<\/h3>\n<p>Vibro Elekler vibrasyon teknolojisi kullan\u0131larak farkl\u0131 elek g\u00f6zenek se\u00e7enekleri ve farkl\u0131 elek geni\u015flikleri ile istenilen kapasiteye uygun olarak tane ve tozu ay\u0131rarak proseste istenilen \u00fcr\u00fcn boyutunun elde edilmesini sa\u011flarlar.<\/p>\n<\/div>\n<div class=\"col-md-12 pt-4 ql-editor\">\n<h3>\u00dcr\u00fcn \u00d6zellikleri<\/h3>\n<ul>\n<li>Y\u00fcksek Eleme Kapasitesi.<\/li>\n<li>C\u0131vata ba\u011flant\u0131l\u0131 yap\u0131dad\u0131r, bak\u0131m\u0131 ve demontaj\u0131 kolayd\u0131r.<\/li>\n<li>Eleme an\u0131nda m\u00fcdahale edilebilir bak\u0131m g\u00f6vde kapaklar\u0131na sahiptir.<\/li>\n<li>\u0130stenilen \u00f6l\u00e7\u00fclerde eleme imkan\u0131 yapar.<\/li>\n<li>Kompakt yap\u0131s\u0131 sayesinde kolay montaj edilebilirler.<\/li>\n<li>\u00a0 Kullan\u0131lan vibro motorlar istenilen titre\u015fime g\u00f6re ayar imkan\u0131na sahiptir.<\/li>\n<li>\u00a0 Giren \u00fcr\u00fcn istenilen boyuta g\u00f6re s\u0131n\u0131fland\u0131r\u0131l\u0131r.<\/li>\n<\/ul>\n<\/div>\n<div class=\"col-md-12 pt-4 ql-editor\">\n<h3>Opsiyonlar<\/h3>\n<ul>\n<li>Tek ve ya \u00e7ift katl\u0131 olabilmesi<\/li>\n<li>Ais-304<\/li>\n<li>Ais-316<\/li>\n<li>St37-Statik F\u0131r\u0131n Boyal\u0131<\/li>\n<li>Elek \u00d6l\u00e7\u00fcler En:620mm x\u00a0 Uzunluk: 1900mm<\/li>\n<\/ul>\n<\/div>\n<div class=\"col-md-12 pt-4 ql-editor\">\n<h3>Yedek Par\u00e7alar<\/h3>\n<ul>\n<li>Vibromotor<\/li>\n<li>Bak\u0131m Kapaklar\u0131<\/li>\n<li>Yaylar<\/li>\n<\/ul>\n<\/div>\n<div class=\"col-md-12 pt-4 ql-editor\">\n<h3>Tercih Sebepleri<\/h3>\n<ul>\n<li>H\u0131zl\u0131 eleme<\/li>\n<li>Minimum zaman kayb\u0131<\/li>\n<li>G\u00fc\u00e7l\u00fc \u00e7elik \u015fase<\/li>\n<li>Kolay bak\u0131m ve kullan\u0131m<\/li>\n<li>Kolay elek de\u011fi\u015fimi<\/li>\n<li>D\u00fc\u015f\u00fck bak\u0131m maliyeti<\/li>\n<\/ul>\n<\/div>\n<div class=\"col-md-12 pt-4 ql-editor\">\n<h3>\u00c7al\u0131\u015fma Emniyeti<\/h3>\n<ul>\n<li>Al\u00e7ak gerilim direktifi 2014\/35\/EU<\/li>\n<li>Makine direktifi 2006\/42\/EC<\/li>\n<li>Elektromanyetik uygunluk direkti 2014\/30\/AB<\/li>\n<\/ul>\n<\/div>\n","protected":false},"featured_media":12623,"template":"","meta":{"_joinchat":[]},"product_brand":[],"product_cat":[1062,15],"product_tag":[224,231,246,225,354,232,229,227,243,228,340,965,967,966,217],"class_list":{"0":"post-12643","1":"product","2":"type-product","3":"status-publish","4":"has-post-thumbnail","6":"product_cat-eleme-makinalari","7":"product_cat-urunler","8":"product_tag-arpa","9":"product_tag-bakliyat","10":"product_tag-bakliyat-temizleme","11":"product_tag-bugday","12":"product_tag-cop-sasoru","13":"product_tag-hububat","14":"product_tag-keten-tohumu","15":"product_tag-kinoa","16":"product_tag-misir","17":"product_tag-pirinc","18":"product_tag-sarsak-elek","19":"product_tag-sasor-vibro-elek","20":"product_tag-titresimli-eleme-makinesi","21":"product_tag-tohum-plastik","22":"product_tag-vibro-cop-sasoru","24":"first","25":"instock","26":"shipping-taxable","27":"product-type-simple"},"aioseo_notices":[],"_links":{"self":[{"href":"https:\/\/srdmakine.com\/ar\/wp-json\/wp\/v2\/product\/12643","targetHints":{"allow":["GET"]}}],"collection":[{"href":"https:\/\/srdmakine.com\/ar\/wp-json\/wp\/v2\/product"}],"about":[{"href":"https:\/\/srdmakine.com\/ar\/wp-json\/wp\/v2\/types\/product"}],"version-history":[{"count":4,"href":"https:\/\/srdmakine.com\/ar\/wp-json\/wp\/v2\/product\/12643\/revisions"}],"predecessor-version":[{"id":12647,"href":"https:\/\/srdmakine.com\/ar\/wp-json\/wp\/v2\/product\/12643\/revisions\/12647"}],"wp:featuredmedia":[{"embeddable":true,"href":"https:\/\/srdmakine.com\/ar\/wp-json\/wp\/v2\/media\/12623"}],"wp:attachment":[{"href":"https:\/\/srdmakine.com\/ar\/wp-json\/wp\/v2\/media?parent=12643"}],"wp:term":[{"taxonomy":"product_brand","embeddable":true,"href":"https:\/\/srdmakine.com\/ar\/wp-json\/wp\/v2\/product_brand?post=12643"},{"taxonomy":"product_cat","embeddable":true,"href":"https:\/\/srdmakine.com\/ar\/wp-json\/wp\/v2\/product_cat?post=12643"},{"taxonomy":"product_tag","embeddable":true,"href":"https:\/\/srdmakine.com\/ar\/wp-json\/wp\/v2\/product_tag?post=12643"}],"curies":[{"name":"wp","href":"https:\/\/api.w.org\/{rel}","templated":true}]}}