{"id":13558,"date":"2024-03-15T22:56:33","date_gmt":"2024-03-15T19:56:33","guid":{"rendered":"https:\/\/srdmakine.com\/human-resources\/"},"modified":"2026-04-27T19:15:53","modified_gmt":"2026-04-27T16:15:53","slug":"almawarid-albasharia","status":"publish","type":"page","link":"https:\/\/srdmakine.com\/ar\/almawarid-albasharia\/","title":{"rendered":"\u0627\u0644\u0645\u0648\u0627\u0631\u062f \u0627\u0644\u0628\u0634\u0631\u064a\u0629"},"content":{"rendered":"\t\t<div data-elementor-type=\"wp-page\" data-elementor-id=\"13558\" class=\"elementor elementor-13558\" data-elementor-post-type=\"page\">\n\t\t\t\t\t\t<section class=\"elementor-section elementor-top-section elementor-element elementor-element-9b5e38d elementor-section-stretched elementor-section-boxed elementor-section-height-default elementor-section-height-default\" data-id=\"9b5e38d\" data-element_type=\"section\" data-e-type=\"section\" data-settings=\"{&quot;background_background&quot;:&quot;classic&quot;,&quot;stretch_section&quot;:&quot;section-stretched&quot;,&quot;shape_divider_bottom&quot;:&quot;opacity-tilt&quot;}\">\n\t\t\t\t\t\t\t<div class=\"elementor-background-overlay\"><\/div>\n\t\t\t\t\t\t<div class=\"elementor-shape elementor-shape-bottom\" aria-hidden=\"true\" data-negative=\"false\">\n\t\t\t<svg xmlns=\"http:\/\/www.w3.org\/2000\/svg\" viewBox=\"0 0 2600 131.1\" preserveAspectRatio=\"none\">\n\t<path class=\"elementor-shape-fill\" d=\"M0 0L2600 0 2600 69.1 0 0z\"\/>\n\t<path class=\"elementor-shape-fill\" style=\"opacity:0.5\" d=\"M0 0L2600 0 2600 69.1 0 69.1z\"\/>\n\t<path class=\"elementor-shape-fill\" style=\"opacity:0.25\" d=\"M2600 0L0 0 0 130.1 2600 69.1z\"\/>\n<\/svg>\t\t<\/div>\n\t\t\t\t\t<div class=\"elementor-container elementor-column-gap-default\">\n\t\t\t\t\t<div class=\"elementor-column elementor-col-100 elementor-top-column elementor-element elementor-element-0a38e57\" data-id=\"0a38e57\" data-element_type=\"column\" data-e-type=\"column\">\n\t\t\t<div class=\"elementor-widget-wrap elementor-element-populated\">\n\t\t\t\t\t\t<div class=\"elementor-element elementor-element-4842810 elementor-icon-list--layout-inline elementor-list-item-link-full_width elementor-widget elementor-widget-icon-list\" data-id=\"4842810\" data-element_type=\"widget\" data-e-type=\"widget\" data-widget_type=\"icon-list.default\">\n\t\t\t\t\t\t\t<ul class=\"elementor-icon-list-items elementor-inline-items\">\n\t\t\t\t\t\t\t<li class=\"elementor-icon-list-item elementor-inline-item\">\n\t\t\t\t\t\t\t\t\t\t\t<a href=\"https:\/\/srdmakine.com\/ar\">\n\n\t\t\t\t\t\t\t\t\t\t\t\t<span class=\"elementor-icon-list-icon\">\n\t\t\t\t\t\t\t<i aria-hidden=\"true\" class=\"lnr lnr-home\"><\/i>\t\t\t\t\t\t<\/span>\n\t\t\t\t\t\t\t\t\t\t<span class=\"elementor-icon-list-text\">\u0627\u0644\u0635\u0641\u062d\u0629 \u0627\u0644\u0631\u0626\u064a\u0633\u064a\u0629<\/span>\n\t\t\t\t\t\t\t\t\t\t\t<\/a>\n\t\t\t\t\t\t\t\t\t<\/li>\n\t\t\t\t\t\t\t\t<li class=\"elementor-icon-list-item elementor-inline-item\">\n\t\t\t\t\t\t\t\t\t\t\t<span class=\"elementor-icon-list-icon\">\n\t\t\t\t\t\t\t<i aria-hidden=\"true\" class=\"icon icon-chevron-right\"><\/i>\t\t\t\t\t\t<\/span>\n\t\t\t\t\t\t\t\t\t\t<span class=\"elementor-icon-list-text\"><\/span>\n\t\t\t\t\t\t\t\t\t<\/li>\n\t\t\t\t\t\t<\/ul>\n\t\t\t\t\t\t<\/div>\n\t\t\t\t\t<\/div>\n\t\t<\/div>\n\t\t\t\t\t<\/div>\n\t\t<\/section>\n\t\t<div class=\"elementor-element elementor-element-6b434b5 e-flex e-con-boxed e-con e-parent\" data-id=\"6b434b5\" data-element_type=\"container\" data-e-type=\"container\" data-settings=\"{&quot;background_background&quot;:&quot;classic&quot;}\">\n\t\t\t\t\t<div class=\"e-con-inner\">\n\t\t<div class=\"elementor-element elementor-element-aea2e7e e-con-full e-flex e-con e-child\" data-id=\"aea2e7e\" data-element_type=\"container\" data-e-type=\"container\">\n\t\t\t\t<div class=\"elementor-element elementor-element-124a683 elementor-widget elementor-widget-heading\" data-id=\"124a683\" data-element_type=\"widget\" data-e-type=\"widget\" data-widget_type=\"heading.default\">\n\t\t\t\t\t<h2 class=\"elementor-heading-title elementor-size-default\">\u0646\u0645\u0648\u0630\u062c \u0637\u0644\u0628 \u0648\u0638\u064a\u0641\u0629<\/h2>\t\t\t\t<\/div>\n\t\t\t\t<div class=\"elementor-element elementor-element-ee3addd elementor-widget elementor-widget-wpforms\" data-id=\"ee3addd\" data-element_type=\"widget\" data-e-type=\"widget\" data-widget_type=\"wpforms.default\">\n\t\t\t\t<div class=\"elementor-widget-container\">\n\t\t\t\t\t<div class=\"wpforms-container \" id=\"wpforms-15\"><form id=\"wpforms-form-15\" class=\"wpforms-validate wpforms-form\" data-formid=\"15\" method=\"post\" enctype=\"multipart\/form-data\" action=\"\/ar\/wp-json\/wp\/v2\/pages\/13558\" data-token=\"35fe40cab2a70f2c08fe8c59b623ee1a\" data-token-time=\"1777408336\"><noscript class=\"wpforms-error-noscript\">Please enable JavaScript in your browser to complete this form.<\/noscript><div class=\"wpforms-field-container\"><div id=\"wpforms-15-field_0-container\" class=\"wpforms-field wpforms-field-name\" data-field-id=\"0\"><label class=\"wpforms-field-label wpforms-label-hide\" for=\"wpforms-15-field_0\">Ad\u0131n\u0131z <span class=\"wpforms-required-label\">*<\/span><\/label><input type=\"text\" id=\"wpforms-15-field_0\" class=\"wpforms-field-large wpforms-field-required\" name=\"wpforms[fields][0]\" placeholder=\"Ad\u0131n\u0131z\" required><\/div><div id=\"wpforms-15-field_5-container\" class=\"wpforms-field wpforms-field-text\" data-field-id=\"5\"><label class=\"wpforms-field-label wpforms-label-hide\" for=\"wpforms-15-field_5\">Single Line Text<\/label><input type=\"text\" id=\"wpforms-15-field_5\" class=\"wpforms-field-large\" name=\"wpforms[fields][5]\" placeholder=\"Konu\" ><\/div><div id=\"wpforms-15-field_4-container\" class=\"wpforms-field wpforms-field-email\" data-field-id=\"4\"><label class=\"wpforms-field-label wpforms-label-hide\" for=\"wpforms-15-field_4\">Email <span class=\"wpforms-required-label\">*<\/span><\/label><input type=\"email\" id=\"wpforms-15-field_4\" class=\"wpforms-field-large wpforms-field-required\" name=\"wpforms[fields][4]\" placeholder=\"E-posta\" spellcheck=\"false\" required><\/div><div id=\"wpforms-15-field_2-container\" class=\"wpforms-field wpforms-field-textarea\" data-field-id=\"2\"><label class=\"wpforms-field-label wpforms-label-hide\" for=\"wpforms-15-field_2\">Comment or Message <span class=\"wpforms-required-label\">*<\/span><\/label><textarea id=\"wpforms-15-field_2\" class=\"wpforms-field-large wpforms-field-required\" name=\"wpforms[fields][2]\" placeholder=\"Mesaj\u0131n\u0131z\" required><\/textarea><\/div><\/div><!-- .wpforms-field-container --><div class=\"wpforms-field wpforms-field-hp\"><label for=\"wpforms-15-field-hp\" class=\"wpforms-field-label\">Website<\/label><input type=\"text\" name=\"wpforms[hp]\" id=\"wpforms-15-field-hp\" class=\"wpforms-field-medium\"><\/div><div class=\"wpforms-submit-container\" ><input type=\"hidden\" name=\"wpforms[id]\" value=\"15\"><input type=\"hidden\" name=\"page_title\" value=\"\"><input type=\"hidden\" name=\"page_url\" value=\"https:\/\/srdmakine.com\/ar\/wp-json\/wp\/v2\/pages\/13558\"><input type=\"hidden\" name=\"url_referer\" value=\"\"><button type=\"submit\" name=\"wpforms[submit]\" id=\"wpforms-submit-15\" class=\"wpforms-submit\" data-alt-text=\"G\u00f6nderiliyor...\" data-submit-text=\"G\u00f6nder\" aria-live=\"assertive\" value=\"wpforms-submit\">G\u00f6nder<\/button><\/div><\/form><\/div>  <!-- .wpforms-container -->\t\t\t\t<\/div>\n\t\t\t\t<\/div>\n\t\t\t\t<div class=\"elementor-element elementor-element-b0a5f3b elementor-widget elementor-widget-text-editor\" data-id=\"b0a5f3b\" data-element_type=\"widget\" data-e-type=\"widget\" data-widget_type=\"text-editor.default\">\n\t\t\t\t\t\t\t\t\t<p>\u2714 \u0627\u0646\u062e\u0641\u0627\u0636 \u0645\u0639\u062f\u0644 \u062f\u0648\u0631\u0627\u0646 \u0627\u0644\u0645\u0648\u0638\u0641\u064a\u0646\u060c \u0648\u0627\u0644\u0630\u064a \u064a\u064f\u0639\u0631\u064e\u0651\u0641 \u0628\u0623\u0646\u0647 \u0646\u0633\u0628\u0629 \u0627\u0644\u0645\u0648\u0638\u0641\u064a\u0646 \u0627\u0644\u0630\u064a\u0646 \u064a\u063a\u0627\u062f\u0631\u0648\u0646 \u0648\u064a\u0646\u0636\u0645\u0648\u0646 \u0625\u0644\u0649 \u0645\u0648\u0638\u0641\u064a\u0646 \u062c\u062f\u062f<br \/>\u2714 \u0627\u0646\u062e\u0641\u0627\u0636 \u0645\u0639\u062f\u0644 \u0627\u0644\u062a\u063a\u064a\u0628 \u0639\u0646 \u0627\u0644\u0639\u0645\u0644<br \/>\u2714 \u0627\u0646\u062e\u0641\u0627\u0636 \u0627\u0644\u062e\u0633\u0627\u0626\u0631 \u0627\u0644\u0646\u0627\u062c\u0645\u0629 \u0639\u0646 \u062d\u0648\u0627\u062f\u062b \u0627\u0644\u0639\u0645\u0644<br \/>\u2714 \u062a\u062d\u0633\u064a\u0646 \u062c\u0648\u062f\u0629 \u0627\u0644\u0645\u0646\u062a\u062c\/\u0627\u0644\u062e\u062f\u0645\u0629<br \/>\u2714 \u0627\u0646\u062e\u0641\u0627\u0636 \u0646\u0633\u0628\u0629 \u0627\u0644\u0625\u0646\u062a\u0627\u062c \u0627\u0644\u0645\u0639\u064a\u0628<br \/>\u2714 \u062a\u062d\u0642\u064a\u0642 \u0627\u0644\u0645\u0633\u062a\u0648\u0649 \u0627\u0644\u062a\u0634\u063a\u064a\u0644\u064a \u0627\u0644\u0623\u0645\u062b\u0644 \u0648\u0632\u064a\u0627\u062f\u0629 \u0627\u0644\u0643\u0641\u0627\u0621\u0629<br \/>\u2714 \u062a\u062d\u0642\u064a\u0642 \u0623\u0642\u0635\u0649 \u0627\u0633\u062a\u0641\u0627\u062f\u0629 \u0645\u0646 \u0627\u0644\u0627\u0633\u062a\u062b\u0645\u0627\u0631\u0627\u062a<br \/>\u2714 \u062e\u0641\u0636 \u0627\u0644\u062a\u0643\u0627\u0644\u064a\u0641<br \/>\u2714 \u0645\u0633\u0627\u0647\u0645\u0629 \u0625\u064a\u062c\u0627\u0628\u064a\u0629 \u0641\u064a \u0635\u0648\u0631\u0629 \u0627\u0644\u0634\u0631\u0643\u0629<br \/>\u2714 \u0632\u064a\u0627\u062f\u0629 \u062f\u0627\u0641\u0639\u064a\u0629 \u0627\u0644\u0645\u0648\u0638\u0641\u064a\u0646<br \/>\u2714 \u0627\u0644\u0634\u0639\u0648\u0631 \u0627\u0644\u0639\u0627\u0644\u064a \u0628\u0627\u0644\u0627\u0646\u062a\u0645\u0627\u0621 \u0648\u0631\u0636\u0627 \u0627\u0644\u0645\u0648\u0638\u0641\u064a\u0646 \u0645\u0646 \u0628\u064a\u0646 \u0627\u0644\u0641\u0648\u0627\u0626\u062f \u0627\u0644\u062a\u064a \u062a\u064f\u062d\u0642\u0642. \u0648\u0641\u064a \u0647\u0630\u0627 \u0627\u0644\u0635\u062f\u062f\u060c \u062a\u064f\u0634\u0643\u0644 \u0627\u0644\u0645\u0648\u0627\u0631\u062f \u0627\u0644\u0628\u0634\u0631\u064a\u0629 \u062d\u0644\u0642\u0629\u064b \u0645\u062a\u0643\u0627\u0645\u0644\u0629\u064b \u0628\u064a\u0646 \u062c\u0645\u064a\u0639 \u0627\u0644\u0623\u0642\u0633\u0627\u0645\u060c \u0648\u062a\u062d\u062a\u0644 \u0645\u0643\u0627\u0646\u0629\u064b \u0645\u062d\u0648\u0631\u064a\u0629\u064b \u0641\u064a \u0634\u0631\u0643\u062a\u0646\u0627.<\/p>\t\t\t\t\t\t\t\t<\/div>\n\t\t\t\t<\/div>\n\t\t<div class=\"elementor-element elementor-element-798d218 e-con-full e-flex e-con e-child\" data-id=\"798d218\" data-element_type=\"container\" data-e-type=\"container\">\n\t\t\t\t<div class=\"elementor-element elementor-element-e08447e elementor-widget elementor-widget-text-editor\" data-id=\"e08447e\" data-element_type=\"widget\" data-e-type=\"widget\" data-widget_type=\"text-editor.default\">\n\t\t\t\t\t\t\t\t\t<p>\u0645\u0646 \u0623\u0647\u0645 \u0639\u0648\u0627\u0645\u0644 \u0627\u0644\u0646\u062c\u0627\u062d \u0641\u064a \u0642\u0637\u0627\u0639\u0646\u0627 \u0627\u0644\u0627\u0633\u062a\u062b\u0645\u0627\u0631 \u0641\u064a \u0645\u0648\u0627\u0631\u062f\u0646\u0627 \u0627\u0644\u0628\u0634\u0631\u064a\u0629\u060c \u0627\u0644\u062a\u064a \u062a\u064f\u0639\u062f\u0651 \u0623\u062b\u0645\u0646 \u0623\u0635\u0648\u0644 \u0623\u0639\u0645\u0627\u0644\u0646\u0627\u060c \u0648\u0627\u0633\u062a\u062e\u062f\u0627\u0645 \u0647\u0630\u0647 \u0627\u0644\u0645\u0648\u0627\u0631\u062f \u0628\u0623\u0642\u0635\u0649 \u0643\u0641\u0627\u0621\u0629. \u062a\u0634\u0645\u0644 \u0625\u062f\u0627\u0631\u0629 \u0627\u0644\u0645\u0648\u0627\u0631\u062f \u0627\u0644\u0628\u0634\u0631\u064a\u0629 \u062c\u0645\u064a\u0639 \u0627\u0644\u0623\u0646\u0634\u0637\u0629 \u0627\u0644\u062a\u064a \u062a\u064f\u0646\u0641\u0651\u0630 \u0644\u0625\u062f\u0627\u0631\u0629 \u0623\u062b\u0645\u0646 \u0623\u0635\u0648\u0644 \u0627\u0644\u0634\u0631\u0643\u0629 \u0628\u0641\u0639\u0627\u0644\u064a\u0629: \u0645\u0648\u0638\u0641\u064a\u0647\u0627. \u064a\u0647\u062f\u0641 \u0647\u0630\u0627 \u0627\u0644\u0646\u0648\u0639 \u0645\u0646 \u0627\u0644\u0625\u062f\u0627\u0631\u0629 \u0625\u0644\u0649 \u062a\u0639\u0638\u064a\u0645 \u0645\u0633\u0627\u0647\u0645\u0627\u062a \u0627\u0644\u0645\u0648\u0638\u0641\u064a\u0646 \u0641\u064a \u0627\u0644\u0639\u0645\u0644\u060c \u0648\u0636\u0645\u0627\u0646 \u0627\u0646\u062f\u0645\u0627\u062c\u0647\u0645 \u0641\u064a\u0647\u060c \u0648\u0632\u064a\u0627\u062f\u0629 \u0631\u0636\u0627\u0647\u0645. \u0625\u0630\u0627 \u0637\u0628\u0651\u0642\u062a \u0634\u0631\u0643\u062a\u0646\u0627 \u0625\u062f\u0627\u0631\u0629 \u0627\u0644\u0645\u0648\u0627\u0631\u062f \u0627\u0644\u0628\u0634\u0631\u064a\u0629 \u0628\u0641\u0639\u0627\u0644\u064a\u0629:<\/p>\t\t\t\t\t\t\t\t<\/div>\n\t\t\t\t<div class=\"elementor-element elementor-element-b8addde elementor-align-center elementor-widget elementor-widget-lottie\" data-id=\"b8addde\" data-element_type=\"widget\" data-e-type=\"widget\" data-settings=\"{&quot;source_json&quot;:{&quot;url&quot;:&quot;https:\\\/\\\/srdmakine.com\\\/wp-content\\\/uploads\\\/2024\\\/02\\\/Animation-1704293475157-1.json&quot;,&quot;id&quot;:7495,&quot;size&quot;:&quot;&quot;,&quot;alt&quot;:&quot;&quot;,&quot;source&quot;:&quot;library&quot;},&quot;loop&quot;:&quot;yes&quot;,&quot;source&quot;:&quot;media_file&quot;,&quot;caption_source&quot;:&quot;none&quot;,&quot;link_to&quot;:&quot;none&quot;,&quot;trigger&quot;:&quot;arriving_to_viewport&quot;,&quot;viewport&quot;:{&quot;unit&quot;:&quot;%&quot;,&quot;size&quot;:&quot;&quot;,&quot;sizes&quot;:{&quot;start&quot;:0,&quot;end&quot;:100}},&quot;play_speed&quot;:{&quot;unit&quot;:&quot;px&quot;,&quot;size&quot;:1,&quot;sizes&quot;:[]},&quot;start_point&quot;:{&quot;unit&quot;:&quot;%&quot;,&quot;size&quot;:0,&quot;sizes&quot;:[]},&quot;end_point&quot;:{&quot;unit&quot;:&quot;%&quot;,&quot;size&quot;:100,&quot;sizes&quot;:[]},&quot;renderer&quot;:&quot;svg&quot;}\" data-widget_type=\"lottie.default\">\n\t\t\t\t\t<div class=\"e-lottie__container\"><div class=\"e-lottie__animation\"><\/div><\/div>\t\t\t\t<\/div>\n\t\t\t\t<\/div>\n\t\t\t\t\t<\/div>\n\t\t\t\t<\/div>\n\t\t\t\t<\/div>\n\t\t","protected":false},"excerpt":{"rendered":"<p>\u0627\u0644\u0635\u0641\u062d\u0629 \u0627\u0644\u0631\u0626\u064a\u0633\u064a\u0629 \u0646\u0645\u0648\u0630\u062c \u0637\u0644\u0628 \u0648\u0638\u064a\u0641\u0629 Bu formu bitirebilmek i\u00e7in taray\u0131c\u0131n\u0131zda JavaScript&#039;i etkinle\u015ftirin.Ad\u0131n\u0131z *Single Line TextEmail *Comment or Message *Phone G\u00f6nder \u2714 \u0627\u0646\u062e\u0641\u0627\u0636 \u0645\u0639\u062f\u0644 \u062f\u0648\u0631\u0627\u0646 \u0627\u0644\u0645\u0648\u0638\u0641\u064a\u0646\u060c \u0648\u0627\u0644\u0630\u064a \u064a\u064f\u0639\u0631\u064e\u0651\u0641 \u0628\u0623\u0646\u0647 \u0646\u0633\u0628\u0629 \u0627\u0644\u0645\u0648\u0638\u0641\u064a\u0646 \u0627\u0644\u0630\u064a\u0646 \u064a\u063a\u0627\u062f\u0631\u0648\u0646 \u0648\u064a\u0646\u0636\u0645\u0648\u0646 \u0625\u0644\u0649 \u0645\u0648\u0638\u0641\u064a\u0646 \u062c\u062f\u062f\u2714 \u0627\u0646\u062e\u0641\u0627\u0636 \u0645\u0639\u062f\u0644 \u0627\u0644\u062a\u063a\u064a\u0628 \u0639\u0646 \u0627\u0644\u0639\u0645\u0644\u2714 \u0627\u0646\u062e\u0641\u0627\u0636 \u0627\u0644\u062e\u0633\u0627\u0626\u0631 \u0627\u0644\u0646\u0627\u062c\u0645\u0629 \u0639\u0646 \u062d\u0648\u0627\u062f\u062b \u0627\u0644\u0639\u0645\u0644\u2714 \u062a\u062d\u0633\u064a\u0646 \u062c\u0648\u062f\u0629 \u0627\u0644\u0645\u0646\u062a\u062c\/\u0627\u0644\u062e\u062f\u0645\u0629\u2714 \u0627\u0646\u062e\u0641\u0627\u0636 \u0646\u0633\u0628\u0629 \u0627\u0644\u0625\u0646\u062a\u0627\u062c \u0627\u0644\u0645\u0639\u064a\u0628\u2714 \u062a\u062d\u0642\u064a\u0642 [&hellip;]<\/p>\n","protected":false},"author":1,"featured_media":0,"parent":0,"menu_order":0,"comment_status":"closed","ping_status":"closed","template":"","meta":{"_joinchat":[],"footnotes":""},"class_list":["post-13558","page","type-page","status-publish","hentry"],"aioseo_notices":[],"_links":{"self":[{"href":"https:\/\/srdmakine.com\/ar\/wp-json\/wp\/v2\/pages\/13558","targetHints":{"allow":["GET"]}}],"collection":[{"href":"https:\/\/srdmakine.com\/ar\/wp-json\/wp\/v2\/pages"}],"about":[{"href":"https:\/\/srdmakine.com\/ar\/wp-json\/wp\/v2\/types\/page"}],"author":[{"embeddable":true,"href":"https:\/\/srdmakine.com\/ar\/wp-json\/wp\/v2\/users\/1"}],"replies":[{"embeddable":true,"href":"https:\/\/srdmakine.com\/ar\/wp-json\/wp\/v2\/comments?post=13558"}],"version-history":[{"count":4,"href":"https:\/\/srdmakine.com\/ar\/wp-json\/wp\/v2\/pages\/13558\/revisions"}],"predecessor-version":[{"id":13563,"href":"https:\/\/srdmakine.com\/ar\/wp-json\/wp\/v2\/pages\/13558\/revisions\/13563"}],"wp:attachment":[{"href":"https:\/\/srdmakine.com\/ar\/wp-json\/wp\/v2\/media?parent=13558"}],"curies":[{"name":"wp","href":"https:\/\/api.w.org\/{rel}","templated":true}]}}